{"id":197824,"date":"2022-10-20T08:12:49","date_gmt":"2022-10-20T06:12:49","guid":{"rendered":"http:\/\/dev.claret.cat\/producte\/citybloc\/"},"modified":"2023-01-28T13:22:29","modified_gmt":"2023-01-28T12:22:29","slug":"citybloc-9788499742557","status":"publish","type":"product","link":"https:\/\/www.claret.cat\/es\/libro\/citybloc-9788499742557\/","title":{"rendered":"CITYBLOC"},"content":{"rendered":"<p>Explora la vida d&#8221;una gran ciutat d&#8221;una manera divertida i molt original.<br \/> Gr\u00e0cies a aquest llibre aprendr\u00e0s qu\u00e8 es pot visitar, com ens podem moure d&#8221;un lloc a l&#8221;altre i qu\u00e8 es pot menjar. Segur que desitjar\u00e0s tornar a visitar-la!<\/p>\n","protected":false},"excerpt":{"rendered":"<p>VOX<\/p>\n","protected":false},"featured_media":197825,"template":"","meta":{"_acf_changed":false,"om_disable_all_campaigns":false,"rs_blank_template":"","rs_page_bg_color":"","slide_template_v7":"","inline_featured_image":false,"_monsterinsights_skip_tracking":false,"_monsterinsights_sitenote_active":false,"_monsterinsights_sitenote_note":"","_monsterinsights_sitenote_category":0},"product_brand":[],"product_cat":[86],"product_tag":[],"class_list":{"0":"post-197824","1":"product","2":"type-product","3":"status-publish","4":"has-post-thumbnail","6":"product_cat-infantil","8":"first","9":"instock","10":"taxable","11":"shipping-taxable","12":"purchasable","13":"product-type-simple"},"acf":{"autor":"VOX","codart":"849974255","libros-coleccion":"SUSHI BOOKS","ediciones":"1","encuadernacion":"Carton\u00e9","fecha_de_publicacion":"01\/11\/2017","novedad":"1","paginas":"40","subtitulo":"","orden":"0","portada":"0","idioma":"car","editorial":[{"ID":6393,"post_author":"3","post_date":"2022-07-28 17:51:11","post_date_gmt":"2022-07-28 15:51:11","post_content":"","post_title":"VOX","post_excerpt":"","post_status":"publish","comment_status":"closed","ping_status":"closed","post_password":"","post_name":"vox","to_ping":"","pinged":"","post_modified":"2022-07-28 17:51:11","post_modified_gmt":"2022-07-28 15:51:11","post_content_filtered":"","post_parent":0,"guid":"http:\/\/dev.claret.cat\/editorial\/vox\/","menu_order":0,"post_type":"editorial","post_mime_type":"","comment_count":"0","filter":"raw"}],"autores-libros":[{"ID":171198,"post_author":"3","post_date":"2022-10-14 22:41:28","post_date_gmt":"2022-10-14 20:41:28","post_content":"","post_title":"VOX","post_excerpt":"","post_status":"publish","comment_status":"closed","ping_status":"closed","post_password":"","post_name":"vox","to_ping":"","pinged":"","post_modified":"2022-10-14 22:41:28","post_modified_gmt":"2022-10-14 20:41:28","post_content_filtered":"","post_parent":0,"guid":"http:\/\/dev.claret.cat\/autor\/vox\/","menu_order":0,"post_type":"autor","post_mime_type":"","comment_count":"0","filter":"raw"}]},"aioseo_notices":[],"_links":{"self":[{"href":"https:\/\/www.claret.cat\/es\/wp-json\/wp\/v2\/product\/197824","targetHints":{"allow":["GET"]}}],"collection":[{"href":"https:\/\/www.claret.cat\/es\/wp-json\/wp\/v2\/product"}],"about":[{"href":"https:\/\/www.claret.cat\/es\/wp-json\/wp\/v2\/types\/product"}],"wp:featuredmedia":[{"embeddable":true,"href":"https:\/\/www.claret.cat\/es\/wp-json\/wp\/v2\/media\/197825"}],"wp:attachment":[{"href":"https:\/\/www.claret.cat\/es\/wp-json\/wp\/v2\/media?parent=197824"}],"wp:term":[{"taxonomy":"product_brand","embeddable":true,"href":"https:\/\/www.claret.cat\/es\/wp-json\/wp\/v2\/product_brand?post=197824"},{"taxonomy":"product_cat","embeddable":true,"href":"https:\/\/www.claret.cat\/es\/wp-json\/wp\/v2\/product_cat?post=197824"},{"taxonomy":"product_tag","embeddable":true,"href":"https:\/\/www.claret.cat\/es\/wp-json\/wp\/v2\/product_tag?post=197824"}],"curies":[{"name":"wp","href":"https:\/\/api.w.org\/{rel}","templated":true}]}}