{"id":197833,"date":"2022-10-20T08:12:59","date_gmt":"2022-10-20T06:12:59","guid":{"rendered":"http:\/\/dev.claret.cat\/producte\/acerca-del-alma\/"},"modified":"2023-01-28T05:09:34","modified_gmt":"2023-01-28T04:09:34","slug":"acerca-del-alma-9789873761287","status":"publish","type":"product","link":"https:\/\/www.claret.cat\/es\/libro\/acerca-del-alma-9789873761287\/","title":{"rendered":"ACERCA DEL ALMA"},"content":{"rendered":"<p>En Acerca del alma, a partir de siete cartas escritas a una amiga (a la que nunca menciona por el nombre), Cheng nos invita a un camino de reflexi\u00f3n sobre nuestra vida a trav\u00e9s del significado del alma, de su sentido en la intimidad del ser humano consigo mismo.<br \/>En un lenguaje claro responde a la inquietud de su interlocutora: \u201cTarde en la vida descubro que tengo un alma. No ignoraba su existencia pero no sent\u00eda su realidad. Agregu\u00e9mosle el hecho de que alrededor m\u00edo, nadie pronuncia esa palabra\u2026\u201d. Desde este punto de partida el texto realiza las m\u00e1s sutiles reflexiones en torno al alma, el esp\u00edritu, la vida psicol\u00f3gica y la presencia del cosmos, con distinciones en las que la m\u00e1s fina erudici\u00f3n y el conocimiento tradicional chino se despliegan en un texto cautivante.<\/p>\n","protected":false},"excerpt":{"rendered":"<p>CHENG,FRAN\u00c7OIS<\/p>\n","protected":false},"featured_media":197834,"template":"","meta":{"_acf_changed":false,"om_disable_all_campaigns":false,"rs_blank_template":"","rs_page_bg_color":"","slide_template_v7":"","inline_featured_image":false,"_monsterinsights_skip_tracking":false,"_monsterinsights_sitenote_active":false,"_monsterinsights_sitenote_note":"","_monsterinsights_sitenote_category":0},"product_brand":[],"product_cat":[79,94],"product_tag":[],"class_list":{"0":"post-197833","1":"product","2":"type-product","3":"status-publish","4":"has-post-thumbnail","6":"product_cat-espiritualitat","7":"product_cat-religions","9":"first","10":"instock","11":"taxable","12":"shipping-taxable","13":"purchasable","14":"product-type-simple"},"acf":{"autor":"CHENG,FRAN\u00c7OIS","codart":"987376128","libros-coleccion":"SUSHI BOOKS","ediciones":"1","encuadernacion":"Carpeta","fecha_de_publicacion":"01\/11\/2017","novedad":"1","paginas":"0","subtitulo":"","orden":"0","portada":"0","idioma":"spa","editorial":[{"ID":148073,"post_author":"3","post_date":"2022-10-14 11:55:25","post_date_gmt":"2022-10-14 09:55:25","post_content":"","post_title":"El Hilo de Ariadna - Malba - Fundaci\u00f3n C","post_excerpt":"","post_status":"publish","comment_status":"closed","ping_status":"closed","post_password":"","post_name":"el-hilo-de-ariadna-malba-fundacion-c","to_ping":"","pinged":"","post_modified":"2022-10-14 11:55:25","post_modified_gmt":"2022-10-14 09:55:25","post_content_filtered":"","post_parent":0,"guid":"http:\/\/dev.claret.cat\/editorial\/el-hilo-de-ariadna-malba-fundacion-c\/","menu_order":0,"post_type":"editorial","post_mime_type":"","comment_count":"0","filter":"raw"}]},"aioseo_notices":[],"_links":{"self":[{"href":"https:\/\/www.claret.cat\/es\/wp-json\/wp\/v2\/product\/197833","targetHints":{"allow":["GET"]}}],"collection":[{"href":"https:\/\/www.claret.cat\/es\/wp-json\/wp\/v2\/product"}],"about":[{"href":"https:\/\/www.claret.cat\/es\/wp-json\/wp\/v2\/types\/product"}],"wp:featuredmedia":[{"embeddable":true,"href":"https:\/\/www.claret.cat\/es\/wp-json\/wp\/v2\/media\/197834"}],"wp:attachment":[{"href":"https:\/\/www.claret.cat\/es\/wp-json\/wp\/v2\/media?parent=197833"}],"wp:term":[{"taxonomy":"product_brand","embeddable":true,"href":"https:\/\/www.claret.cat\/es\/wp-json\/wp\/v2\/product_brand?post=197833"},{"taxonomy":"product_cat","embeddable":true,"href":"https:\/\/www.claret.cat\/es\/wp-json\/wp\/v2\/product_cat?post=197833"},{"taxonomy":"product_tag","embeddable":true,"href":"https:\/\/www.claret.cat\/es\/wp-json\/wp\/v2\/product_tag?post=197833"}],"curies":[{"name":"wp","href":"https:\/\/api.w.org\/{rel}","templated":true}]}}