{"id":197839,"date":"2022-10-20T08:13:05","date_gmt":"2022-10-20T06:13:05","guid":{"rendered":"http:\/\/dev.claret.cat\/producte\/la-esperanza-no-defrauda-rom-55\/"},"modified":"2024-05-23T19:40:19","modified_gmt":"2024-05-23T17:40:19","slug":"la-esperanza-no-defrauda-rom-55-9788471418944","status":"publish","type":"product","link":"https:\/\/www.claret.cat\/es\/libro\/la-esperanza-no-defrauda-rom-55-9788471418944\/","title":{"rendered":"LA ESPERANZA NO DEFRAUDA (Rom 5,5)"},"content":{"rendered":"<p>Los sacerdotes en la actualidad, en el encuentro constante con Jesucristo, precisamos fortalecer la esperanza y ser consolados por Dios para poder sostener en la fe al pr\u00f3jimo. &#8216;\u00c9l nos alienta en nuestras luchas hasta el punto de poder nosotros alentar a los dem\u00e1s en cualquier lucha, repartiendo con ellos el \u00e1nimo que nosotros percibimos en Dios&#8217; (2 Cor 1, 3-4).<br \/>La virtud sobrenatural de la esperanza, anclada en la experiencia cercana de Jes\u00fas vivo, ha de sostener diariamente la vida de los disc\u00edpulos del Se\u00f1or y, por ello, la vida apost\u00f3lica y la espiritualidad sacerdotal.<\/p>\n","protected":false},"excerpt":{"rendered":"<p>SEBASTI\u00c1N AGUILAR, CARD. FERNANDO <\/p>\n","protected":false},"featured_media":350294,"template":"","meta":{"_acf_changed":false,"om_disable_all_campaigns":false,"rs_blank_template":"","rs_page_bg_color":"","slide_template_v7":"","inline_featured_image":false,"_monsterinsights_skip_tracking":false,"_monsterinsights_sitenote_active":false,"_monsterinsights_sitenote_note":"","_monsterinsights_sitenote_category":0},"product_brand":[],"product_cat":[543,93,345,79],"product_tag":[],"class_list":{"0":"post-197839","1":"product","2":"type-product","3":"status-publish","4":"has-post-thumbnail","6":"product_cat-eclesiologia-es","7":"product_cat-eclesiologia","8":"product_cat-espiritualidad","9":"product_cat-espiritualitat","11":"first","12":"instock","13":"taxable","14":"shipping-taxable","15":"purchasable","16":"product-type-simple"},"acf":{"autor":"SEBASTI\u00c1N AGUILAR, CARD. FERNANDO ","codart":"847141894","libros-coleccion":"","ediciones":"1","encuadernacion":"R\u00fastica","fecha_de_publicacion":"31\/10\/2017","novedad":"1","paginas":"248","subtitulo":"RETIROS ESPIRITUALES PARA SACERDOTES 2017- 2018","orden":"0","portada":"0","idioma":"spa","editorial":[{"ID":6194,"post_author":"3","post_date":"2022-07-28 17:46:55","post_date_gmt":"2022-07-28 15:46:55","post_content":"","post_title":"EDICE - Conf. Episc.","post_excerpt":"","post_status":"publish","comment_status":"closed","ping_status":"closed","post_password":"","post_name":"edice-conf-episc","to_ping":"","pinged":"","post_modified":"2022-07-28 17:46:55","post_modified_gmt":"2022-07-28 15:46:55","post_content_filtered":"","post_parent":0,"guid":"http:\/\/dev.claret.cat\/editorial\/edice-conf-episc\/","menu_order":0,"post_type":"editorial","post_mime_type":"","comment_count":"0","filter":"raw"}],"autores-libros":[{"ID":152072,"post_author":"3","post_date":"2022-10-14 14:45:53","post_date_gmt":"2022-10-14 12:45:53","post_content":"","post_title":"CARD. FERNANDO  SEBASTI\u00c1N AGUILAR","post_excerpt":"","post_status":"publish","comment_status":"closed","ping_status":"closed","post_password":"","post_name":"card-fernando-sebastian-aguilar","to_ping":"","pinged":"","post_modified":"2022-10-14 14:45:53","post_modified_gmt":"2022-10-14 12:45:53","post_content_filtered":"","post_parent":0,"guid":"http:\/\/dev.claret.cat\/autor\/card-fernando-sebastian-aguilar\/","menu_order":0,"post_type":"autor","post_mime_type":"","comment_count":"0","filter":"raw"}]},"aioseo_notices":[],"_links":{"self":[{"href":"https:\/\/www.claret.cat\/es\/wp-json\/wp\/v2\/product\/197839","targetHints":{"allow":["GET"]}}],"collection":[{"href":"https:\/\/www.claret.cat\/es\/wp-json\/wp\/v2\/product"}],"about":[{"href":"https:\/\/www.claret.cat\/es\/wp-json\/wp\/v2\/types\/product"}],"wp:featuredmedia":[{"embeddable":true,"href":"https:\/\/www.claret.cat\/es\/wp-json\/wp\/v2\/media\/350294"}],"wp:attachment":[{"href":"https:\/\/www.claret.cat\/es\/wp-json\/wp\/v2\/media?parent=197839"}],"wp:term":[{"taxonomy":"product_brand","embeddable":true,"href":"https:\/\/www.claret.cat\/es\/wp-json\/wp\/v2\/product_brand?post=197839"},{"taxonomy":"product_cat","embeddable":true,"href":"https:\/\/www.claret.cat\/es\/wp-json\/wp\/v2\/product_cat?post=197839"},{"taxonomy":"product_tag","embeddable":true,"href":"https:\/\/www.claret.cat\/es\/wp-json\/wp\/v2\/product_tag?post=197839"}],"curies":[{"name":"wp","href":"https:\/\/api.w.org\/{rel}","templated":true}]}}