{"id":197893,"date":"2022-10-20T08:14:01","date_gmt":"2022-10-20T06:14:01","guid":{"rendered":"http:\/\/dev.claret.cat\/producte\/poemas-2\/"},"modified":"2026-01-28T11:28:51","modified_gmt":"2026-01-28T10:28:51","slug":"poemas-9788425439803","status":"publish","type":"product","link":"https:\/\/www.claret.cat\/es\/libro\/poemas-9788425439803\/","title":{"rendered":"POEMAS"},"content":{"rendered":"<p>Hannah Arendt es reconocida como una de las pensadoras  m\u00e1s importantes del siglo XX. Sin embargo, muy pocos  saben que durante d\u00e9cadas escribi\u00f3 poes\u00eda.  Los poemas de Hannah Arendt son una expresi\u00f3n del  sufrimiento causado por la p\u00e9rdida: ya sea la p\u00e9r<\/p>\n","protected":false},"excerpt":{"rendered":"<p>ARENDT, HANNAH<\/p>\n","protected":false},"featured_media":331549,"template":"","meta":{"_acf_changed":false,"om_disable_all_campaigns":false,"rs_blank_template":"","rs_page_bg_color":"","slide_template_v7":"","inline_featured_image":false,"_monsterinsights_skip_tracking":false,"_monsterinsights_sitenote_active":false,"_monsterinsights_sitenote_note":"","_monsterinsights_sitenote_category":0},"product_brand":[],"product_cat":[83,349,353,87],"product_tag":[],"class_list":{"0":"post-197893","1":"product","2":"type-product","3":"status-publish","4":"has-post-thumbnail","6":"product_cat-filosofia","7":"product_cat-filosofia-2_humanidades","8":"product_cat-literatura-2_humanidades","9":"product_cat-literatura","11":"first","12":"instock","13":"taxable","14":"shipping-taxable","15":"purchasable","16":"product-type-simple"},"acf":{"autor":"ARENDT, HANNAH","codart":"842543980","libros-coleccion":"","ediciones":"1","encuadernacion":"R\u00fastica","fecha_de_publicacion":"27\/10\/2017","novedad":"1","paginas":"176","subtitulo":"","orden":"0","portada":"0","idioma":"spa","editorial":[{"ID":6266,"post_author":"3","post_date":"2022-07-28 17:48:31","post_date_gmt":"2022-07-28 15:48:31","post_content":"","post_title":"HERDER","post_excerpt":"","post_status":"publish","comment_status":"closed","ping_status":"closed","post_password":"","post_name":"herder","to_ping":"","pinged":"","post_modified":"2022-07-28 17:48:31","post_modified_gmt":"2022-07-28 15:48:31","post_content_filtered":"","post_parent":0,"guid":"http:\/\/dev.claret.cat\/editorial\/herder\/","menu_order":0,"post_type":"editorial","post_mime_type":"","comment_count":"0","filter":"raw"}],"autores-libros":[{"ID":157338,"post_author":"3","post_date":"2022-10-14 15:28:02","post_date_gmt":"2022-10-14 13:28:02","post_content":"","post_title":"HANNAH ARENDT","post_excerpt":"","post_status":"publish","comment_status":"closed","ping_status":"closed","post_password":"","post_name":"hannah-arendt","to_ping":"","pinged":"","post_modified":"2022-10-14 15:28:02","post_modified_gmt":"2022-10-14 13:28:02","post_content_filtered":"","post_parent":0,"guid":"http:\/\/dev.claret.cat\/autor\/hannah-arendt\/","menu_order":0,"post_type":"autor","post_mime_type":"","comment_count":"0","filter":"raw"}],"booktrailer":"","resenas":""},"aioseo_notices":[],"_links":{"self":[{"href":"https:\/\/www.claret.cat\/es\/wp-json\/wp\/v2\/product\/197893","targetHints":{"allow":["GET"]}}],"collection":[{"href":"https:\/\/www.claret.cat\/es\/wp-json\/wp\/v2\/product"}],"about":[{"href":"https:\/\/www.claret.cat\/es\/wp-json\/wp\/v2\/types\/product"}],"wp:featuredmedia":[{"embeddable":true,"href":"https:\/\/www.claret.cat\/es\/wp-json\/wp\/v2\/media\/331549"}],"wp:attachment":[{"href":"https:\/\/www.claret.cat\/es\/wp-json\/wp\/v2\/media?parent=197893"}],"wp:term":[{"taxonomy":"product_brand","embeddable":true,"href":"https:\/\/www.claret.cat\/es\/wp-json\/wp\/v2\/product_brand?post=197893"},{"taxonomy":"product_cat","embeddable":true,"href":"https:\/\/www.claret.cat\/es\/wp-json\/wp\/v2\/product_cat?post=197893"},{"taxonomy":"product_tag","embeddable":true,"href":"https:\/\/www.claret.cat\/es\/wp-json\/wp\/v2\/product_tag?post=197893"}],"curies":[{"name":"wp","href":"https:\/\/api.w.org\/{rel}","templated":true}]}}