{"id":197956,"date":"2022-10-20T08:15:04","date_gmt":"2022-10-20T06:15:04","guid":{"rendered":"http:\/\/dev.claret.cat\/producte\/sin-mordazas\/"},"modified":"2025-09-02T10:45:38","modified_gmt":"2025-09-02T08:45:38","slug":"sin-mordazas-9788432148682","status":"publish","type":"product","link":"https:\/\/www.claret.cat\/es\/libro\/sin-mordazas-9788432148682\/","title":{"rendered":"SIN MORDAZAS"},"content":{"rendered":"<p>Este libro recopila algunos de los art\u00edculos m\u00e1s importantes de Dorothy Day, conocida periodista y activista estadounidense. En ellos reflexiona acerca de su vida como madre soltera, su estancia en prisi\u00f3n por desobediencia civil, sus luchas por mantener a flote su Movimiento de Trabajadores Cat\u00f3licos, y sus deplazamientos en autobuses repletos para poder informar, desde primera l\u00ednea, sobre conflictos laborales, desigualdad racial y pobreza. Sin mordazas ayuda a comprender la humanidad y tes\u00f3n de esta infatigable defensora de la libertad, y acerca al lector a su vibrante espiritualidad, aut\u00e9ntico fundamento de su fortaleza.<\/p>\n","protected":false},"excerpt":{"rendered":"<p>DAY, DOROTHY<\/p>\n","protected":false},"featured_media":343907,"template":"","meta":{"_acf_changed":false,"om_disable_all_campaigns":false,"rs_blank_template":"","rs_page_bg_color":"","slide_template_v7":"","inline_featured_image":false,"_monsterinsights_skip_tracking":false,"_monsterinsights_sitenote_active":false,"_monsterinsights_sitenote_note":"","_monsterinsights_sitenote_category":0},"product_brand":[],"product_cat":[549,99,345,79],"product_tag":[],"class_list":{"0":"post-197956","1":"product","2":"type-product","3":"status-publish","4":"has-post-thumbnail","6":"product_cat-biografias","7":"product_cat-biografies","8":"product_cat-espiritualidad","9":"product_cat-espiritualitat","11":"first","12":"instock","13":"taxable","14":"shipping-taxable","15":"purchasable","16":"product-type-simple"},"acf":{"autor":"DAY, DOROTHY","codart":"843214868","libros-coleccion":"Biograf\u00edas y Testimonios","ediciones":"1","encuadernacion":"R\u00fastica","fecha_de_publicacion":"26\/10\/2017","novedad":"1","paginas":"174","subtitulo":"","orden":"0","portada":"0","idioma":"spa","editorial":[{"ID":6348,"post_author":"3","post_date":"2022-07-28 17:50:16","post_date_gmt":"2022-07-28 15:50:16","post_content":"","post_title":"Rialp","post_excerpt":"","post_status":"publish","comment_status":"closed","ping_status":"closed","post_password":"","post_name":"rialp","to_ping":"","pinged":"","post_modified":"2022-07-28 17:50:16","post_modified_gmt":"2022-07-28 15:50:16","post_content_filtered":"","post_parent":0,"guid":"http:\/\/dev.claret.cat\/editorial\/rialp\/","menu_order":0,"post_type":"editorial","post_mime_type":"","comment_count":"0","filter":"raw"}],"autores-libros":[{"ID":289952,"post_author":"3","post_date":"2022-12-10 12:41:14","post_date_gmt":"2022-12-10 11:41:14","post_content":"","post_title":"DOROTHY DAY","post_excerpt":"","post_status":"publish","comment_status":"closed","ping_status":"closed","post_password":"","post_name":"dorothy-day","to_ping":"","pinged":"","post_modified":"2022-12-10 12:41:14","post_modified_gmt":"2022-12-10 11:41:14","post_content_filtered":"","post_parent":0,"guid":"http:\/\/dev.claret.cat\/autor\/dorothy-day\/","menu_order":0,"post_type":"autor","post_mime_type":"","comment_count":"0","filter":"raw"}],"booktrailer":"","resenas":""},"aioseo_notices":[],"_links":{"self":[{"href":"https:\/\/www.claret.cat\/es\/wp-json\/wp\/v2\/product\/197956","targetHints":{"allow":["GET"]}}],"collection":[{"href":"https:\/\/www.claret.cat\/es\/wp-json\/wp\/v2\/product"}],"about":[{"href":"https:\/\/www.claret.cat\/es\/wp-json\/wp\/v2\/types\/product"}],"wp:featuredmedia":[{"embeddable":true,"href":"https:\/\/www.claret.cat\/es\/wp-json\/wp\/v2\/media\/343907"}],"wp:attachment":[{"href":"https:\/\/www.claret.cat\/es\/wp-json\/wp\/v2\/media?parent=197956"}],"wp:term":[{"taxonomy":"product_brand","embeddable":true,"href":"https:\/\/www.claret.cat\/es\/wp-json\/wp\/v2\/product_brand?post=197956"},{"taxonomy":"product_cat","embeddable":true,"href":"https:\/\/www.claret.cat\/es\/wp-json\/wp\/v2\/product_cat?post=197956"},{"taxonomy":"product_tag","embeddable":true,"href":"https:\/\/www.claret.cat\/es\/wp-json\/wp\/v2\/product_tag?post=197956"}],"curies":[{"name":"wp","href":"https:\/\/api.w.org\/{rel}","templated":true}]}}