{"id":197980,"date":"2022-10-20T08:15:29","date_gmt":"2022-10-20T06:15:29","guid":{"rendered":"http:\/\/dev.claret.cat\/producte\/morir-para-renacer\/"},"modified":"2024-05-02T08:49:21","modified_gmt":"2024-05-02T06:49:21","slug":"morir-para-renacer-9788428553834","status":"publish","type":"product","link":"https:\/\/www.claret.cat\/es\/libro\/morir-para-renacer-9788428553834\/","title":{"rendered":"MORIR PARA RENACER"},"content":{"rendered":"<p>Esta obra defiende dos ideas principales: que lo mejor del catolicismo no est\u00e1 en el pasado, sino que podr\u00eda estar en el futuro, y que, si cabe hablar de edad de oro del cristianismo, est\u00e1 delante nuestro y no detr\u00e1s. Lo que demanda otra Iglesia: sinodal, superando el clericalismo, liber\u00e1ndose de la era de la cristiandad y, al fin, habilitando totalmente a la mujer en su seno. La segunda, para significar que, en la era global, plural y crecientemente desigual en la que vivimos, necesitamos superar la fractura binaria entre creyentes y no creyentes, de tal forma que todos los que, con buena voluntad, tengan inquietud por un mundo mejor puedan trabajar, de la mano en ello, y desde sus propias creencias personales.<\/p>\n","protected":false},"excerpt":{"rendered":"<p>ELZO, JAVIER<\/p>\n","protected":false},"featured_media":335679,"template":"","meta":{"_acf_changed":false,"om_disable_all_campaigns":false,"rs_blank_template":"","rs_page_bg_color":"","slide_template_v7":"","inline_featured_image":false,"_monsterinsights_skip_tracking":false,"_monsterinsights_sitenote_active":false,"_monsterinsights_sitenote_note":"","_monsterinsights_sitenote_category":0},"product_brand":[],"product_cat":[543,93,345,79],"product_tag":[],"class_list":{"0":"post-197980","1":"product","2":"type-product","3":"status-publish","4":"has-post-thumbnail","6":"product_cat-eclesiologia-es","7":"product_cat-eclesiologia","8":"product_cat-espiritualidad","9":"product_cat-espiritualitat","11":"first","12":"instock","13":"taxable","14":"shipping-taxable","15":"purchasable","16":"product-type-simple"},"acf":{"autor":"ELZO, JAVIER","codart":"842855383","libros-coleccion":"","ediciones":"1","encuadernacion":"R\u00fastica","fecha_de_publicacion":"24\/10\/2017","novedad":"1","paginas":"312","subtitulo":"OTRA IGLESIA POSIBLE EN LA ERA GLOBAL Y PLURAL","orden":"0","portada":"0","idioma":"spa","editorial":[{"ID":6356,"post_author":"3","post_date":"2022-07-28 17:50:26","post_date_gmt":"2022-07-28 15:50:26","post_content":"","post_title":"SAN PABLO COMUNICACI\u00d3N","post_excerpt":"","post_status":"publish","comment_status":"closed","ping_status":"closed","post_password":"","post_name":"san-pablo-comunicacion","to_ping":"","pinged":"","post_modified":"2022-07-28 17:50:26","post_modified_gmt":"2022-07-28 15:50:26","post_content_filtered":"","post_parent":0,"guid":"http:\/\/dev.claret.cat\/editorial\/san-pablo-comunicacion\/","menu_order":0,"post_type":"editorial","post_mime_type":"","comment_count":"0","filter":"raw"}],"autores-libros":[{"ID":8349,"post_author":"3","post_date":"2022-09-30 09:47:54","post_date_gmt":"2022-09-30 07:47:54","post_content":"","post_title":"JAVIER ELZO","post_excerpt":"","post_status":"publish","comment_status":"closed","ping_status":"closed","post_password":"","post_name":"javier-elzo","to_ping":"","pinged":"","post_modified":"2022-09-30 09:47:54","post_modified_gmt":"2022-09-30 07:47:54","post_content_filtered":"","post_parent":0,"guid":"http:\/\/dev.claret.cat\/autor\/javier-elzo\/","menu_order":0,"post_type":"autor","post_mime_type":"","comment_count":"0","filter":"raw"}]},"aioseo_notices":[],"_links":{"self":[{"href":"https:\/\/www.claret.cat\/es\/wp-json\/wp\/v2\/product\/197980","targetHints":{"allow":["GET"]}}],"collection":[{"href":"https:\/\/www.claret.cat\/es\/wp-json\/wp\/v2\/product"}],"about":[{"href":"https:\/\/www.claret.cat\/es\/wp-json\/wp\/v2\/types\/product"}],"wp:featuredmedia":[{"embeddable":true,"href":"https:\/\/www.claret.cat\/es\/wp-json\/wp\/v2\/media\/335679"}],"wp:attachment":[{"href":"https:\/\/www.claret.cat\/es\/wp-json\/wp\/v2\/media?parent=197980"}],"wp:term":[{"taxonomy":"product_brand","embeddable":true,"href":"https:\/\/www.claret.cat\/es\/wp-json\/wp\/v2\/product_brand?post=197980"},{"taxonomy":"product_cat","embeddable":true,"href":"https:\/\/www.claret.cat\/es\/wp-json\/wp\/v2\/product_cat?post=197980"},{"taxonomy":"product_tag","embeddable":true,"href":"https:\/\/www.claret.cat\/es\/wp-json\/wp\/v2\/product_tag?post=197980"}],"curies":[{"name":"wp","href":"https:\/\/api.w.org\/{rel}","templated":true}]}}