{"id":198022,"date":"2022-10-20T08:16:11","date_gmt":"2022-10-20T06:16:11","guid":{"rendered":"http:\/\/dev.claret.cat\/producte\/asombro-y-empatia\/"},"modified":"2024-05-22T23:18:58","modified_gmt":"2024-05-22T21:18:58","slug":"asombro-y-empatia-9788497153843","status":"publish","type":"product","link":"https:\/\/www.claret.cat\/es\/libro\/asombro-y-empatia-9788497153843\/","title":{"rendered":"ASOMBRO Y EMPAT\u00cdA"},"content":{"rendered":"<p>\u00bfEstaremos a la altura de una evangelizaci\u00f3n que verdaderamente sea nueva en su ardor, en sus m\u00e9todos y en sus expresiones, como deseaba san Juan Pablo II?, \u00bfde una catequesis renovada, m\u00e1s esencial, m\u00e1s mistag\u00f3gica y m\u00e1s inculturada con el hombre de actual, sobre todo con las nuevas generaciones?<br \/> En nuestras manos est\u00e1 el intentarlo, sabiendo que, como nos dice Francisco, m\u00e1s vale \u00abuna Iglesia accidentada, herida y manchada por salir a la calle, que una Iglesia enferma por el encierro y la comodidad de aferrarse a sus propias seguridades\u00bb (Evangelii gaudium, 49).<\/p>\n","protected":false},"excerpt":{"rendered":"<p>BRU, MANUEL MAR\u00cdA<\/p>\n","protected":false},"featured_media":387979,"template":"","meta":{"_acf_changed":false,"om_disable_all_campaigns":false,"rs_blank_template":"","rs_page_bg_color":"","slide_template_v7":"","inline_featured_image":false,"_monsterinsights_skip_tracking":false,"_monsterinsights_sitenote_active":false,"_monsterinsights_sitenote_note":"","_monsterinsights_sitenote_category":0},"product_brand":[],"product_cat":[77,343,93,543,78,344],"product_tag":[],"class_list":{"0":"post-198022","1":"product","2":"type-product","3":"status-publish","4":"has-post-thumbnail","6":"product_cat-catequesi","7":"product_cat-catequesis","8":"product_cat-eclesiologia","9":"product_cat-eclesiologia-es","10":"product_cat-pastoral","11":"product_cat-pastoral-1_espiritualidad","13":"first","14":"instock","15":"taxable","16":"shipping-taxable","17":"purchasable","18":"product-type-simple"},"acf":{"autor":"BRU, MANUEL MAR\u00cdA","codart":"849715384","libros-coleccion":"SUSHI BOOKS","ediciones":"1","encuadernacion":"R\u00fastica","fecha_de_publicacion":"20\/10\/2017","novedad":"1","paginas":"104","subtitulo":"DOS CLAVES PARA RENOVAR EL LENGUAJE DE LA EVANGELIZACI\u00d3N Y DE LA CATEQUESIS","orden":"0","portada":"0","idioma":"spa","editorial":[{"ID":6157,"post_author":"3","post_date":"2022-07-28 17:46:07","post_date_gmt":"2022-07-28 15:46:07","post_content":"","post_title":"Ciudad Nueva","post_excerpt":"","post_status":"publish","comment_status":"closed","ping_status":"closed","post_password":"","post_name":"ciudad-nueva","to_ping":"","pinged":"","post_modified":"2022-07-28 17:46:07","post_modified_gmt":"2022-07-28 15:46:07","post_content_filtered":"","post_parent":0,"guid":"http:\/\/dev.claret.cat\/editorial\/ciudad-nueva\/","menu_order":0,"post_type":"editorial","post_mime_type":"","comment_count":"0","filter":"raw"}],"autores-libros":[{"ID":163184,"post_author":"3","post_date":"2022-10-14 17:37:00","post_date_gmt":"2022-10-14 15:37:00","post_content":"","post_title":"MANUEL MAR\u00cdA BRU","post_excerpt":"","post_status":"publish","comment_status":"closed","ping_status":"closed","post_password":"","post_name":"manuel-maria-bru","to_ping":"","pinged":"","post_modified":"2022-10-14 17:37:00","post_modified_gmt":"2022-10-14 15:37:00","post_content_filtered":"","post_parent":0,"guid":"http:\/\/dev.claret.cat\/autor\/manuel-maria-bru\/","menu_order":0,"post_type":"autor","post_mime_type":"","comment_count":"0","filter":"raw"}]},"aioseo_notices":[],"_links":{"self":[{"href":"https:\/\/www.claret.cat\/es\/wp-json\/wp\/v2\/product\/198022","targetHints":{"allow":["GET"]}}],"collection":[{"href":"https:\/\/www.claret.cat\/es\/wp-json\/wp\/v2\/product"}],"about":[{"href":"https:\/\/www.claret.cat\/es\/wp-json\/wp\/v2\/types\/product"}],"wp:featuredmedia":[{"embeddable":true,"href":"https:\/\/www.claret.cat\/es\/wp-json\/wp\/v2\/media\/387979"}],"wp:attachment":[{"href":"https:\/\/www.claret.cat\/es\/wp-json\/wp\/v2\/media?parent=198022"}],"wp:term":[{"taxonomy":"product_brand","embeddable":true,"href":"https:\/\/www.claret.cat\/es\/wp-json\/wp\/v2\/product_brand?post=198022"},{"taxonomy":"product_cat","embeddable":true,"href":"https:\/\/www.claret.cat\/es\/wp-json\/wp\/v2\/product_cat?post=198022"},{"taxonomy":"product_tag","embeddable":true,"href":"https:\/\/www.claret.cat\/es\/wp-json\/wp\/v2\/product_tag?post=198022"}],"curies":[{"name":"wp","href":"https:\/\/api.w.org\/{rel}","templated":true}]}}