{"id":198037,"date":"2022-10-20T08:16:27","date_gmt":"2022-10-20T06:16:27","guid":{"rendered":"http:\/\/dev.claret.cat\/producte\/conecta2conjesus-ev-ciclo-b\/"},"modified":"2024-05-23T00:49:05","modified_gmt":"2024-05-22T22:49:05","slug":"conecta2conjesusev-ciclo-b-9788494695445","status":"publish","type":"product","link":"https:\/\/www.claret.cat\/es\/libro\/conecta2conjesusev-ciclo-b-9788494695445\/","title":{"rendered":"CONECTA2CONJES\u00daS.EV &#8211; CICLO B"},"content":{"rendered":"<p>Conecta2conJes\u00fas.ev es un atractivo Evangelio dominical para j\u00f3venes (Ciclo B).<br \/>Cada Evangelio tiene incluido -en la p\u00e1gina opuesta- una aplicaci\u00f3n pr\u00e1ctica para que el joven lector haga vida propia la palabra del Se\u00f1or.<br \/>Recoge la sugerencia del Papa Francisco: \u00a1No os olvid\u00e9is! Leed un pasaje del Evangelio cada d\u00eda. Es la fuerza que nos cambia, que nos transforma: cambia la vida, cambia el coraz\u00f3n.<br \/>Edades: 13-18 a\u00f1os. Dibujos de Fano. 152 p\u00e1ginas.Color. Tama\u00f1o: 13 cm. x 18 cm.<br \/>La autora, Mar\u00eda del Carmen Figueroa Serra, profesora formadora de la juventud, muestra la actualidad de la Palabra de Dios, la ofrece a los j\u00f3venes de forma sugerente y atractiva, para que llegue a sus corazones, haci\u00e9ndoles m\u00e1s f\u00e1cil el encuentro con el Maestro.<br \/>Ella escribe: \u201cEste a\u00f1o tenemos una compa\u00f1era de camino especial: Mar\u00eda. Ella fue la mejor disc\u00edpula de Jes\u00fas y la que mejor \u201centendi\u00f3\u201d y \u201caplic\u00f3\u201d su Palabra de vida. Hace 100 a\u00f1os (1917-2017) que se apareci\u00f3 a los tres pastorcitos en F\u00e1tima. \u00a1Dejemos que, como a ellos, nos ense\u00f1e! Al lado de la Virgen, leer el Evangelio se transforma en una aventura diferente&#8230; \u00a1Aqu\u00ed est\u00e1 \u201cun ciclo B\u201d lleno de sorpresas! \u201cUna pi\u00f1ata a lo divino\u201d, que os traer\u00e1 los mejores regalos de Jes\u00fas. \u00a1S\u00ed!&#8230; \u00a1Vamos a abrirla!\u201d.<\/p>\n","protected":false},"excerpt":{"rendered":"<p>FIGUEROA SERRA, MAR\u00cdA DEL CARMEN<\/p>\n","protected":false},"featured_media":362654,"template":"","meta":{"_acf_changed":false,"om_disable_all_campaigns":false,"rs_blank_template":"","rs_page_bg_color":"","slide_template_v7":"","inline_featured_image":false,"_monsterinsights_skip_tracking":false,"_monsterinsights_sitenote_active":false,"_monsterinsights_sitenote_note":"","_monsterinsights_sitenote_category":0},"product_brand":[],"product_cat":[77,343,352,86,346,80],"product_tag":[],"class_list":{"0":"post-198037","1":"product","2":"type-product","3":"status-publish","4":"has-post-thumbnail","6":"product_cat-catequesi","7":"product_cat-catequesis","8":"product_cat-infantil-3_infantil-juvenil-spa","9":"product_cat-infantil","10":"product_cat-libros-liturgia","11":"product_cat-liturgia","13":"first","14":"outofstock","15":"taxable","16":"shipping-taxable","17":"purchasable","18":"product-type-simple"},"acf":{"autor":"FIGUEROA SERRA, MAR\u00cdA DEL CARMEN","codart":"849469544","libros-coleccion":"","ediciones":"1","encuadernacion":"R\u00fastica","fecha_de_publicacion":"20\/10\/2017","novedad":"1","paginas":"152","subtitulo":"EVANGELIO DOMINICAL PARA LOS J\u00d3VENES. CICLO B","orden":"0","portada":"0","idioma":"spa","editorial":[{"ID":8239,"post_author":"3","post_date":"2022-09-30 09:21:24","post_date_gmt":"2022-09-30 07:21:24","post_content":"","post_title":"FAMILIA DE JESUS, EDITORIAL","post_excerpt":"","post_status":"publish","comment_status":"closed","ping_status":"closed","post_password":"","post_name":"familia-de-jesus-editorial","to_ping":"","pinged":"","post_modified":"2022-09-30 09:21:24","post_modified_gmt":"2022-09-30 07:21:24","post_content_filtered":"","post_parent":0,"guid":"http:\/\/dev.claret.cat\/editorial\/familia-de-jesus-editorial\/","menu_order":0,"post_type":"editorial","post_mime_type":"","comment_count":"0","filter":"raw"}],"autores-libros":[{"ID":163583,"post_author":"3","post_date":"2022-10-14 17:40:12","post_date_gmt":"2022-10-14 15:40:12","post_content":"","post_title":"MAR\u00cdA DEL CARMEN FIGUEROA SERRA","post_excerpt":"","post_status":"publish","comment_status":"closed","ping_status":"closed","post_password":"","post_name":"maria-del-carmen-figueroa-serra","to_ping":"","pinged":"","post_modified":"2022-10-14 17:40:12","post_modified_gmt":"2022-10-14 15:40:12","post_content_filtered":"","post_parent":0,"guid":"http:\/\/dev.claret.cat\/autor\/maria-del-carmen-figueroa-serra\/","menu_order":0,"post_type":"autor","post_mime_type":"","comment_count":"0","filter":"raw"}]},"aioseo_notices":[],"_links":{"self":[{"href":"https:\/\/www.claret.cat\/es\/wp-json\/wp\/v2\/product\/198037","targetHints":{"allow":["GET"]}}],"collection":[{"href":"https:\/\/www.claret.cat\/es\/wp-json\/wp\/v2\/product"}],"about":[{"href":"https:\/\/www.claret.cat\/es\/wp-json\/wp\/v2\/types\/product"}],"wp:featuredmedia":[{"embeddable":true,"href":"https:\/\/www.claret.cat\/es\/wp-json\/wp\/v2\/media\/362654"}],"wp:attachment":[{"href":"https:\/\/www.claret.cat\/es\/wp-json\/wp\/v2\/media?parent=198037"}],"wp:term":[{"taxonomy":"product_brand","embeddable":true,"href":"https:\/\/www.claret.cat\/es\/wp-json\/wp\/v2\/product_brand?post=198037"},{"taxonomy":"product_cat","embeddable":true,"href":"https:\/\/www.claret.cat\/es\/wp-json\/wp\/v2\/product_cat?post=198037"},{"taxonomy":"product_tag","embeddable":true,"href":"https:\/\/www.claret.cat\/es\/wp-json\/wp\/v2\/product_tag?post=198037"}],"curies":[{"name":"wp","href":"https:\/\/api.w.org\/{rel}","templated":true}]}}