{"id":198040,"date":"2022-10-20T08:16:30","date_gmt":"2022-10-20T06:16:30","guid":{"rendered":"http:\/\/dev.claret.cat\/producte\/nadal-llibre-per-pintar\/"},"modified":"2025-12-24T09:41:25","modified_gmt":"2025-12-24T08:41:25","slug":"nadal-llibre-per-pintar-9788491360728","status":"publish","type":"product","link":"https:\/\/www.claret.cat\/es\/libro\/nadal-llibre-per-pintar-9788491360728\/","title":{"rendered":"NADAL &#8211; LLIBRE PER PINTAR"},"content":{"rendered":"<p>Un quadern per pintar amb dibuixos molt senzills pensats per als m\u00e9s petits, que els acostar\u00e0 a la hist\u00f2ria del naixement de Jes\u00fas a trav\u00e9s de diferents escenes: el cam\u00ed cap a Betlem, el pessebre, l\u2019anunciaci\u00f3 als pastors, i sobretot el viatge i l\u2019adoraci\u00f3 dels Reis Mags. Maria, Josep, el Nen Jes\u00fas, el bou i la mula, l\u2019\u00e0ngel, els pastors i les ovelles, els tres Reis Mags amb els seus camells&#8230; tots els personatges del Nadal es presenten en aquests simp\u00e0tics dibuixos de tra\u00e7 gruixut i d\u2019aspecte senzill pensats per als menuts d\u2019edat preescolar.<\/p>\n","protected":false},"excerpt":{"rendered":"<p>CAMPOS, TERESA<\/p>\n","protected":false},"featured_media":360590,"template":"","meta":{"_acf_changed":false,"om_disable_all_campaigns":false,"rs_blank_template":"","rs_page_bg_color":"","slide_template_v7":"","inline_featured_image":false,"_monsterinsights_skip_tracking":false,"_monsterinsights_sitenote_active":false,"_monsterinsights_sitenote_note":"","_monsterinsights_sitenote_category":0},"product_brand":[],"product_cat":[581,86,352],"product_tag":[],"class_list":{"0":"post-198040","1":"product","2":"type-product","3":"status-publish","4":"has-post-thumbnail","6":"product_cat-editorial-claret","7":"product_cat-infantil","8":"product_cat-infantil-3_infantil-juvenil-spa","10":"first","11":"instock","12":"taxable","13":"shipping-taxable","14":"purchasable","15":"product-type-simple"},"acf":{"autor":"CAMPOS, TERESA","codart":"849136072","libros-coleccion":"","ediciones":"1","encuadernacion":"R\u00fastica","fecha_de_publicacion":"19\/10\/2017","novedad":"0","paginas":"14","subtitulo":"LLIBRE PER PINTAR","orden":"0","portada":"0","idioma":"cat","editorial":[{"ID":6158,"post_author":"3","post_date":"2022-07-28 17:46:08","post_date_gmt":"2022-07-28 15:46:08","post_content":"","post_title":"CLARET","post_excerpt":"","post_status":"publish","comment_status":"closed","ping_status":"closed","post_password":"","post_name":"claret","to_ping":"","pinged":"","post_modified":"2022-07-28 17:46:08","post_modified_gmt":"2022-07-28 15:46:08","post_content_filtered":"","post_parent":0,"guid":"http:\/\/dev.claret.cat\/editorial\/claret\/","menu_order":0,"post_type":"editorial","post_mime_type":"","comment_count":"0","filter":"raw"}],"autores-libros":[{"ID":6052,"post_author":"3","post_date":"2022-07-28 17:37:07","post_date_gmt":"2022-07-28 15:37:07","post_content":"","post_title":"TERESA CAMPOS","post_excerpt":"","post_status":"publish","comment_status":"closed","ping_status":"closed","post_password":"","post_name":"teresa-campos","to_ping":"","pinged":"","post_modified":"2022-07-28 17:37:07","post_modified_gmt":"2022-07-28 15:37:07","post_content_filtered":"","post_parent":0,"guid":"http:\/\/dev.claret.cat\/autor\/teresa-campos\/","menu_order":0,"post_type":"autor","post_mime_type":"","comment_count":"0","filter":"raw"}],"booktrailer":"","linkebook":"","ficha":"849136072_1688551096.pdf","muestra":"","precioebook":"0","presentacion":"","resenas":""},"aioseo_notices":[],"_links":{"self":[{"href":"https:\/\/www.claret.cat\/es\/wp-json\/wp\/v2\/product\/198040","targetHints":{"allow":["GET"]}}],"collection":[{"href":"https:\/\/www.claret.cat\/es\/wp-json\/wp\/v2\/product"}],"about":[{"href":"https:\/\/www.claret.cat\/es\/wp-json\/wp\/v2\/types\/product"}],"wp:featuredmedia":[{"embeddable":true,"href":"https:\/\/www.claret.cat\/es\/wp-json\/wp\/v2\/media\/360590"}],"wp:attachment":[{"href":"https:\/\/www.claret.cat\/es\/wp-json\/wp\/v2\/media?parent=198040"}],"wp:term":[{"taxonomy":"product_brand","embeddable":true,"href":"https:\/\/www.claret.cat\/es\/wp-json\/wp\/v2\/product_brand?post=198040"},{"taxonomy":"product_cat","embeddable":true,"href":"https:\/\/www.claret.cat\/es\/wp-json\/wp\/v2\/product_cat?post=198040"},{"taxonomy":"product_tag","embeddable":true,"href":"https:\/\/www.claret.cat\/es\/wp-json\/wp\/v2\/product_tag?post=198040"}],"curies":[{"name":"wp","href":"https:\/\/api.w.org\/{rel}","templated":true}]}}