{"id":198055,"date":"2022-10-20T08:16:46","date_gmt":"2022-10-20T06:16:46","guid":{"rendered":"http:\/\/dev.claret.cat\/producte\/navidad-libro-para-colorear\/"},"modified":"2024-05-23T04:30:36","modified_gmt":"2024-05-23T02:30:36","slug":"navidad-libro-para-colorear-9788491360735","status":"publish","type":"product","link":"https:\/\/www.claret.cat\/es\/libro\/navidad-libro-para-colorear-9788491360735\/","title":{"rendered":"NAVIDAD &#8211; LIBRO PARA COLOREAR"},"content":{"rendered":"<p>Un cuaderno para colorear con dibujos muy sencillos, que acercar\u00e1 a los m\u00e1s peque\u00f1os a la historia del nacimiento de Jes\u00fas a trav\u00e9s de distintas escenas: el camino hacia Bel\u00e9n, el pesebre, la anunciaci\u00f3n a los pastores, y el viaje y la adoraci\u00f3n de los Reyes Magos.<br \/>Mar\u00eda, Jos\u00e9, el Ni\u00f1o Jes\u00fas, el buey y la mula, el \u00e1ngel, los pastores y las ovejas, los tres Reyes Magos con sus camellos&#8230; todos los personajes de la Navidad se presentan en estos simp\u00e1ticos dibujos de trazo grueso y de aspecto sencillo, pensados para los ni\u00f1os y ni\u00f1as de edad preescolar.<\/p>\n","protected":false},"excerpt":{"rendered":"<p>CAMPOS, TERESA<\/p>\n","protected":false},"featured_media":360592,"template":"","meta":{"_acf_changed":false,"om_disable_all_campaigns":false,"rs_blank_template":"","rs_page_bg_color":"","slide_template_v7":"","inline_featured_image":false,"_monsterinsights_skip_tracking":false,"_monsterinsights_sitenote_active":false,"_monsterinsights_sitenote_note":"","_monsterinsights_sitenote_category":0},"product_brand":[],"product_cat":[581,86,352],"product_tag":[],"class_list":{"0":"post-198055","1":"product","2":"type-product","3":"status-publish","4":"has-post-thumbnail","6":"product_cat-editorial-claret","7":"product_cat-infantil","8":"product_cat-infantil-3_infantil-juvenil-spa","10":"first","11":"instock","12":"taxable","13":"shipping-taxable","14":"purchasable","15":"product-type-simple"},"acf":{"autor":"CAMPOS, TERESA","codart":"849136073","libros-coleccion":"","ediciones":"1","encuadernacion":"R\u00fastica","fecha_de_publicacion":"19\/10\/2017","novedad":"0","paginas":"14","subtitulo":"LIBRO PARA COLOREAR","orden":"0","portada":"0","idioma":"spa","editorial":[{"ID":6158,"post_author":"3","post_date":"2022-07-28 17:46:08","post_date_gmt":"2022-07-28 15:46:08","post_content":"","post_title":"CLARET","post_excerpt":"","post_status":"publish","comment_status":"closed","ping_status":"closed","post_password":"","post_name":"claret","to_ping":"","pinged":"","post_modified":"2022-07-28 17:46:08","post_modified_gmt":"2022-07-28 15:46:08","post_content_filtered":"","post_parent":0,"guid":"http:\/\/dev.claret.cat\/editorial\/claret\/","menu_order":0,"post_type":"editorial","post_mime_type":"","comment_count":"0","filter":"raw"}],"autores-libros":[{"ID":6052,"post_author":"3","post_date":"2022-07-28 17:37:07","post_date_gmt":"2022-07-28 15:37:07","post_content":"","post_title":"TERESA CAMPOS","post_excerpt":"","post_status":"publish","comment_status":"closed","ping_status":"closed","post_password":"","post_name":"teresa-campos","to_ping":"","pinged":"","post_modified":"2022-07-28 17:37:07","post_modified_gmt":"2022-07-28 15:37:07","post_content_filtered":"","post_parent":0,"guid":"http:\/\/dev.claret.cat\/autor\/teresa-campos\/","menu_order":0,"post_type":"autor","post_mime_type":"","comment_count":"0","filter":"raw"}]},"aioseo_notices":[],"_links":{"self":[{"href":"https:\/\/www.claret.cat\/es\/wp-json\/wp\/v2\/product\/198055","targetHints":{"allow":["GET"]}}],"collection":[{"href":"https:\/\/www.claret.cat\/es\/wp-json\/wp\/v2\/product"}],"about":[{"href":"https:\/\/www.claret.cat\/es\/wp-json\/wp\/v2\/types\/product"}],"wp:featuredmedia":[{"embeddable":true,"href":"https:\/\/www.claret.cat\/es\/wp-json\/wp\/v2\/media\/360592"}],"wp:attachment":[{"href":"https:\/\/www.claret.cat\/es\/wp-json\/wp\/v2\/media?parent=198055"}],"wp:term":[{"taxonomy":"product_brand","embeddable":true,"href":"https:\/\/www.claret.cat\/es\/wp-json\/wp\/v2\/product_brand?post=198055"},{"taxonomy":"product_cat","embeddable":true,"href":"https:\/\/www.claret.cat\/es\/wp-json\/wp\/v2\/product_cat?post=198055"},{"taxonomy":"product_tag","embeddable":true,"href":"https:\/\/www.claret.cat\/es\/wp-json\/wp\/v2\/product_tag?post=198055"}],"curies":[{"name":"wp","href":"https:\/\/api.w.org\/{rel}","templated":true}]}}