{"id":198151,"date":"2022-10-20T08:18:32","date_gmt":"2022-10-20T06:18:32","guid":{"rendered":"http:\/\/dev.claret.cat\/producte\/martin-heidegger\/"},"modified":"2026-01-28T12:02:03","modified_gmt":"2026-01-28T11:02:03","slug":"martin-heidegger-9788425438585","status":"publish","type":"product","link":"https:\/\/www.claret.cat\/es\/libro\/martin-heidegger-9788425438585\/","title":{"rendered":"MARTIN HEIDEGGER"},"content":{"rendered":"<p>Despu\u00e9s de la publicaci\u00f3n de los diarios de Martin Heidegger (los llamados Cuadernos Negros), resulta necesario disponer de nuevos puntos de vista sobre su filosof\u00eda. Este importante ensayo contribuye a esta tarea.<br \/>Siendo conscientes de las declaraciones que hizo sobre el \u00abjuda\u00edsmo mundial\u00bb y de su obstinaci\u00f3n pol\u00edtica despu\u00e9s de la Segunda Guerra Mundial, ya no podemos adentrarnos en el pensamiento de Heidegger sin examinarlo, al mismo tiempo, en el contexto de aparici\u00f3n de unas ideas tan inaceptables. Peter Trawny, como editor de los Cuadernos negros, es uno de los mayores conocedores de la obra, y probablemente, la persona m\u00e1s indicada para acometer esta tarea.<br \/>Esta introducci\u00f3n cr\u00edtica de la filosof\u00eda de Heidegger tiene en cuenta las nuevas perspectivas en torno a la nueva visi\u00f3n que ha propiciado la publicaci\u00f3n de los Cuadernos Negros y nos introduce en su pensamiento, atendiendo tanto a los aspectos problem\u00e1ticos como a su importancia extraordinaria en el contexto de la filosof\u00eda del siglo XX.<\/p>\n","protected":false},"excerpt":{"rendered":"<p>TRAWNY, PETER<\/p>\n","protected":false},"featured_media":331443,"template":"","meta":{"_acf_changed":false,"om_disable_all_campaigns":false,"rs_blank_template":"","rs_page_bg_color":"","slide_template_v7":"","inline_featured_image":false,"_monsterinsights_skip_tracking":false,"_monsterinsights_sitenote_active":false,"_monsterinsights_sitenote_note":"","_monsterinsights_sitenote_category":0},"product_brand":[],"product_cat":[83,349],"product_tag":[],"class_list":{"0":"post-198151","1":"product","2":"type-product","3":"status-publish","4":"has-post-thumbnail","6":"product_cat-filosofia","7":"product_cat-filosofia-2_humanidades","9":"first","10":"instock","11":"taxable","12":"shipping-taxable","13":"purchasable","14":"product-type-simple"},"acf":{"autor":"TRAWNY, PETER","codart":"842543858","libros-coleccion":"","ediciones":"1","encuadernacion":"Carpeta","fecha_de_publicacion":"05\/10\/2017","novedad":"1","paginas":"216","subtitulo":"UNA INTRODUCCI\u00d3N CR\u00cdTICA","orden":"0","portada":"0","idioma":"spa","editorial":[{"ID":6266,"post_author":"3","post_date":"2022-07-28 17:48:31","post_date_gmt":"2022-07-28 15:48:31","post_content":"","post_title":"HERDER","post_excerpt":"","post_status":"publish","comment_status":"closed","ping_status":"closed","post_password":"","post_name":"herder","to_ping":"","pinged":"","post_modified":"2022-07-28 17:48:31","post_modified_gmt":"2022-07-28 15:48:31","post_content_filtered":"","post_parent":0,"guid":"http:\/\/dev.claret.cat\/editorial\/herder\/","menu_order":0,"post_type":"editorial","post_mime_type":"","comment_count":"0","filter":"raw"}],"autores-libros":[{"ID":281505,"post_author":"3","post_date":"2022-12-09 23:12:29","post_date_gmt":"2022-12-09 22:12:29","post_content":"","post_title":"PETER TRAWNY","post_excerpt":"","post_status":"publish","comment_status":"closed","ping_status":"closed","post_password":"","post_name":"peter-trawny","to_ping":"","pinged":"","post_modified":"2022-12-09 23:12:29","post_modified_gmt":"2022-12-09 22:12:29","post_content_filtered":"","post_parent":0,"guid":"http:\/\/dev.claret.cat\/autor\/peter-trawny\/","menu_order":0,"post_type":"autor","post_mime_type":"","comment_count":"0","filter":"raw"}],"booktrailer":"","resenas":""},"aioseo_notices":[],"_links":{"self":[{"href":"https:\/\/www.claret.cat\/es\/wp-json\/wp\/v2\/product\/198151","targetHints":{"allow":["GET"]}}],"collection":[{"href":"https:\/\/www.claret.cat\/es\/wp-json\/wp\/v2\/product"}],"about":[{"href":"https:\/\/www.claret.cat\/es\/wp-json\/wp\/v2\/types\/product"}],"wp:featuredmedia":[{"embeddable":true,"href":"https:\/\/www.claret.cat\/es\/wp-json\/wp\/v2\/media\/331443"}],"wp:attachment":[{"href":"https:\/\/www.claret.cat\/es\/wp-json\/wp\/v2\/media?parent=198151"}],"wp:term":[{"taxonomy":"product_brand","embeddable":true,"href":"https:\/\/www.claret.cat\/es\/wp-json\/wp\/v2\/product_brand?post=198151"},{"taxonomy":"product_cat","embeddable":true,"href":"https:\/\/www.claret.cat\/es\/wp-json\/wp\/v2\/product_cat?post=198151"},{"taxonomy":"product_tag","embeddable":true,"href":"https:\/\/www.claret.cat\/es\/wp-json\/wp\/v2\/product_tag?post=198151"}],"curies":[{"name":"wp","href":"https:\/\/api.w.org\/{rel}","templated":true}]}}