{"id":198199,"date":"2022-10-20T08:19:39","date_gmt":"2022-10-20T06:19:39","guid":{"rendered":"http:\/\/dev.claret.cat\/producte\/fray-dalmacio-moner-en-olor-de-santidad\/"},"modified":"2024-05-23T03:44:43","modified_gmt":"2024-05-23T01:44:43","slug":"fray-dalmacio-moner-en-olor-de-santidad-9788491650539","status":"publish","type":"product","link":"https:\/\/www.claret.cat\/es\/libro\/fray-dalmacio-moner-en-olor-de-santidad-9788491650539\/","title":{"rendered":"FRAY DALMACIO MONER, EN OLOR DE SANTIDAD"},"content":{"rendered":"<p>Dominico de Gerona del siglo XIV, vivi\u00f3 toda su vida solitario y dedicado a la contemplaci\u00f3n. Y la historia comienza as\u00ed: &#8216;Fray Dalmacio Moner es un santo nacido a finales del siglo XIII que actualmente, m\u00e1s que nunca, cobra vida en un mundo rodeado en el ruido. A pesar de su sabidur\u00eda, renunciaba a honores, reconocimiento y cargos. Estudio, oraci\u00f3n, silencio, humildad, espiritualidad y mortificaci\u00f3n son sus caracter\u00edsticas principales. Los m\u00e1s importantes datos los tenemos de primera mano a partir de la biograf\u00eda que escribi\u00f3 su alumno Nicol\u00e1s Eimeric (1320-1339). Se encuentra en lat\u00edn en Analecta Bollandiana -una enciclopedia dedicada al estudio de los santos- gracias a la transcripci\u00f3n del a\u00f1o 1912 del padre Fran\u00e7ois Van Ostroy&#8230;&#8217;.<\/p>\n","protected":false},"excerpt":{"rendered":"<p>RODR\u00cdGUEZ, \u00c1NGEL<\/p>\n","protected":false},"featured_media":361002,"template":"","meta":{"_acf_changed":false,"om_disable_all_campaigns":false,"rs_blank_template":"","rs_page_bg_color":"","slide_template_v7":"","inline_featured_image":false,"_monsterinsights_skip_tracking":false,"_monsterinsights_sitenote_active":false,"_monsterinsights_sitenote_note":"","_monsterinsights_sitenote_category":0},"product_brand":[],"product_cat":[95,545],"product_tag":[],"class_list":{"0":"post-198199","1":"product","2":"type-product","3":"status-publish","4":"has-post-thumbnail","6":"product_cat-santoral","7":"product_cat-santoral-1_espiritualidad-spa","9":"first","10":"instock","11":"taxable","12":"shipping-taxable","13":"purchasable","14":"product-type-simple"},"acf":{"autor":"RODR\u00cdGUEZ, \u00c1NGEL","codart":"849165053","libros-coleccion":"","ediciones":"1","encuadernacion":"R\u00fastica","fecha_de_publicacion":"03\/10\/2017","novedad":"1","paginas":"28","subtitulo":"","orden":"0","portada":"0","idioma":"spa","editorial":[{"ID":6172,"post_author":"3","post_date":"2022-07-28 17:46:27","post_date_gmt":"2022-07-28 15:46:27","post_content":"","post_title":"CPL","post_excerpt":"","post_status":"publish","comment_status":"closed","ping_status":"closed","post_password":"","post_name":"cpl","to_ping":"","pinged":"","post_modified":"2022-07-28 17:46:27","post_modified_gmt":"2022-07-28 15:46:27","post_content_filtered":"","post_parent":0,"guid":"http:\/\/dev.claret.cat\/editorial\/cpl\/","menu_order":0,"post_type":"editorial","post_mime_type":"","comment_count":"0","filter":"raw"}],"autores-libros":[{"ID":5245,"post_author":"3","post_date":"2022-07-28 17:19:56","post_date_gmt":"2022-07-28 15:19:56","post_content":"","post_title":"ANGEL RODRIGUEZ","post_excerpt":"","post_status":"publish","comment_status":"closed","ping_status":"closed","post_password":"","post_name":"angel-rodriguez","to_ping":"","pinged":"","post_modified":"2022-07-28 17:19:56","post_modified_gmt":"2022-07-28 15:19:56","post_content_filtered":"","post_parent":0,"guid":"http:\/\/dev.claret.cat\/autor\/angel-rodriguez\/","menu_order":0,"post_type":"autor","post_mime_type":"","comment_count":"0","filter":"raw"}]},"aioseo_notices":[],"_links":{"self":[{"href":"https:\/\/www.claret.cat\/es\/wp-json\/wp\/v2\/product\/198199","targetHints":{"allow":["GET"]}}],"collection":[{"href":"https:\/\/www.claret.cat\/es\/wp-json\/wp\/v2\/product"}],"about":[{"href":"https:\/\/www.claret.cat\/es\/wp-json\/wp\/v2\/types\/product"}],"wp:featuredmedia":[{"embeddable":true,"href":"https:\/\/www.claret.cat\/es\/wp-json\/wp\/v2\/media\/361002"}],"wp:attachment":[{"href":"https:\/\/www.claret.cat\/es\/wp-json\/wp\/v2\/media?parent=198199"}],"wp:term":[{"taxonomy":"product_brand","embeddable":true,"href":"https:\/\/www.claret.cat\/es\/wp-json\/wp\/v2\/product_brand?post=198199"},{"taxonomy":"product_cat","embeddable":true,"href":"https:\/\/www.claret.cat\/es\/wp-json\/wp\/v2\/product_cat?post=198199"},{"taxonomy":"product_tag","embeddable":true,"href":"https:\/\/www.claret.cat\/es\/wp-json\/wp\/v2\/product_tag?post=198199"}],"curies":[{"name":"wp","href":"https:\/\/api.w.org\/{rel}","templated":true}]}}