{"id":198247,"date":"2022-10-20T08:20:41","date_gmt":"2022-10-20T06:20:41","guid":{"rendered":"http:\/\/dev.claret.cat\/producte\/te-cuento-en-la-cocina-2\/"},"modified":"2025-12-30T11:35:37","modified_gmt":"2025-12-30T10:35:37","slug":"te-cuento-en-la-cocina-9788448849184","status":"publish","type":"product","link":"https:\/\/www.claret.cat\/es\/libro\/te-cuento-en-la-cocina-9788448849184\/","title":{"rendered":"TE CUENTO EN LA COCINA"},"content":{"rendered":"<p>En Te cuento en la cocina, Ferran Adri\u00e0 te explica todo lo que  necesitas saber sobre gastronom\u00eda y te ofrece m\u00e1s de 60 recetas f\u00e1ciles, creativas y muy m\u00e1gicas para elaborar en familia.\u00abDurante nuestro camino hemos aprendido que hay que \u00abcomer conocimiento  para alimentar la creatividad\u00bb y que el conocimiento es la \u00abgasolina\u00bb de  la imaginaci\u00f3n: cuanto m\u00e1s conocimiento, mayor el vuelo y la libertad de  ambas. Y ocurre que cada vez que vas a hacer un viaje por los caminos de  la imaginaci\u00f3n es casi imposible no toparte con los personajes y los mundos de Disney, Marvel, Pixar y Star Wars.\u00bb<\/p>\n","protected":false},"excerpt":{"rendered":"<p>FERRAN ADRI\u00c0\/DISNEY<\/p>\n","protected":false},"featured_media":1072225,"template":"","meta":{"_acf_changed":false,"om_disable_all_campaigns":false,"rs_blank_template":"","rs_page_bg_color":"","slide_template_v7":"","inline_featured_image":false,"_monsterinsights_skip_tracking":false,"_monsterinsights_sitenote_active":false,"_monsterinsights_sitenote_note":"","_monsterinsights_sitenote_category":0},"product_brand":[],"product_cat":[553,103],"product_tag":[],"class_list":{"0":"post-198247","1":"product","2":"type-product","3":"status-publish","4":"has-post-thumbnail","6":"product_cat-cocina","7":"product_cat-cuina","9":"first","10":"outofstock","11":"taxable","12":"shipping-taxable","13":"purchasable","14":"product-type-simple"},"acf":{"autor":"FERRAN ADRI\u00c0\/DISNEY","codart":"844884918","libros-coleccion":"FORA DE COL.LECCI\u00d3","ediciones":"1","encuadernacion":"R\u00fastica","fecha_de_publicacion":"01\/10\/2017","novedad":"0","paginas":"296","subtitulo":"","orden":"0","portada":"0","idioma":"spa","editorial":[{"ID":6141,"post_author":"3","post_date":"2022-07-28 17:45:46","post_date_gmt":"2022-07-28 15:45:46","post_content":"","post_title":"BEASCOA","post_excerpt":"","post_status":"publish","comment_status":"closed","ping_status":"closed","post_password":"","post_name":"beascoa","to_ping":"","pinged":"","post_modified":"2022-07-28 17:45:46","post_modified_gmt":"2022-07-28 15:45:46","post_content_filtered":"","post_parent":0,"guid":"http:\/\/dev.claret.cat\/editorial\/beascoa\/","menu_order":0,"post_type":"editorial","post_mime_type":"","comment_count":"0","filter":"raw"}],"autores-libros":[{"ID":155885,"post_author":"3","post_date":"2022-10-14 15:16:24","post_date_gmt":"2022-10-14 13:16:24","post_content":"","post_title":"FERRAN ADRIA","post_excerpt":"","post_status":"publish","comment_status":"closed","ping_status":"closed","post_password":"","post_name":"ferran-adria-2","to_ping":"","pinged":"","post_modified":"2022-10-14 15:16:24","post_modified_gmt":"2022-10-14 13:16:24","post_content_filtered":"","post_parent":0,"guid":"http:\/\/dev.claret.cat\/autor\/ferran-adria-2\/","menu_order":0,"post_type":"autor","post_mime_type":"","comment_count":"0","filter":"raw"},{"ID":5400,"post_author":"3","post_date":"2022-07-28 17:23:10","post_date_gmt":"2022-07-28 15:23:10","post_content":"","post_title":"DISNEY","post_excerpt":"","post_status":"publish","comment_status":"closed","ping_status":"closed","post_password":"","post_name":"disney","to_ping":"","pinged":"","post_modified":"2022-07-28 17:23:10","post_modified_gmt":"2022-07-28 15:23:10","post_content_filtered":"","post_parent":0,"guid":"http:\/\/dev.claret.cat\/autor\/disney\/","menu_order":0,"post_type":"autor","post_mime_type":"","comment_count":"0","filter":"raw"}],"booktrailer":"","resenas":""},"aioseo_notices":[],"_links":{"self":[{"href":"https:\/\/www.claret.cat\/es\/wp-json\/wp\/v2\/product\/198247","targetHints":{"allow":["GET"]}}],"collection":[{"href":"https:\/\/www.claret.cat\/es\/wp-json\/wp\/v2\/product"}],"about":[{"href":"https:\/\/www.claret.cat\/es\/wp-json\/wp\/v2\/types\/product"}],"wp:featuredmedia":[{"embeddable":true,"href":"https:\/\/www.claret.cat\/es\/wp-json\/wp\/v2\/media\/1072225"}],"wp:attachment":[{"href":"https:\/\/www.claret.cat\/es\/wp-json\/wp\/v2\/media?parent=198247"}],"wp:term":[{"taxonomy":"product_brand","embeddable":true,"href":"https:\/\/www.claret.cat\/es\/wp-json\/wp\/v2\/product_brand?post=198247"},{"taxonomy":"product_cat","embeddable":true,"href":"https:\/\/www.claret.cat\/es\/wp-json\/wp\/v2\/product_cat?post=198247"},{"taxonomy":"product_tag","embeddable":true,"href":"https:\/\/www.claret.cat\/es\/wp-json\/wp\/v2\/product_tag?post=198247"}],"curies":[{"name":"wp","href":"https:\/\/api.w.org\/{rel}","templated":true}]}}