{"id":198412,"date":"2022-10-20T08:23:44","date_gmt":"2022-10-20T06:23:44","guid":{"rendered":"http:\/\/dev.claret.cat\/producte\/destrossa-aquest-llibre-en-nom-de-la-ciencia\/"},"modified":"2025-10-20T19:10:06","modified_gmt":"2025-10-20T17:10:06","slug":"destrossa-aquest-llibre-en-nom-de-la-ciencia-9788491373155","status":"publish","type":"product","link":"https:\/\/www.claret.cat\/es\/libro\/destrossa-aquest-llibre-en-nom-de-la-ciencia-9788491373155\/","title":{"rendered":"DESTROSSA AQUEST LLIBRE EN NOM DE LA CI\u00c8NCIA"},"content":{"rendered":"<p>Destrossa aquest llibre tot completant els emocionants experiments de ci\u00e8ncia que hi trobar\u00e0s a l&#8217;interior. <br \/>Cont\u00e9 maquetes extra\u00efbles i diferents projectes que haur\u00e0s de construir. A m\u00e9s, inclou peces retallables, exercicis per deixar anar la teva creativitat, curiositats cient\u00edfiques i espectaculars il\u00b7lusions \u00f2ptiques.<\/p>\n","protected":false},"excerpt":{"rendered":"<p>BARFIELD, MIKE<\/p>\n","protected":false},"featured_media":198413,"template":"","meta":{"_acf_changed":false,"om_disable_all_campaigns":false,"rs_blank_template":"","rs_page_bg_color":"","slide_template_v7":"","inline_featured_image":false,"_monsterinsights_skip_tracking":false,"_monsterinsights_sitenote_active":false,"_monsterinsights_sitenote_note":"","_monsterinsights_sitenote_category":0},"product_brand":[],"product_cat":[86,352],"product_tag":[],"class_list":{"0":"post-198412","1":"product","2":"type-product","3":"status-publish","4":"has-post-thumbnail","6":"product_cat-infantil","7":"product_cat-infantil-3_infantil-juvenil-spa","9":"first","10":"instock","11":"taxable","12":"shipping-taxable","13":"purchasable","14":"product-type-simple"},"acf":{"autor":"BARFIELD, MIKE","codart":"849137315","libros-coleccion":"FORA DE COL.LECCI\u00d3","ediciones":"1","encuadernacion":"R\u00fastica","fecha_de_publicacion":"01\/10\/2017","novedad":"1","paginas":"57","subtitulo":"","orden":"0","portada":"0","idioma":"cat","editorial":[{"ID":6249,"post_author":"3","post_date":"2022-07-28 17:48:09","post_date_gmt":"2022-07-28 15:48:09","post_content":"","post_title":"Estrella Polar","post_excerpt":"","post_status":"publish","comment_status":"closed","ping_status":"closed","post_password":"","post_name":"estrella-polar","to_ping":"","pinged":"","post_modified":"2022-07-28 17:48:09","post_modified_gmt":"2022-07-28 15:48:09","post_content_filtered":"","post_parent":0,"guid":"http:\/\/dev.claret.cat\/editorial\/estrella-polar\/","menu_order":0,"post_type":"editorial","post_mime_type":"","comment_count":"0","filter":"raw"}],"autores-libros":[{"ID":165053,"post_author":"3","post_date":"2022-10-14 17:52:01","post_date_gmt":"2022-10-14 15:52:01","post_content":"","post_title":"MIKE BARFIELD","post_excerpt":"","post_status":"publish","comment_status":"closed","ping_status":"closed","post_password":"","post_name":"mike-barfield","to_ping":"","pinged":"","post_modified":"2022-10-14 17:52:01","post_modified_gmt":"2022-10-14 15:52:01","post_content_filtered":"","post_parent":0,"guid":"http:\/\/dev.claret.cat\/autor\/mike-barfield\/","menu_order":0,"post_type":"autor","post_mime_type":"","comment_count":"0","filter":"raw"}],"booktrailer":"","resenas":""},"aioseo_notices":[],"_links":{"self":[{"href":"https:\/\/www.claret.cat\/es\/wp-json\/wp\/v2\/product\/198412","targetHints":{"allow":["GET"]}}],"collection":[{"href":"https:\/\/www.claret.cat\/es\/wp-json\/wp\/v2\/product"}],"about":[{"href":"https:\/\/www.claret.cat\/es\/wp-json\/wp\/v2\/types\/product"}],"wp:featuredmedia":[{"embeddable":true,"href":"https:\/\/www.claret.cat\/es\/wp-json\/wp\/v2\/media\/198413"}],"wp:attachment":[{"href":"https:\/\/www.claret.cat\/es\/wp-json\/wp\/v2\/media?parent=198412"}],"wp:term":[{"taxonomy":"product_brand","embeddable":true,"href":"https:\/\/www.claret.cat\/es\/wp-json\/wp\/v2\/product_brand?post=198412"},{"taxonomy":"product_cat","embeddable":true,"href":"https:\/\/www.claret.cat\/es\/wp-json\/wp\/v2\/product_cat?post=198412"},{"taxonomy":"product_tag","embeddable":true,"href":"https:\/\/www.claret.cat\/es\/wp-json\/wp\/v2\/product_tag?post=198412"}],"curies":[{"name":"wp","href":"https:\/\/api.w.org\/{rel}","templated":true}]}}