{"id":198466,"date":"2022-10-20T08:24:37","date_gmt":"2022-10-20T06:24:37","guid":{"rendered":"http:\/\/dev.claret.cat\/producte\/sopas-detox\/"},"modified":"2023-01-28T03:53:35","modified_gmt":"2023-01-28T02:53:35","slug":"sopas-detox-9788416605989","status":"publish","type":"product","link":"https:\/\/www.claret.cat\/es\/libro\/sopas-detox-9788416605989\/","title":{"rendered":"SOPAS DETOX"},"content":{"rendered":"<p>Somos agua. Por suerte, cada vez m\u00e1s personas son conscientes de la importancia de la hidrataci\u00f3n y de la buena calidad del agua en nuestra dieta diaria. El plato estrella que el agua genera en nuestra cocina es, sin duda, la sopa, pero los benecios que puede aportarnos una buena sopa van mucho m\u00e1s all\u00e1 de la hidrataci\u00f3n: la palabra sopa engloba mucho m\u00e1s que cuatro letras. <br \/>Sopas detox quiere ayudarte a incorporar sopas vegetales y presentarte los ingredientes saludables imprescindibles en su elaboraci\u00f3n. Una sopa puede ser un alimento completo cuando no dispongas de tiempo para cocinar. Un manjar para entrar en calor con la llegada del fr\u00edo o para refrescarte en los calurosos d\u00edas de verano, pero tambi\u00e9n puede ser una gran fuente de salud para tu d\u00eda a d\u00eda: desde combatir la inamaci\u00f3n a favorecer la eliminaci\u00f3n de toxinas, as\u00ed como un sinf\u00edn de benecios que este libro te ofrece de forma amena y rigurosa. <br \/>Convierte las sopas de toda la vida en una fuente de energ\u00eda, vitalidad y belleza.<\/p>\n","protected":false},"excerpt":{"rendered":"<p>LLARGU\u00c9S TRUYOLS, JOSEFINA<\/p>\n","protected":false},"featured_media":198467,"template":"","meta":{"_acf_changed":false,"om_disable_all_campaigns":false,"rs_blank_template":"","rs_page_bg_color":"","slide_template_v7":"","inline_featured_image":false,"_monsterinsights_skip_tracking":false,"_monsterinsights_sitenote_active":false,"_monsterinsights_sitenote_note":"","_monsterinsights_sitenote_category":0},"product_brand":[],"product_cat":[103],"product_tag":[],"class_list":{"0":"post-198466","1":"product","2":"type-product","3":"status-publish","4":"has-post-thumbnail","6":"product_cat-cuina","8":"first","9":"instock","10":"taxable","11":"shipping-taxable","12":"purchasable","13":"product-type-simple"},"acf":{"autor":"LLARGU\u00c9S TRUYOLS, JOSEFINA","codart":"841660598","libros-coleccion":"","ediciones":"1","encuadernacion":"R\u00fastica","fecha_de_publicacion":"01\/10\/2017","novedad":"1","paginas":"119","subtitulo":"FUENTE DE ENERG\u00cdA Y VITALIDAD","orden":"0","portada":"0","idioma":"spa","editorial":[{"ID":6222,"post_author":"3","post_date":"2022-07-28 17:47:31","post_date_gmt":"2022-07-28 15:47:31","post_content":"","post_title":"Editorial Comanegra","post_excerpt":"","post_status":"publish","comment_status":"closed","ping_status":"closed","post_password":"","post_name":"editorial-comanegra","to_ping":"","pinged":"","post_modified":"2022-07-28 17:47:31","post_modified_gmt":"2022-07-28 15:47:31","post_content_filtered":"","post_parent":0,"guid":"http:\/\/dev.claret.cat\/editorial\/editorial-comanegra\/","menu_order":0,"post_type":"editorial","post_mime_type":"","comment_count":"0","filter":"raw"}],"autores-libros":[{"ID":160608,"post_author":"3","post_date":"2022-10-14 15:54:27","post_date_gmt":"2022-10-14 13:54:27","post_content":"","post_title":"JOSEFINA LLARGU\u00c9S TRUYOLS","post_excerpt":"","post_status":"publish","comment_status":"closed","ping_status":"closed","post_password":"","post_name":"josefina-llargues-truyols","to_ping":"","pinged":"","post_modified":"2022-10-14 15:54:27","post_modified_gmt":"2022-10-14 13:54:27","post_content_filtered":"","post_parent":0,"guid":"http:\/\/dev.claret.cat\/autor\/josefina-llargues-truyols\/","menu_order":0,"post_type":"autor","post_mime_type":"","comment_count":"0","filter":"raw"}]},"aioseo_notices":[],"_links":{"self":[{"href":"https:\/\/www.claret.cat\/es\/wp-json\/wp\/v2\/product\/198466","targetHints":{"allow":["GET"]}}],"collection":[{"href":"https:\/\/www.claret.cat\/es\/wp-json\/wp\/v2\/product"}],"about":[{"href":"https:\/\/www.claret.cat\/es\/wp-json\/wp\/v2\/types\/product"}],"wp:featuredmedia":[{"embeddable":true,"href":"https:\/\/www.claret.cat\/es\/wp-json\/wp\/v2\/media\/198467"}],"wp:attachment":[{"href":"https:\/\/www.claret.cat\/es\/wp-json\/wp\/v2\/media?parent=198466"}],"wp:term":[{"taxonomy":"product_brand","embeddable":true,"href":"https:\/\/www.claret.cat\/es\/wp-json\/wp\/v2\/product_brand?post=198466"},{"taxonomy":"product_cat","embeddable":true,"href":"https:\/\/www.claret.cat\/es\/wp-json\/wp\/v2\/product_cat?post=198466"},{"taxonomy":"product_tag","embeddable":true,"href":"https:\/\/www.claret.cat\/es\/wp-json\/wp\/v2\/product_tag?post=198466"}],"curies":[{"name":"wp","href":"https:\/\/api.w.org\/{rel}","templated":true}]}}