{"id":198499,"date":"2022-10-20T08:25:09","date_gmt":"2022-10-20T06:25:09","guid":{"rendered":"http:\/\/dev.claret.cat\/producte\/las-cartas-del-nuevo-testamento-en-juegos\/"},"modified":"2025-05-23T12:44:57","modified_gmt":"2025-05-23T10:44:57","slug":"las-cartas-del-nuevo-testamento-en-juegos-9788490234631","status":"publish","type":"product","link":"https:\/\/www.claret.cat\/es\/libro\/las-cartas-del-nuevo-testamento-en-juegos-9788490234631\/","title":{"rendered":"LAS CARTAS DEL NUEVO TESTAMENTO EN JUEGOS"},"content":{"rendered":"<p>El autor habla de conocimiento, creatividad y amor para disfrutar la Palabra de Dios en las Escrituras Santas. Ha escogido unas obras que quedan olvidados frecuentemente: las Cartas del Nuevo Testamento. Los valores que aparecen en ellas est\u00e1n repletos de: fe, amistad, amor, libertad, trabajo, la vida de las comunidades nacientes. Es necesario destacar las dos postreras palabras del t\u00edtulo: en juegos. Los juegos que contiene esta obra pretenden lograr que los adolescentes y j\u00f3venes comprendan y gusten las Cartas del Nuevo Testamento. Cada juego se presenta bien estructurado: destinatarios, objetivo, materiales, duraci\u00f3n, desarrollo y documentos. O, lo que es lo mismo, a qui\u00e9n va dirigido, qu\u00e9 objetivo pretende el juego, qu\u00e9 materiales son necesarios, qu\u00e9 tiempo que se precisa, c\u00f3mo se juega y qu\u00e9 documentos se van a usar. La claridad con la que est\u00e1n presentados har\u00e1 m\u00e1s f\u00e1cil su uso a catequistas y profesores de Religi\u00f3n.<\/p>\n","protected":false},"excerpt":{"rendered":"<p>ESCUDERO, JOS\u00c9 MAR\u00cdA<\/p>\n","protected":false},"featured_media":1023384,"template":"","meta":{"_acf_changed":false,"om_disable_all_campaigns":false,"rs_blank_template":"","rs_page_bg_color":"","slide_template_v7":"","inline_featured_image":false,"_monsterinsights_skip_tracking":false,"_monsterinsights_sitenote_active":false,"_monsterinsights_sitenote_note":"","_monsterinsights_sitenote_category":0},"product_brand":[],"product_cat":[341,75,77,343,86,352],"product_tag":[],"class_list":{"0":"post-198499","1":"product","2":"type-product","3":"status-publish","4":"has-post-thumbnail","6":"product_cat-biblia-es","7":"product_cat-biblia","8":"product_cat-catequesi","9":"product_cat-catequesis","10":"product_cat-infantil","11":"product_cat-infantil-3_infantil-juvenil-spa","13":"first","14":"outofstock","15":"taxable","16":"shipping-taxable","17":"purchasable","18":"product-type-simple"},"acf":{"autor":"ESCUDERO, JOS\u00c9 MAR\u00cdA","codart":"849023463","libros-coleccion":"Recursos de Pastoral","ediciones":"1","encuadernacion":"R\u00fastica","fecha_de_publicacion":"01\/10\/2017","novedad":"1","paginas":"134","subtitulo":"","orden":"0","portada":"0","idioma":"spa","editorial":[{"ID":147611,"post_author":"3","post_date":"2022-10-14 11:51:54","post_date_gmt":"2022-10-14 09:51:54","post_content":"","post_title":"CCS EDITORIAL","post_excerpt":"","post_status":"publish","comment_status":"closed","ping_status":"closed","post_password":"","post_name":"ccs-editorial","to_ping":"","pinged":"","post_modified":"2022-10-14 11:51:54","post_modified_gmt":"2022-10-14 09:51:54","post_content_filtered":"","post_parent":0,"guid":"http:\/\/dev.claret.cat\/editorial\/ccs-editorial\/","menu_order":0,"post_type":"editorial","post_mime_type":"","comment_count":"0","filter":"raw"}],"autores-libros":[{"ID":8363,"post_author":"3","post_date":"2022-09-30 09:48:01","post_date_gmt":"2022-09-30 07:48:01","post_content":"","post_title":"JOS\u00c9 MARIA ESCUDERO","post_excerpt":"","post_status":"publish","comment_status":"closed","ping_status":"closed","post_password":"","post_name":"jose-maria-escudero","to_ping":"","pinged":"","post_modified":"2022-09-30 09:48:01","post_modified_gmt":"2022-09-30 07:48:01","post_content_filtered":"","post_parent":0,"guid":"http:\/\/dev.claret.cat\/autor\/jose-maria-escudero\/","menu_order":0,"post_type":"autor","post_mime_type":"","comment_count":"0","filter":"raw"}],"booktrailer":"","resenas":""},"aioseo_notices":[],"_links":{"self":[{"href":"https:\/\/www.claret.cat\/es\/wp-json\/wp\/v2\/product\/198499","targetHints":{"allow":["GET"]}}],"collection":[{"href":"https:\/\/www.claret.cat\/es\/wp-json\/wp\/v2\/product"}],"about":[{"href":"https:\/\/www.claret.cat\/es\/wp-json\/wp\/v2\/types\/product"}],"wp:featuredmedia":[{"embeddable":true,"href":"https:\/\/www.claret.cat\/es\/wp-json\/wp\/v2\/media\/1023384"}],"wp:attachment":[{"href":"https:\/\/www.claret.cat\/es\/wp-json\/wp\/v2\/media?parent=198499"}],"wp:term":[{"taxonomy":"product_brand","embeddable":true,"href":"https:\/\/www.claret.cat\/es\/wp-json\/wp\/v2\/product_brand?post=198499"},{"taxonomy":"product_cat","embeddable":true,"href":"https:\/\/www.claret.cat\/es\/wp-json\/wp\/v2\/product_cat?post=198499"},{"taxonomy":"product_tag","embeddable":true,"href":"https:\/\/www.claret.cat\/es\/wp-json\/wp\/v2\/product_tag?post=198499"}],"curies":[{"name":"wp","href":"https:\/\/api.w.org\/{rel}","templated":true}]}}