{"id":198532,"date":"2022-10-20T08:25:41","date_gmt":"2022-10-20T06:25:41","guid":{"rendered":"http:\/\/dev.claret.cat\/producte\/digues-on-es-gegant-la-prehistoria\/"},"modified":"2024-08-29T11:45:51","modified_gmt":"2024-08-29T09:45:51","slug":"digues-on-es-gegant-la-prehistoria-9788466143295","status":"publish","type":"product","link":"https:\/\/www.claret.cat\/es\/libro\/digues-on-es-gegant-la-prehistoria-9788466143295\/","title":{"rendered":"DIGUES ON \u00c9S GEGANT: LA PREHIST\u00d2RIA"},"content":{"rendered":"<p>Un altre t\u00edtol de la s\u00e8rie Digues on \u00e9s Gegant, aquest cop per viatjar\u00a0 al a prehist\u00f2ria i veure qu\u00e8 hi havia.<\/p>\n","protected":false},"excerpt":{"rendered":"<p>COUVIN, YANN<\/p>\n","protected":false},"featured_media":198533,"template":"","meta":{"_acf_changed":false,"om_disable_all_campaigns":false,"rs_blank_template":"","rs_page_bg_color":"","slide_template_v7":"","inline_featured_image":false,"_monsterinsights_skip_tracking":false,"_monsterinsights_sitenote_active":false,"_monsterinsights_sitenote_note":"","_monsterinsights_sitenote_category":0},"product_brand":[],"product_cat":[86,352],"product_tag":[],"class_list":{"0":"post-198532","1":"product","2":"type-product","3":"status-publish","4":"has-post-thumbnail","6":"product_cat-infantil","7":"product_cat-infantil-3_infantil-juvenil-spa","9":"first","10":"instock","11":"taxable","12":"shipping-taxable","13":"purchasable","14":"product-type-simple"},"acf":{"autor":"COUVIN, YANN","codart":"846614329","libros-coleccion":"SUSHI BOOKS","ediciones":"1","encuadernacion":"Carton\u00e9","fecha_de_publicacion":"01\/10\/2017","novedad":"1","paginas":"12","subtitulo":"","orden":"0","portada":"0","idioma":"cat","autores-libros":[{"ID":171556,"post_author":"3","post_date":"2022-10-14 22:44:21","post_date_gmt":"2022-10-14 20:44:21","post_content":"","post_title":"YANN COUVIN","post_excerpt":"","post_status":"publish","comment_status":"closed","ping_status":"closed","post_password":"","post_name":"yann-couvin","to_ping":"","pinged":"","post_modified":"2022-10-14 22:44:21","post_modified_gmt":"2022-10-14 20:44:21","post_content_filtered":"","post_parent":0,"guid":"http:\/\/dev.claret.cat\/autor\/yann-couvin\/","menu_order":0,"post_type":"autor","post_mime_type":"","comment_count":"0","filter":"raw"}],"editorial":[{"ID":261923,"post_author":"3","post_date":"2022-10-24 11:17:38","post_date_gmt":"2022-10-24 09:17:38","post_content":"","post_title":"CRU\u00cfLLA","post_excerpt":"","post_status":"publish","comment_status":"closed","ping_status":"closed","post_password":"","post_name":"cruilla","to_ping":"","pinged":"","post_modified":"2022-10-24 11:17:38","post_modified_gmt":"2022-10-24 09:17:38","post_content_filtered":"","post_parent":0,"guid":"http:\/\/dev.claret.cat\/editorial\/cruilla\/","menu_order":0,"post_type":"editorial","post_mime_type":"","comment_count":"0","filter":"raw"}]},"aioseo_notices":[],"_links":{"self":[{"href":"https:\/\/www.claret.cat\/es\/wp-json\/wp\/v2\/product\/198532","targetHints":{"allow":["GET"]}}],"collection":[{"href":"https:\/\/www.claret.cat\/es\/wp-json\/wp\/v2\/product"}],"about":[{"href":"https:\/\/www.claret.cat\/es\/wp-json\/wp\/v2\/types\/product"}],"wp:featuredmedia":[{"embeddable":true,"href":"https:\/\/www.claret.cat\/es\/wp-json\/wp\/v2\/media\/198533"}],"wp:attachment":[{"href":"https:\/\/www.claret.cat\/es\/wp-json\/wp\/v2\/media?parent=198532"}],"wp:term":[{"taxonomy":"product_brand","embeddable":true,"href":"https:\/\/www.claret.cat\/es\/wp-json\/wp\/v2\/product_brand?post=198532"},{"taxonomy":"product_cat","embeddable":true,"href":"https:\/\/www.claret.cat\/es\/wp-json\/wp\/v2\/product_cat?post=198532"},{"taxonomy":"product_tag","embeddable":true,"href":"https:\/\/www.claret.cat\/es\/wp-json\/wp\/v2\/product_tag?post=198532"}],"curies":[{"name":"wp","href":"https:\/\/api.w.org\/{rel}","templated":true}]}}