{"id":198652,"date":"2022-10-20T08:27:40","date_gmt":"2022-10-20T06:27:40","guid":{"rendered":"http:\/\/dev.claret.cat\/producte\/como-criar-ninos-felices\/"},"modified":"2026-04-08T19:05:25","modified_gmt":"2026-04-08T17:05:25","slug":"como-criar-ninos-felices-9788499986340","status":"publish","type":"product","link":"https:\/\/www.claret.cat\/es\/libro\/como-criar-ninos-felices-9788499986340\/","title":{"rendered":"C\u00d3MO CRIAR NI\u00d1OS FELICES"},"content":{"rendered":"<p>Desde 1973 Dinamarca ha sido reconocido como uno de los pa\u00edses m\u00e1s felices del mundo. En este libro, pionero en su g\u00e9nero, la psicoterapeuta danesa Iben D. Sandahl, y la columnista estadounidense Jessica J. Alexander nos revelan el secreto de la felicidad de este pa\u00eds: su estilo de crianza. As\u00ed es, los padres daneses cr\u00edan hijos felices que crecen para ser adultos felices que repiten este ciclo. Esto se logra gracias a que, desde peque\u00f1os, los ni\u00f1os est\u00e1n en contacto con sus sentimientos, tienen seguridad en s\u00ed mismos y la capacidad para ver el lado positivo de las cosas. A lo largo de este libro, las autoras nos sugieren c\u00f3mo modificar nuestros viejos h\u00e1bitos para intentar la \u00abmanera danesa\u00bb de ver la vida y formar adultos plenos, tolerantes al fracaso y con una autoestima alta. <\/p>\n<p>\u00bfPodemos mejorar nuestro bienestar y criar a los ni\u00f1os m\u00e1s felices del mundo en nuestra propia casa? \u00a1La respuesta es s\u00ed!<\/p>\n","protected":false},"excerpt":{"rendered":"<p>JOELLE ALEXANDER, JESSICA \/ DISSING SANDAHL, IBEN<\/p>\n","protected":false},"featured_media":198653,"template":"","meta":{"_acf_changed":false,"om_disable_all_campaigns":false,"rs_blank_template":"","rs_page_bg_color":"","slide_template_v7":"","inline_featured_image":false,"_monsterinsights_skip_tracking":false,"_monsterinsights_sitenote_active":false,"_monsterinsights_sitenote_note":"","_monsterinsights_sitenote_category":0},"product_brand":[],"product_cat":[100,550],"product_tag":[],"class_list":{"0":"post-198652","1":"product","2":"type-product","3":"status-publish","4":"has-post-thumbnail","6":"product_cat-escola-de-pares","7":"product_cat-escuela-de-padres-3_infantil-juvenil-spa-spa","9":"first","10":"instock","11":"taxable","12":"shipping-taxable","13":"purchasable","14":"product-type-simple"},"acf":{"autor":"JOELLE ALEXANDER, JESSICA \/ DISSING SANDAHL, IBEN","codart":"849998634","libros-coleccion":"FUERA DE COLECCI\u00d3N","ediciones":"1","encuadernacion":"R\u00fastica","fecha_de_publicacion":"01\/10\/2017","novedad":"1","paginas":"243","subtitulo":"EL M\u00c9TODO DAN\u00c9S PARA DESARROLLAR LA AUTOESTIMA Y EL TALENTO DE NUESTROS HIJOS","orden":"0","portada":"0","idioma":"spa","editorial":[{"ID":6209,"post_author":"3","post_date":"2022-07-28 17:47:12","post_date_gmt":"2022-07-28 15:47:12","post_content":"","post_title":"Ediciones Temas de Hoy","post_excerpt":"","post_status":"publish","comment_status":"closed","ping_status":"closed","post_password":"","post_name":"ediciones-temas-de-hoy","to_ping":"","pinged":"","post_modified":"2022-07-28 17:47:12","post_modified_gmt":"2022-07-28 15:47:12","post_content_filtered":"","post_parent":0,"guid":"http:\/\/dev.claret.cat\/editorial\/ediciones-temas-de-hoy\/","menu_order":0,"post_type":"editorial","post_mime_type":"","comment_count":"0","filter":"raw"}],"autores-libros":[{"ID":423996,"post_author":"3","post_date":"2023-05-16 07:51:28","post_date_gmt":"2023-05-16 05:51:28","post_content":"","post_title":"JESSICA JOELLE ALEXANDER","post_excerpt":"","post_status":"publish","comment_status":"closed","ping_status":"closed","post_password":"","post_name":"jessica-joelle-alexander","to_ping":"","pinged":"","post_modified":"2023-05-16 07:51:28","post_modified_gmt":"2023-05-16 05:51:28","post_content_filtered":"","post_parent":0,"guid":"https:\/\/www.claret.cat\/autor\/jessica-joelle-alexander\/","menu_order":0,"post_type":"autor","post_mime_type":"","comment_count":"0","filter":"raw"},{"ID":423424,"post_author":"3","post_date":"2023-05-16 07:39:44","post_date_gmt":"2023-05-16 05:39:44","post_content":"","post_title":"IBEN DISSING SANDAHL","post_excerpt":"","post_status":"publish","comment_status":"closed","ping_status":"closed","post_password":"","post_name":"iben-dissing-sandahl","to_ping":"","pinged":"","post_modified":"2023-05-16 07:39:44","post_modified_gmt":"2023-05-16 05:39:44","post_content_filtered":"","post_parent":0,"guid":"https:\/\/www.claret.cat\/autor\/iben-dissing-sandahl\/","menu_order":0,"post_type":"autor","post_mime_type":"","comment_count":"0","filter":"raw"}],"booktrailer":"","resenas":""},"aioseo_notices":[],"_links":{"self":[{"href":"https:\/\/www.claret.cat\/es\/wp-json\/wp\/v2\/product\/198652","targetHints":{"allow":["GET"]}}],"collection":[{"href":"https:\/\/www.claret.cat\/es\/wp-json\/wp\/v2\/product"}],"about":[{"href":"https:\/\/www.claret.cat\/es\/wp-json\/wp\/v2\/types\/product"}],"wp:featuredmedia":[{"embeddable":true,"href":"https:\/\/www.claret.cat\/es\/wp-json\/wp\/v2\/media\/198653"}],"wp:attachment":[{"href":"https:\/\/www.claret.cat\/es\/wp-json\/wp\/v2\/media?parent=198652"}],"wp:term":[{"taxonomy":"product_brand","embeddable":true,"href":"https:\/\/www.claret.cat\/es\/wp-json\/wp\/v2\/product_brand?post=198652"},{"taxonomy":"product_cat","embeddable":true,"href":"https:\/\/www.claret.cat\/es\/wp-json\/wp\/v2\/product_cat?post=198652"},{"taxonomy":"product_tag","embeddable":true,"href":"https:\/\/www.claret.cat\/es\/wp-json\/wp\/v2\/product_tag?post=198652"}],"curies":[{"name":"wp","href":"https:\/\/api.w.org\/{rel}","templated":true}]}}