{"id":198655,"date":"2022-10-20T08:27:43","date_gmt":"2022-10-20T06:27:43","guid":{"rendered":"http:\/\/dev.claret.cat\/producte\/fisica-y-berenjenas\/"},"modified":"2023-01-28T17:06:33","modified_gmt":"2023-01-28T16:06:33","slug":"fisica-y-berenjenas-9788499928142","status":"publish","type":"product","link":"https:\/\/www.claret.cat\/es\/libro\/fisica-y-berenjenas-9788499928142\/","title":{"rendered":"F\u00cdSICA Y BERENJENAS"},"content":{"rendered":"<p>De Marconi a Einstein y de Woody Allen a Mussolini, pasando por los  Beatles y Olivia Newton John, Andr\u00e9s Gomberoff construye en F\u00edsica y berenjenas una esclarecedora obra de divulgaci\u00f3n cient\u00edfica, pero tambi\u00e9n un libro muy bien escrito, divertido y, sobre todo, muy entretenido. \u00abNo s\u00e9 por qu\u00e9 las ciencias resultan tan poco atractivas, incluso  intimidantes para tantos. Intuyo, sin embargo, que se trata  de una reacci\u00f3n que nosotros mismos hemos generado por la forma en que las ense\u00f1amos y comunicamos. Algo que podr\u00edamos llamar el efecto berenjena: a la mayor\u00eda parece no gustarles, pero no podemos culpar a la  berenjena. Es claro que solo puede deberse a la ignorancia que existe de c\u00f3mo cocinarla\u00bb, se\u00f1ala el autor. A trav\u00e9s de apasionantes relatos breves y an\u00e9cdotas cotidianas, Gomberoff nos asombra con cr\u00f3nicas sencillas que explican desde la  teor\u00eda de los universos paralelos hasta los misterios de la antimateria. Siguiendo el camino de algunos de sus referentes, como Carl Sagan y Stephen Hawking, logra explicar de manera simple y amena los grandes fen\u00f3menos y misterios del universo.<\/p>\n","protected":false},"excerpt":{"rendered":"<p>ANDR\u00c9S GOMBEROFF<\/p>\n","protected":false},"featured_media":198656,"template":"","meta":{"_acf_changed":false,"om_disable_all_campaigns":false,"rs_blank_template":"","rs_page_bg_color":"","slide_template_v7":"","inline_featured_image":false,"_monsterinsights_skip_tracking":false,"_monsterinsights_sitenote_active":false,"_monsterinsights_sitenote_note":"","_monsterinsights_sitenote_category":0},"product_brand":[],"product_cat":[104],"product_tag":[],"class_list":{"0":"post-198655","1":"product","2":"type-product","3":"status-publish","4":"has-post-thumbnail","6":"product_cat-ciencia","8":"first","9":"instock","10":"taxable","11":"shipping-taxable","12":"purchasable","13":"product-type-simple"},"acf":{"autor":"ANDR\u00c9S GOMBEROFF","codart":"849992814","libros-coleccion":"SUSHI BOOKS","ediciones":"1","encuadernacion":"R\u00fastica","fecha_de_publicacion":"01\/10\/2017","novedad":"1","paginas":"228","subtitulo":"LA BELLEZA INVISIBLE DEL UNIVERSO","orden":"0","portada":"0","idioma":"spa","editorial":[{"ID":6177,"post_author":"3","post_date":"2022-07-28 17:46:33","post_date_gmt":"2022-07-28 15:46:33","post_content":"","post_title":"DEBATE","post_excerpt":"","post_status":"publish","comment_status":"closed","ping_status":"closed","post_password":"","post_name":"debate","to_ping":"","pinged":"","post_modified":"2022-07-28 17:46:33","post_modified_gmt":"2022-07-28 15:46:33","post_content_filtered":"","post_parent":0,"guid":"http:\/\/dev.claret.cat\/editorial\/debate\/","menu_order":0,"post_type":"editorial","post_mime_type":"","comment_count":"0","filter":"raw"}]},"aioseo_notices":[],"_links":{"self":[{"href":"https:\/\/www.claret.cat\/es\/wp-json\/wp\/v2\/product\/198655","targetHints":{"allow":["GET"]}}],"collection":[{"href":"https:\/\/www.claret.cat\/es\/wp-json\/wp\/v2\/product"}],"about":[{"href":"https:\/\/www.claret.cat\/es\/wp-json\/wp\/v2\/types\/product"}],"wp:featuredmedia":[{"embeddable":true,"href":"https:\/\/www.claret.cat\/es\/wp-json\/wp\/v2\/media\/198656"}],"wp:attachment":[{"href":"https:\/\/www.claret.cat\/es\/wp-json\/wp\/v2\/media?parent=198655"}],"wp:term":[{"taxonomy":"product_brand","embeddable":true,"href":"https:\/\/www.claret.cat\/es\/wp-json\/wp\/v2\/product_brand?post=198655"},{"taxonomy":"product_cat","embeddable":true,"href":"https:\/\/www.claret.cat\/es\/wp-json\/wp\/v2\/product_cat?post=198655"},{"taxonomy":"product_tag","embeddable":true,"href":"https:\/\/www.claret.cat\/es\/wp-json\/wp\/v2\/product_tag?post=198655"}],"curies":[{"name":"wp","href":"https:\/\/api.w.org\/{rel}","templated":true}]}}