{"id":198778,"date":"2022-10-20T08:29:42","date_gmt":"2022-10-20T06:29:42","guid":{"rendered":"http:\/\/dev.claret.cat\/producte\/els-animals-darreu-del-mon\/"},"modified":"2025-10-20T20:59:17","modified_gmt":"2025-10-20T18:59:17","slug":"els-animals-darreu-del-mon-9788491372455","status":"publish","type":"product","link":"https:\/\/www.claret.cat\/es\/libro\/els-animals-darreu-del-mon-9788491372455\/","title":{"rendered":"ELS ANIMALS D&#8217;ARREU DEL M\u00d3N"},"content":{"rendered":"<p>Una incre\u00efble volta al m\u00f3n per con\u00e8ixer els animals i el seu medi natural! Ossos blancs i ping\u00fcins al Pol Nord, formigues al jard\u00ed, castors i ll\u00fadries al riu&#8230; en un llibre pop-up!<\/p>\n","protected":false},"excerpt":{"rendered":"<p>NILLE, PEGGY<\/p>\n","protected":false},"featured_media":198779,"template":"","meta":{"_acf_changed":false,"om_disable_all_campaigns":false,"rs_blank_template":"","rs_page_bg_color":"","slide_template_v7":"","inline_featured_image":false,"_monsterinsights_skip_tracking":false,"_monsterinsights_sitenote_active":false,"_monsterinsights_sitenote_note":"","_monsterinsights_sitenote_category":0},"product_brand":[],"product_cat":[86,352],"product_tag":[],"class_list":{"0":"post-198778","1":"product","2":"type-product","3":"status-publish","4":"has-post-thumbnail","6":"product_cat-infantil","7":"product_cat-infantil-3_infantil-juvenil-spa","9":"first","10":"instock","11":"taxable","12":"shipping-taxable","13":"purchasable","14":"product-type-simple"},"acf":{"autor":"NILLE, PEGGY","codart":"849137245","libros-coleccion":"SUSHI BOOKS","ediciones":"1","encuadernacion":"Carpeta","fecha_de_publicacion":"01\/10\/2017","novedad":"1","paginas":"18","subtitulo":"","orden":"0","portada":"0","idioma":"cat","editorial":[{"ID":6249,"post_author":"3","post_date":"2022-07-28 17:48:09","post_date_gmt":"2022-07-28 15:48:09","post_content":"","post_title":"Estrella Polar","post_excerpt":"","post_status":"publish","comment_status":"closed","ping_status":"closed","post_password":"","post_name":"estrella-polar","to_ping":"","pinged":"","post_modified":"2022-07-28 17:48:09","post_modified_gmt":"2022-07-28 15:48:09","post_content_filtered":"","post_parent":0,"guid":"http:\/\/dev.claret.cat\/editorial\/estrella-polar\/","menu_order":0,"post_type":"editorial","post_mime_type":"","comment_count":"0","filter":"raw"}],"autores-libros":[{"ID":166923,"post_author":"3","post_date":"2022-10-14 18:07:07","post_date_gmt":"2022-10-14 16:07:07","post_content":"","post_title":"PEGGY NILLE","post_excerpt":"","post_status":"publish","comment_status":"closed","ping_status":"closed","post_password":"","post_name":"peggy-nille","to_ping":"","pinged":"","post_modified":"2022-10-14 18:07:07","post_modified_gmt":"2022-10-14 16:07:07","post_content_filtered":"","post_parent":0,"guid":"http:\/\/dev.claret.cat\/autor\/peggy-nille\/","menu_order":0,"post_type":"autor","post_mime_type":"","comment_count":"0","filter":"raw"}],"booktrailer":"","resenas":""},"aioseo_notices":[],"_links":{"self":[{"href":"https:\/\/www.claret.cat\/es\/wp-json\/wp\/v2\/product\/198778","targetHints":{"allow":["GET"]}}],"collection":[{"href":"https:\/\/www.claret.cat\/es\/wp-json\/wp\/v2\/product"}],"about":[{"href":"https:\/\/www.claret.cat\/es\/wp-json\/wp\/v2\/types\/product"}],"wp:featuredmedia":[{"embeddable":true,"href":"https:\/\/www.claret.cat\/es\/wp-json\/wp\/v2\/media\/198779"}],"wp:attachment":[{"href":"https:\/\/www.claret.cat\/es\/wp-json\/wp\/v2\/media?parent=198778"}],"wp:term":[{"taxonomy":"product_brand","embeddable":true,"href":"https:\/\/www.claret.cat\/es\/wp-json\/wp\/v2\/product_brand?post=198778"},{"taxonomy":"product_cat","embeddable":true,"href":"https:\/\/www.claret.cat\/es\/wp-json\/wp\/v2\/product_cat?post=198778"},{"taxonomy":"product_tag","embeddable":true,"href":"https:\/\/www.claret.cat\/es\/wp-json\/wp\/v2\/product_tag?post=198778"}],"curies":[{"name":"wp","href":"https:\/\/api.w.org\/{rel}","templated":true}]}}