{"id":198832,"date":"2022-10-20T08:30:38","date_gmt":"2022-10-20T06:30:38","guid":{"rendered":"http:\/\/dev.claret.cat\/producte\/robinson-crusoe-6\/"},"modified":"2023-01-28T00:47:55","modified_gmt":"2023-01-27T23:47:55","slug":"robinson-crusoe-9788490268032","status":"publish","type":"product","link":"https:\/\/www.claret.cat\/es\/libro\/robinson-crusoe-9788490268032\/","title":{"rendered":"ROBINSON CRUSOE"},"content":{"rendered":"<p>El jove Robinson Crusoe naufraga en un viatge per mar, i acaba passant vint-i-huit anys de la seua vida en una illa remota. All\u00ed viur\u00e0 moltes aventures amb el seu inseparable company Divendres,<br \/>a qui va salvar d\u2019una mort segura a mans d\u2019una tribu de can\u00edbals. L\u2019obra estrella de l\u2019escriptor Daniel Defoe torna amb una adaptaci\u00f3 il\u00b7lustrada per al p\u00fablic juvenil.<br \/>Amb una gran fidelitat a l\u2019original, Jes\u00fas Cort\u00e9s ha sabut acostar als joves el gran \u00e8xit de Daniel Defoe, considerat el pare de la novel\u00b7la anglesa. Cort\u00e9s ha adaptat altres cl\u00e0ssics com Els tres mosqueters, Les aventures de Huckleberry Finn i Frankenstein, publicats tamb\u00e9 en aquesta col\u00b7lecci\u00f3.<\/p>\n","protected":false},"excerpt":{"rendered":"<p>DEFOE, DANIEL<\/p>\n","protected":false},"featured_media":319544,"template":"","meta":{"_acf_changed":false,"om_disable_all_campaigns":false,"rs_blank_template":"","rs_page_bg_color":"","slide_template_v7":"","inline_featured_image":false,"_monsterinsights_skip_tracking":false,"_monsterinsights_sitenote_active":false,"_monsterinsights_sitenote_note":"","_monsterinsights_sitenote_category":0},"product_brand":[],"product_cat":[352,86],"product_tag":[],"class_list":{"0":"post-198832","1":"product","2":"type-product","3":"status-publish","4":"has-post-thumbnail","6":"product_cat-infantil-3_infantil-juvenil-spa","7":"product_cat-infantil","9":"first","10":"instock","11":"taxable","12":"shipping-taxable","13":"purchasable","14":"product-type-simple"},"acf":{"autor":"DEFOE, DANIEL","codart":"849026803","libros-coleccion":"SUSHI BOOKS","ediciones":"1","encuadernacion":"R\u00fastica","fecha_de_publicacion":"01\/10\/2017","novedad":"1","paginas":"208","subtitulo":"","orden":"0","portada":"0","idioma":"cat","editorial":[{"ID":147569,"post_author":"3","post_date":"2022-10-14 11:51:34","post_date_gmt":"2022-10-14 09:51:34","post_content":"","post_title":"BROMERA, EDICIONS-VALENCIANO\/CATALAN-TXT","post_excerpt":"","post_status":"publish","comment_status":"closed","ping_status":"closed","post_password":"","post_name":"bromera-edicions-valenciano-catalan-txt","to_ping":"","pinged":"","post_modified":"2022-10-14 11:51:34","post_modified_gmt":"2022-10-14 09:51:34","post_content_filtered":"","post_parent":0,"guid":"http:\/\/dev.claret.cat\/editorial\/bromera-edicions-valenciano-catalan-txt\/","menu_order":0,"post_type":"editorial","post_mime_type":"","comment_count":"0","filter":"raw"}],"autores-libros":[{"ID":153571,"post_author":"3","post_date":"2022-10-14 14:57:49","post_date_gmt":"2022-10-14 12:57:49","post_content":"","post_title":"DANIEL DEFOE","post_excerpt":"","post_status":"publish","comment_status":"closed","ping_status":"closed","post_password":"","post_name":"daniel-defoe","to_ping":"","pinged":"","post_modified":"2022-10-14 14:57:49","post_modified_gmt":"2022-10-14 12:57:49","post_content_filtered":"","post_parent":0,"guid":"http:\/\/dev.claret.cat\/autor\/daniel-defoe\/","menu_order":0,"post_type":"autor","post_mime_type":"","comment_count":"0","filter":"raw"}]},"aioseo_notices":[],"_links":{"self":[{"href":"https:\/\/www.claret.cat\/es\/wp-json\/wp\/v2\/product\/198832","targetHints":{"allow":["GET"]}}],"collection":[{"href":"https:\/\/www.claret.cat\/es\/wp-json\/wp\/v2\/product"}],"about":[{"href":"https:\/\/www.claret.cat\/es\/wp-json\/wp\/v2\/types\/product"}],"wp:featuredmedia":[{"embeddable":true,"href":"https:\/\/www.claret.cat\/es\/wp-json\/wp\/v2\/media\/319544"}],"wp:attachment":[{"href":"https:\/\/www.claret.cat\/es\/wp-json\/wp\/v2\/media?parent=198832"}],"wp:term":[{"taxonomy":"product_brand","embeddable":true,"href":"https:\/\/www.claret.cat\/es\/wp-json\/wp\/v2\/product_brand?post=198832"},{"taxonomy":"product_cat","embeddable":true,"href":"https:\/\/www.claret.cat\/es\/wp-json\/wp\/v2\/product_cat?post=198832"},{"taxonomy":"product_tag","embeddable":true,"href":"https:\/\/www.claret.cat\/es\/wp-json\/wp\/v2\/product_tag?post=198832"}],"curies":[{"name":"wp","href":"https:\/\/api.w.org\/{rel}","templated":true}]}}