{"id":199003,"date":"2022-10-20T08:33:32","date_gmt":"2022-10-20T06:33:32","guid":{"rendered":"http:\/\/dev.claret.cat\/producte\/enigmes-2\/"},"modified":"2024-04-24T17:15:29","modified_gmt":"2024-04-24T15:15:29","slug":"enigmes-9788494582974","status":"publish","type":"product","link":"https:\/\/www.claret.cat\/es\/libro\/enigmes-9788494582974\/","title":{"rendered":"ENIGMES"},"content":{"rendered":"<p>Diverteix-te resolent aquesta recopilaci\u00f3 d&#8221;enigmes de misteri en qu\u00e8 practicar\u00e0s dues maneres diferents de pensar i d&#8221;analitzar les inc\u00f2gnites que se&#8221;t plantegen: alguns enigmes els resoldr\u00e0s fent servir la l\u00f2gica i d&#8221;altres, amb la imaginaci\u00f3. Hi podr\u00e0s jugar sol, per equips o en fam\u00edlia.<\/p>\n","protected":false},"excerpt":{"rendered":"<p>ESCANDELL, V\u00cdCTOR<\/p>\n","protected":false},"featured_media":199004,"template":"","meta":{"_acf_changed":false,"om_disable_all_campaigns":false,"rs_blank_template":"","rs_page_bg_color":"","slide_template_v7":"","inline_featured_image":false,"_monsterinsights_skip_tracking":false,"_monsterinsights_sitenote_active":false,"_monsterinsights_sitenote_note":"","_monsterinsights_sitenote_category":0},"product_brand":[],"product_cat":[352,86],"product_tag":[],"class_list":{"0":"post-199003","1":"product","2":"type-product","3":"status-publish","4":"has-post-thumbnail","6":"product_cat-infantil-3_infantil-juvenil-spa","7":"product_cat-infantil","9":"first","10":"instock","11":"taxable","12":"shipping-taxable","13":"purchasable","14":"product-type-simple"},"acf":{"autor":"ESCANDELL, V\u00cdCTOR","codart":"849458297","libros-coleccion":"","ediciones":"1","encuadernacion":"Carton\u00e9","fecha_de_publicacion":"01\/10\/2017","novedad":"1","paginas":"62","subtitulo":"","orden":"0","portada":"0","idioma":"cat","editorial":[{"ID":148986,"post_author":"3","post_date":"2022-10-14 12:02:33","post_date_gmt":"2022-10-14 10:02:33","post_content":"","post_title":"ZAHORI PACKAGED IDEAS","post_excerpt":"","post_status":"publish","comment_status":"closed","ping_status":"closed","post_password":"","post_name":"zahori-packaged-ideas","to_ping":"","pinged":"","post_modified":"2022-10-14 12:02:33","post_modified_gmt":"2022-10-14 10:02:33","post_content_filtered":"","post_parent":0,"guid":"http:\/\/dev.claret.cat\/editorial\/zahori-packaged-ideas\/","menu_order":0,"post_type":"editorial","post_mime_type":"","comment_count":"0","filter":"raw"}],"autores-libros":[{"ID":171003,"post_author":"3","post_date":"2022-10-14 22:39:54","post_date_gmt":"2022-10-14 20:39:54","post_content":"","post_title":"VICTOR ESCANDELL","post_excerpt":"","post_status":"publish","comment_status":"closed","ping_status":"closed","post_password":"","post_name":"victor-escandell","to_ping":"","pinged":"","post_modified":"2022-10-14 22:39:54","post_modified_gmt":"2022-10-14 20:39:54","post_content_filtered":"","post_parent":0,"guid":"http:\/\/dev.claret.cat\/autor\/victor-escandell\/","menu_order":0,"post_type":"autor","post_mime_type":"","comment_count":"0","filter":"raw"}]},"aioseo_notices":[],"_links":{"self":[{"href":"https:\/\/www.claret.cat\/es\/wp-json\/wp\/v2\/product\/199003","targetHints":{"allow":["GET"]}}],"collection":[{"href":"https:\/\/www.claret.cat\/es\/wp-json\/wp\/v2\/product"}],"about":[{"href":"https:\/\/www.claret.cat\/es\/wp-json\/wp\/v2\/types\/product"}],"wp:featuredmedia":[{"embeddable":true,"href":"https:\/\/www.claret.cat\/es\/wp-json\/wp\/v2\/media\/199004"}],"wp:attachment":[{"href":"https:\/\/www.claret.cat\/es\/wp-json\/wp\/v2\/media?parent=199003"}],"wp:term":[{"taxonomy":"product_brand","embeddable":true,"href":"https:\/\/www.claret.cat\/es\/wp-json\/wp\/v2\/product_brand?post=199003"},{"taxonomy":"product_cat","embeddable":true,"href":"https:\/\/www.claret.cat\/es\/wp-json\/wp\/v2\/product_cat?post=199003"},{"taxonomy":"product_tag","embeddable":true,"href":"https:\/\/www.claret.cat\/es\/wp-json\/wp\/v2\/product_tag?post=199003"}],"curies":[{"name":"wp","href":"https:\/\/api.w.org\/{rel}","templated":true}]}}