{"id":199072,"date":"2022-10-20T08:34:39","date_gmt":"2022-10-20T06:34:39","guid":{"rendered":"http:\/\/dev.claret.cat\/producte\/on-ets-conillet\/"},"modified":"2026-03-03T09:35:20","modified_gmt":"2026-03-03T08:35:20","slug":"on-ets-conillet-9781474946827","status":"publish","type":"product","link":"https:\/\/www.claret.cat\/es\/libro\/on-ets-conillet-9781474946827\/","title":{"rendered":"ON ETS, CONILLET?"},"content":{"rendered":"<p>Els m\u00e9s petits s&#8217;ho passaran d&#8217;all\u00f2 m\u00e9s b\u00e9 mirant pels forats per trobar el conillet, que no apareix per enlloc.<\/p>\n","protected":false},"excerpt":{"rendered":"<p>TAPLIN SAM<\/p>\n","protected":false},"featured_media":1087265,"template":"","meta":{"_acf_changed":false,"om_disable_all_campaigns":false,"rs_blank_template":"","rs_page_bg_color":"","slide_template_v7":"","inline_featured_image":false,"_monsterinsights_skip_tracking":false,"_monsterinsights_sitenote_active":false,"_monsterinsights_sitenote_note":"","_monsterinsights_sitenote_category":0},"product_brand":[],"product_cat":[86,352],"product_tag":[],"class_list":{"0":"post-199072","1":"product","2":"type-product","3":"status-publish","4":"has-post-thumbnail","6":"product_cat-infantil","7":"product_cat-infantil-3_infantil-juvenil-spa","9":"first","10":"outofstock","11":"taxable","12":"shipping-taxable","13":"purchasable","14":"product-type-simple"},"acf":{"autor":"TAPLIN SAM","codart":"147494682","libros-coleccion":"USBORNE","ediciones":"1","encuadernacion":"Carton\u00e9","fecha_de_publicacion":"01\/10\/2017","novedad":"0","paginas":"10","subtitulo":"","orden":"0","portada":"0","idioma":"cat","editorial":[{"ID":6385,"post_author":"3","post_date":"2022-07-28 17:51:04","post_date_gmt":"2022-07-28 15:51:04","post_content":"","post_title":"USBORNE ED.","post_excerpt":"","post_status":"publish","comment_status":"closed","ping_status":"closed","post_password":"","post_name":"usborne-ed","to_ping":"","pinged":"","post_modified":"2022-07-28 17:51:04","post_modified_gmt":"2022-07-28 15:51:04","post_content_filtered":"","post_parent":0,"guid":"http:\/\/dev.claret.cat\/editorial\/usborne-ed\/","menu_order":0,"post_type":"editorial","post_mime_type":"","comment_count":"0","filter":"raw"}],"autores-libros":[{"ID":170139,"post_author":"3","post_date":"2022-10-14 22:32:53","post_date_gmt":"2022-10-14 20:32:53","post_content":"","post_title":"TAPLIN SAM","post_excerpt":"","post_status":"publish","comment_status":"closed","ping_status":"closed","post_password":"","post_name":"taplin-sam","to_ping":"","pinged":"","post_modified":"2022-10-14 22:32:53","post_modified_gmt":"2022-10-14 20:32:53","post_content_filtered":"","post_parent":0,"guid":"http:\/\/dev.claret.cat\/autor\/taplin-sam\/","menu_order":0,"post_type":"autor","post_mime_type":"","comment_count":"0","filter":"raw"}],"booktrailer":"","resenas":""},"aioseo_notices":[],"_links":{"self":[{"href":"https:\/\/www.claret.cat\/es\/wp-json\/wp\/v2\/product\/199072","targetHints":{"allow":["GET"]}}],"collection":[{"href":"https:\/\/www.claret.cat\/es\/wp-json\/wp\/v2\/product"}],"about":[{"href":"https:\/\/www.claret.cat\/es\/wp-json\/wp\/v2\/types\/product"}],"wp:featuredmedia":[{"embeddable":true,"href":"https:\/\/www.claret.cat\/es\/wp-json\/wp\/v2\/media\/1087265"}],"wp:attachment":[{"href":"https:\/\/www.claret.cat\/es\/wp-json\/wp\/v2\/media?parent=199072"}],"wp:term":[{"taxonomy":"product_brand","embeddable":true,"href":"https:\/\/www.claret.cat\/es\/wp-json\/wp\/v2\/product_brand?post=199072"},{"taxonomy":"product_cat","embeddable":true,"href":"https:\/\/www.claret.cat\/es\/wp-json\/wp\/v2\/product_cat?post=199072"},{"taxonomy":"product_tag","embeddable":true,"href":"https:\/\/www.claret.cat\/es\/wp-json\/wp\/v2\/product_tag?post=199072"}],"curies":[{"name":"wp","href":"https:\/\/api.w.org\/{rel}","templated":true}]}}