{"id":199081,"date":"2022-10-20T08:34:48","date_gmt":"2022-10-20T06:34:48","guid":{"rendered":"http:\/\/dev.claret.cat\/producte\/mides-i-mesures\/"},"modified":"2023-01-28T06:36:42","modified_gmt":"2023-01-28T05:36:42","slug":"mides-i-mesures-9781474946889","status":"publish","type":"product","link":"https:\/\/www.claret.cat\/es\/libro\/mides-i-mesures-9781474946889\/","title":{"rendered":"MIDES I MESURES"},"content":{"rendered":"<p>La familiaritat amb conceptes com les mides, mesures i proporcions \u00e9s essencial en l\u2019etapa preescolar i aquest llibre proposa una manera l\u00fadica d\u2019endinsar-s\u2019hi. Amb m\u00e9s de 60 solapes, \u00e9s ideal perqu\u00e8 pares i fills les obrin junts i comentin tots els detalls que van descobrint. Una bona manera d\u2019aprendre tot divertint-se!<\/p>\n","protected":false},"excerpt":{"rendered":"<p>WATSON HANNAH<\/p>\n","protected":false},"featured_media":199082,"template":"","meta":{"_acf_changed":false,"om_disable_all_campaigns":false,"rs_blank_template":"","rs_page_bg_color":"","slide_template_v7":"","inline_featured_image":false,"_monsterinsights_skip_tracking":false,"_monsterinsights_sitenote_active":false,"_monsterinsights_sitenote_note":"","_monsterinsights_sitenote_category":0},"product_brand":[],"product_cat":[86],"product_tag":[],"class_list":{"0":"post-199081","1":"product","2":"type-product","3":"status-publish","4":"has-post-thumbnail","6":"product_cat-infantil","8":"first","9":"instock","10":"taxable","11":"shipping-taxable","12":"purchasable","13":"product-type-simple"},"acf":{"autor":"WATSON HANNAH","codart":"147494688","libros-coleccion":"USBORNE","ediciones":"1","encuadernacion":"Carton\u00e9","fecha_de_publicacion":"01\/10\/2017","novedad":"1","paginas":"16","subtitulo":"","orden":"0","portada":"0","idioma":"spa","editorial":[{"ID":6385,"post_author":"3","post_date":"2022-07-28 17:51:04","post_date_gmt":"2022-07-28 15:51:04","post_content":"","post_title":"USBORNE ED.","post_excerpt":"","post_status":"publish","comment_status":"closed","ping_status":"closed","post_password":"","post_name":"usborne-ed","to_ping":"","pinged":"","post_modified":"2022-07-28 17:51:04","post_modified_gmt":"2022-07-28 15:51:04","post_content_filtered":"","post_parent":0,"guid":"http:\/\/dev.claret.cat\/editorial\/usborne-ed\/","menu_order":0,"post_type":"editorial","post_mime_type":"","comment_count":"0","filter":"raw"}],"autores-libros":[{"ID":6089,"post_author":"3","post_date":"2022-07-28 17:37:54","post_date_gmt":"2022-07-28 15:37:54","post_content":"","post_title":"WATSON HANNAH","post_excerpt":"","post_status":"publish","comment_status":"closed","ping_status":"closed","post_password":"","post_name":"watson-hannah","to_ping":"","pinged":"","post_modified":"2022-07-28 17:37:54","post_modified_gmt":"2022-07-28 15:37:54","post_content_filtered":"","post_parent":0,"guid":"http:\/\/dev.claret.cat\/autor\/watson-hannah\/","menu_order":0,"post_type":"autor","post_mime_type":"","comment_count":"0","filter":"raw"}]},"aioseo_notices":[],"_links":{"self":[{"href":"https:\/\/www.claret.cat\/es\/wp-json\/wp\/v2\/product\/199081","targetHints":{"allow":["GET"]}}],"collection":[{"href":"https:\/\/www.claret.cat\/es\/wp-json\/wp\/v2\/product"}],"about":[{"href":"https:\/\/www.claret.cat\/es\/wp-json\/wp\/v2\/types\/product"}],"wp:featuredmedia":[{"embeddable":true,"href":"https:\/\/www.claret.cat\/es\/wp-json\/wp\/v2\/media\/199082"}],"wp:attachment":[{"href":"https:\/\/www.claret.cat\/es\/wp-json\/wp\/v2\/media?parent=199081"}],"wp:term":[{"taxonomy":"product_brand","embeddable":true,"href":"https:\/\/www.claret.cat\/es\/wp-json\/wp\/v2\/product_brand?post=199081"},{"taxonomy":"product_cat","embeddable":true,"href":"https:\/\/www.claret.cat\/es\/wp-json\/wp\/v2\/product_cat?post=199081"},{"taxonomy":"product_tag","embeddable":true,"href":"https:\/\/www.claret.cat\/es\/wp-json\/wp\/v2\/product_tag?post=199081"}],"curies":[{"name":"wp","href":"https:\/\/api.w.org\/{rel}","templated":true}]}}