{"id":199102,"date":"2022-10-20T08:35:09","date_gmt":"2022-10-20T06:35:09","guid":{"rendered":"http:\/\/dev.claret.cat\/producte\/100-bichitos-que-doblar-y-hacer-volar\/"},"modified":"2023-01-28T19:18:38","modified_gmt":"2023-01-28T18:18:38","slug":"100-bichitos-que-doblar-y-hacer-volar-9781474947190","status":"publish","type":"product","link":"https:\/\/www.claret.cat\/es\/libro\/100-bichitos-que-doblar-y-hacer-volar-9781474947190\/","title":{"rendered":"100 BICHITOS QUE DOBLAR Y HACER VOLAR"},"content":{"rendered":"<p>Un libro de hojas arrancables que doblar siguiendo las sencillas instrucciones para crear una bonita colecci\u00f3n de bichitos voladores entre los que hay mariposas, escarabajos, saltamontes y mucho m\u00e1s. Los ni\u00f1os estar\u00e1n orgullosos de sus creaciones, con las que podr\u00e1n jugar, impresionar a sus amigos y decorar su cuarto.<\/p>\n","protected":false},"excerpt":{"rendered":"<p>KIMIMAKI ESSI\/L<\/p>\n","protected":false},"featured_media":199103,"template":"","meta":{"_acf_changed":false,"om_disable_all_campaigns":false,"rs_blank_template":"","rs_page_bg_color":"","slide_template_v7":"","inline_featured_image":false,"_monsterinsights_skip_tracking":false,"_monsterinsights_sitenote_active":false,"_monsterinsights_sitenote_note":"","_monsterinsights_sitenote_category":0},"product_brand":[],"product_cat":[86],"product_tag":[],"class_list":{"0":"post-199102","1":"product","2":"type-product","3":"status-publish","4":"has-post-thumbnail","6":"product_cat-infantil","8":"first","9":"instock","10":"taxable","11":"shipping-taxable","12":"purchasable","13":"product-type-simple"},"acf":{"autor":"KIMIMAKI ESSI\/L","codart":"147494719","libros-coleccion":"USBORNE","ediciones":"1","encuadernacion":"Carpeta","fecha_de_publicacion":"01\/10\/2017","novedad":"1","paginas":"120","subtitulo":"","orden":"0","portada":"0","idioma":"spa","editorial":[{"ID":6385,"post_author":"3","post_date":"2022-07-28 17:51:04","post_date_gmt":"2022-07-28 15:51:04","post_content":"","post_title":"USBORNE ED.","post_excerpt":"","post_status":"publish","comment_status":"closed","ping_status":"closed","post_password":"","post_name":"usborne-ed","to_ping":"","pinged":"","post_modified":"2022-07-28 17:51:04","post_modified_gmt":"2022-07-28 15:51:04","post_content_filtered":"","post_parent":0,"guid":"http:\/\/dev.claret.cat\/editorial\/usborne-ed\/","menu_order":0,"post_type":"editorial","post_mime_type":"","comment_count":"0","filter":"raw"}]},"aioseo_notices":[],"_links":{"self":[{"href":"https:\/\/www.claret.cat\/es\/wp-json\/wp\/v2\/product\/199102","targetHints":{"allow":["GET"]}}],"collection":[{"href":"https:\/\/www.claret.cat\/es\/wp-json\/wp\/v2\/product"}],"about":[{"href":"https:\/\/www.claret.cat\/es\/wp-json\/wp\/v2\/types\/product"}],"wp:featuredmedia":[{"embeddable":true,"href":"https:\/\/www.claret.cat\/es\/wp-json\/wp\/v2\/media\/199103"}],"wp:attachment":[{"href":"https:\/\/www.claret.cat\/es\/wp-json\/wp\/v2\/media?parent=199102"}],"wp:term":[{"taxonomy":"product_brand","embeddable":true,"href":"https:\/\/www.claret.cat\/es\/wp-json\/wp\/v2\/product_brand?post=199102"},{"taxonomy":"product_cat","embeddable":true,"href":"https:\/\/www.claret.cat\/es\/wp-json\/wp\/v2\/product_cat?post=199102"},{"taxonomy":"product_tag","embeddable":true,"href":"https:\/\/www.claret.cat\/es\/wp-json\/wp\/v2\/product_tag?post=199102"}],"curies":[{"name":"wp","href":"https:\/\/api.w.org\/{rel}","templated":true}]}}