{"id":199111,"date":"2022-10-20T08:35:18","date_gmt":"2022-10-20T06:35:18","guid":{"rendered":"http:\/\/dev.claret.cat\/producte\/199-animales-de-un-zoo\/"},"modified":"2023-01-28T05:19:30","modified_gmt":"2023-01-28T04:19:30","slug":"199-animales-de-un-zoo-9781474947466","status":"publish","type":"product","link":"https:\/\/www.claret.cat\/es\/libro\/199-animales-de-un-zoo-9781474947466\/","title":{"rendered":"199 ANIMALES DE UN ZOO"},"content":{"rendered":"<p>A los ni\u00f1os les encantar\u00e1 observar y comentar una gran variedad de animales, desde los m\u00e1s comunes a los m\u00e1s ex\u00f3ticos, que se pueden ver en un zoo. Con p\u00e1ginas tem\u00e1ticas que incluyen reptiles, el estanque de los ping\u00fcinos, aves de presa y un zoo infantil. Un libro ideal para aumentar el vocabulario sobre el reino animal.<\/p>\n","protected":false},"excerpt":{"rendered":"<p>WATSON HANNAH<\/p>\n","protected":false},"featured_media":199112,"template":"","meta":{"_acf_changed":false,"om_disable_all_campaigns":false,"rs_blank_template":"","rs_page_bg_color":"","slide_template_v7":"","inline_featured_image":false,"_monsterinsights_skip_tracking":false,"_monsterinsights_sitenote_active":false,"_monsterinsights_sitenote_note":"","_monsterinsights_sitenote_category":0},"product_brand":[],"product_cat":[86],"product_tag":[],"class_list":{"0":"post-199111","1":"product","2":"type-product","3":"status-publish","4":"has-post-thumbnail","6":"product_cat-infantil","8":"first","9":"instock","10":"taxable","11":"shipping-taxable","12":"purchasable","13":"product-type-simple"},"acf":{"autor":"WATSON HANNAH","codart":"147494746","libros-coleccion":"USBORNE","ediciones":"1","encuadernacion":"Carpeta","fecha_de_publicacion":"01\/10\/2017","novedad":"1","paginas":"35","subtitulo":"","orden":"0","portada":"0","idioma":"spa","editorial":[{"ID":6385,"post_author":"3","post_date":"2022-07-28 17:51:04","post_date_gmt":"2022-07-28 15:51:04","post_content":"","post_title":"USBORNE ED.","post_excerpt":"","post_status":"publish","comment_status":"closed","ping_status":"closed","post_password":"","post_name":"usborne-ed","to_ping":"","pinged":"","post_modified":"2022-07-28 17:51:04","post_modified_gmt":"2022-07-28 15:51:04","post_content_filtered":"","post_parent":0,"guid":"http:\/\/dev.claret.cat\/editorial\/usborne-ed\/","menu_order":0,"post_type":"editorial","post_mime_type":"","comment_count":"0","filter":"raw"}],"autores-libros":[{"ID":6089,"post_author":"3","post_date":"2022-07-28 17:37:54","post_date_gmt":"2022-07-28 15:37:54","post_content":"","post_title":"WATSON HANNAH","post_excerpt":"","post_status":"publish","comment_status":"closed","ping_status":"closed","post_password":"","post_name":"watson-hannah","to_ping":"","pinged":"","post_modified":"2022-07-28 17:37:54","post_modified_gmt":"2022-07-28 15:37:54","post_content_filtered":"","post_parent":0,"guid":"http:\/\/dev.claret.cat\/autor\/watson-hannah\/","menu_order":0,"post_type":"autor","post_mime_type":"","comment_count":"0","filter":"raw"}]},"aioseo_notices":[],"_links":{"self":[{"href":"https:\/\/www.claret.cat\/es\/wp-json\/wp\/v2\/product\/199111","targetHints":{"allow":["GET"]}}],"collection":[{"href":"https:\/\/www.claret.cat\/es\/wp-json\/wp\/v2\/product"}],"about":[{"href":"https:\/\/www.claret.cat\/es\/wp-json\/wp\/v2\/types\/product"}],"wp:featuredmedia":[{"embeddable":true,"href":"https:\/\/www.claret.cat\/es\/wp-json\/wp\/v2\/media\/199112"}],"wp:attachment":[{"href":"https:\/\/www.claret.cat\/es\/wp-json\/wp\/v2\/media?parent=199111"}],"wp:term":[{"taxonomy":"product_brand","embeddable":true,"href":"https:\/\/www.claret.cat\/es\/wp-json\/wp\/v2\/product_brand?post=199111"},{"taxonomy":"product_cat","embeddable":true,"href":"https:\/\/www.claret.cat\/es\/wp-json\/wp\/v2\/product_cat?post=199111"},{"taxonomy":"product_tag","embeddable":true,"href":"https:\/\/www.claret.cat\/es\/wp-json\/wp\/v2\/product_tag?post=199111"}],"curies":[{"name":"wp","href":"https:\/\/api.w.org\/{rel}","templated":true}]}}