{"id":199129,"date":"2022-10-20T08:35:36","date_gmt":"2022-10-20T06:35:36","guid":{"rendered":"http:\/\/dev.claret.cat\/producte\/frutas-y-verduras-pegatinas\/"},"modified":"2023-01-28T19:40:14","modified_gmt":"2023-01-28T18:40:14","slug":"frutas-y-verduras-pegatinas-9781474948715","status":"publish","type":"product","link":"https:\/\/www.claret.cat\/es\/libro\/frutas-y-verduras-pegatinas-9781474948715\/","title":{"rendered":"FRUTAS Y VERDURAS PEGATINAS"},"content":{"rendered":"<p>Un t\u00edtulo fant\u00e1stico para familiarizar a los ni\u00f1os peque\u00f1os con una amplia gama de frutas y verduras de todo el mundo. Contiene much\u00edsimo vocabulario, m\u00e1s de 150 pegatinas y escenas que incitan a probar y cultivar un sinf\u00edn de vegetales coloridos y nutritivos. Ideal para comentar durante las comidas familiares.<\/p>\n","protected":false},"excerpt":{"rendered":"<p>WATSON HANNAH<\/p>\n","protected":false},"featured_media":199130,"template":"","meta":{"_acf_changed":false,"om_disable_all_campaigns":false,"rs_blank_template":"","rs_page_bg_color":"","slide_template_v7":"","inline_featured_image":false,"_monsterinsights_skip_tracking":false,"_monsterinsights_sitenote_active":false,"_monsterinsights_sitenote_note":"","_monsterinsights_sitenote_category":0},"product_brand":[],"product_cat":[86],"product_tag":[],"class_list":{"0":"post-199129","1":"product","2":"type-product","3":"status-publish","4":"has-post-thumbnail","6":"product_cat-infantil","8":"first","9":"instock","10":"taxable","11":"shipping-taxable","12":"purchasable","13":"product-type-simple"},"acf":{"autor":"WATSON HANNAH","codart":"147494871","libros-coleccion":"USBORNE","ediciones":"1","encuadernacion":"Carpeta","fecha_de_publicacion":"01\/10\/2017","novedad":"1","paginas":"35","subtitulo":"","orden":"0","portada":"0","idioma":"spa","editorial":[{"ID":6385,"post_author":"3","post_date":"2022-07-28 17:51:04","post_date_gmt":"2022-07-28 15:51:04","post_content":"","post_title":"USBORNE ED.","post_excerpt":"","post_status":"publish","comment_status":"closed","ping_status":"closed","post_password":"","post_name":"usborne-ed","to_ping":"","pinged":"","post_modified":"2022-07-28 17:51:04","post_modified_gmt":"2022-07-28 15:51:04","post_content_filtered":"","post_parent":0,"guid":"http:\/\/dev.claret.cat\/editorial\/usborne-ed\/","menu_order":0,"post_type":"editorial","post_mime_type":"","comment_count":"0","filter":"raw"}],"autores-libros":[{"ID":6089,"post_author":"3","post_date":"2022-07-28 17:37:54","post_date_gmt":"2022-07-28 15:37:54","post_content":"","post_title":"WATSON HANNAH","post_excerpt":"","post_status":"publish","comment_status":"closed","ping_status":"closed","post_password":"","post_name":"watson-hannah","to_ping":"","pinged":"","post_modified":"2022-07-28 17:37:54","post_modified_gmt":"2022-07-28 15:37:54","post_content_filtered":"","post_parent":0,"guid":"http:\/\/dev.claret.cat\/autor\/watson-hannah\/","menu_order":0,"post_type":"autor","post_mime_type":"","comment_count":"0","filter":"raw"}]},"aioseo_notices":[],"_links":{"self":[{"href":"https:\/\/www.claret.cat\/es\/wp-json\/wp\/v2\/product\/199129","targetHints":{"allow":["GET"]}}],"collection":[{"href":"https:\/\/www.claret.cat\/es\/wp-json\/wp\/v2\/product"}],"about":[{"href":"https:\/\/www.claret.cat\/es\/wp-json\/wp\/v2\/types\/product"}],"wp:featuredmedia":[{"embeddable":true,"href":"https:\/\/www.claret.cat\/es\/wp-json\/wp\/v2\/media\/199130"}],"wp:attachment":[{"href":"https:\/\/www.claret.cat\/es\/wp-json\/wp\/v2\/media?parent=199129"}],"wp:term":[{"taxonomy":"product_brand","embeddable":true,"href":"https:\/\/www.claret.cat\/es\/wp-json\/wp\/v2\/product_brand?post=199129"},{"taxonomy":"product_cat","embeddable":true,"href":"https:\/\/www.claret.cat\/es\/wp-json\/wp\/v2\/product_cat?post=199129"},{"taxonomy":"product_tag","embeddable":true,"href":"https:\/\/www.claret.cat\/es\/wp-json\/wp\/v2\/product_tag?post=199129"}],"curies":[{"name":"wp","href":"https:\/\/api.w.org\/{rel}","templated":true}]}}