{"id":199177,"date":"2022-10-20T08:36:28","date_gmt":"2022-10-20T06:36:28","guid":{"rendered":"http:\/\/dev.claret.cat\/producte\/1001-fotografias-que-hay-que-ver-antes-de-morir\/"},"modified":"2025-11-03T10:21:01","modified_gmt":"2025-11-03T09:21:01","slug":"1001-fotografias-que-hay-que-ver-antes-de-morir-9788416895298","status":"publish","type":"product","link":"https:\/\/www.claret.cat\/es\/libro\/1001-fotografias-que-hay-que-ver-antes-de-morir-9788416895298\/","title":{"rendered":"1001 FOTOGRAF\u00cdAS QUE HAY QUE VER ANTES DE MORIR"},"content":{"rendered":"<p>Desde arte innovador hasta reportajes gr\u00e1ficos, las 1001 fotograf\u00edas  extraordinarias que recoge este libro presentan una galer\u00eda  indispensable que el verdadero aficionado a este arte no debe perderse. \u00bfLa fotograf\u00eda es un documento, una obra de arte, o una combinaci\u00f3n de ambos? \u00bfDeber\u00edan las im\u00e1genes simplemente mostrarnos el mundo en el que vivimos o incitarnos a pensar, actuar y reaccionar? 1001 fotograf\u00edas que hay que ver antes de morires una  inestimable obra de referencia de la historia y la pr\u00e1ctica de la  fotograf\u00eda que propone un interesant\u00edsimo recorrido por el arte, la moda, la sociedad, la guerra y la paz, la ciencia y la naturaleza, repleto de im\u00e1genes cautivadoras. Una complet\u00edsima gu\u00eda que desvela las historias que se esconden tras la lente de las c\u00e1maras y nos muestra c\u00f3mo este arte ha cambiado el mundo moderno. Algunas de las fotograf\u00edas son reconocibles, otras no, pero lo que  tienen en com\u00fan todas ellas es su capacidad de emocionar, sorprender y  redefinir lo que significa ser humano. Este libro desvela el proceso creativo y la relevancia visual, art\u00edstica e hist\u00f3rica de cada una de  las fotograf\u00edas presentadas, que, ordenadas cronol\u00f3gicamente, dan pie a yuxtaposiciones inesperadas a la par que fascinantes. \u00bfPor qu\u00e9 se tom\u00f3 esa fotograf\u00eda? \u00bfCon qu\u00e9 intenci\u00f3n? \u00bfC\u00f3mo reaccion\u00f3 el mundo ante ella? Desde Roger Fenton a WilliamEggleston, desde Fox Talbot a Nick Knight, desde Cartier-Bresson a Dorothea Lange, todos los fot\u00f3grafos que aparecen en este libro transgredieron los l\u00edmites de la c\u00e1mara con una habilidad y un esp\u00edritu que elev\u00f3 esta actividad a la categor\u00eda de arte. Repleta de informaci\u00f3n entretenida, ilustrativa y sorprendente, 1001 fotograf\u00edas que hay que ver antes de morir es, sin  duda,  una obra imprescindible para los amantes de la fotograf\u00eda.<\/p>\n","protected":false},"excerpt":{"rendered":"<p>PAUL LOWE<\/p>\n","protected":false},"featured_media":1063136,"template":"","meta":{"_acf_changed":false,"om_disable_all_campaigns":false,"rs_blank_template":"","rs_page_bg_color":"","slide_template_v7":"","inline_featured_image":false,"_monsterinsights_skip_tracking":false,"_monsterinsights_sitenote_active":false,"_monsterinsights_sitenote_note":"","_monsterinsights_sitenote_category":0},"product_brand":[],"product_cat":[110,560,105,555],"product_tag":[],"class_list":{"0":"post-199177","1":"product","2":"type-product","3":"status-publish","4":"has-post-thumbnail","6":"product_cat-art","7":"product_cat-arte","8":"product_cat-regal","9":"product_cat-regalo","11":"first","12":"outofstock","13":"taxable","14":"shipping-taxable","15":"purchasable","16":"product-type-simple"},"acf":{"autor":"PAUL LOWE","codart":"841689529","libros-coleccion":"FORA DE COL.LECCI\u00d3","ediciones":"1","encuadernacion":"Carton\u00e9","fecha_de_publicacion":"01\/10\/2017","novedad":"0","paginas":"960","subtitulo":"","orden":"0","portada":"0","idioma":"spa","editorial":[{"ID":148283,"post_author":"3","post_date":"2022-10-14 11:57:02","post_date_gmt":"2022-10-14 09:57:02","post_content":"","post_title":"ILUSTRADOS GRIJALBO\/LUMEN","post_excerpt":"","post_status":"publish","comment_status":"closed","ping_status":"closed","post_password":"","post_name":"ilustrados-grijalbo-lumen","to_ping":"","pinged":"","post_modified":"2022-10-14 11:57:02","post_modified_gmt":"2022-10-14 09:57:02","post_content_filtered":"","post_parent":0,"guid":"http:\/\/dev.claret.cat\/editorial\/ilustrados-grijalbo-lumen\/","menu_order":0,"post_type":"editorial","post_mime_type":"","comment_count":"0","filter":"raw"}],"booktrailer":"","resenas":"","autores-libros":[{"ID":427483,"post_author":"3","post_date":"2023-05-16 09:06:56","post_date_gmt":"2023-05-16 07:06:56","post_content":"","post_title":"PAUL LOWE","post_excerpt":"","post_status":"publish","comment_status":"closed","ping_status":"closed","post_password":"","post_name":"paul-lowe","to_ping":"","pinged":"","post_modified":"2023-05-16 09:06:56","post_modified_gmt":"2023-05-16 07:06:56","post_content_filtered":"","post_parent":0,"guid":"https:\/\/www.claret.cat\/autor\/paul-lowe\/","menu_order":0,"post_type":"autor","post_mime_type":"","comment_count":"0","filter":"raw"}]},"aioseo_notices":[],"_links":{"self":[{"href":"https:\/\/www.claret.cat\/es\/wp-json\/wp\/v2\/product\/199177","targetHints":{"allow":["GET"]}}],"collection":[{"href":"https:\/\/www.claret.cat\/es\/wp-json\/wp\/v2\/product"}],"about":[{"href":"https:\/\/www.claret.cat\/es\/wp-json\/wp\/v2\/types\/product"}],"wp:featuredmedia":[{"embeddable":true,"href":"https:\/\/www.claret.cat\/es\/wp-json\/wp\/v2\/media\/1063136"}],"wp:attachment":[{"href":"https:\/\/www.claret.cat\/es\/wp-json\/wp\/v2\/media?parent=199177"}],"wp:term":[{"taxonomy":"product_brand","embeddable":true,"href":"https:\/\/www.claret.cat\/es\/wp-json\/wp\/v2\/product_brand?post=199177"},{"taxonomy":"product_cat","embeddable":true,"href":"https:\/\/www.claret.cat\/es\/wp-json\/wp\/v2\/product_cat?post=199177"},{"taxonomy":"product_tag","embeddable":true,"href":"https:\/\/www.claret.cat\/es\/wp-json\/wp\/v2\/product_tag?post=199177"}],"curies":[{"name":"wp","href":"https:\/\/api.w.org\/{rel}","templated":true}]}}