{"id":1992,"date":"2022-07-27T21:08:07","date_gmt":"2022-07-27T19:08:07","guid":{"rendered":"http:\/\/dev.claret.cat\/producto\/ciencia-en-segundos-9789463594318\/"},"modified":"2026-01-08T17:50:07","modified_gmt":"2026-01-08T16:50:07","slug":"ciencia-en-segundos-9789463594318","status":"publish","type":"product","link":"https:\/\/www.claret.cat\/es\/libro\/ciencia-en-segundos-9789463594318\/","title":{"rendered":"CIENCIA EN SEGUNDOS"},"content":{"rendered":"<p>Pensadores, teor\u00edas, descubrimientos y conceptos relacionados con la ciencia explicados en una sola p\u00e1gina de manera muy sencilla. \u00a1Lo comprender\u00e1 en segundos! <br \/> Incluye conceptos como: la teror\u00eda de la relatividad, inteligencia artificial, como se formaron las galaxias, neurociencia de Bosc\u00f3n de Higss y muchos m\u00e1s.<\/p>\n","protected":false},"excerpt":{"rendered":"<p>CROUCH, JENNIFER<\/p>\n","protected":false},"featured_media":944994,"template":"","meta":{"_acf_changed":false,"om_disable_all_campaigns":false,"rs_blank_template":"","rs_page_bg_color":"","slide_template_v7":"","inline_featured_image":false,"_monsterinsights_skip_tracking":false,"_monsterinsights_sitenote_active":false,"_monsterinsights_sitenote_note":"","_monsterinsights_sitenote_category":0},"product_brand":[],"product_cat":[554,104],"product_tag":[],"class_list":{"0":"post-1992","1":"product","2":"type-product","3":"status-publish","4":"has-post-thumbnail","6":"product_cat-ciencia-5_otras-spa","7":"product_cat-ciencia","9":"first","10":"instock","11":"taxable","12":"shipping-taxable","13":"purchasable","14":"product-type-simple"},"acf":{"autor":"CROUCH, JENNIFER","codart":"946359431","ediciones":"1","encuadernacion":"R\u00fastica","fecha_de_publicacion":"01\/03\/2020","novedad":"1","paginas":"176","subtitulo":"","orden":"0","portada":"0","idioma":"spa","libros-coleccion":"EN SENGUNDOS","autores-libros":[{"ID":5585,"post_author":"3","post_date":"2022-07-28 17:27:09","post_date_gmt":"2022-07-28 15:27:09","post_content":"","post_title":"JENNIFER CROUCH","post_excerpt":"","post_status":"publish","comment_status":"closed","ping_status":"closed","post_password":"","post_name":"jennifer-crouch","to_ping":"","pinged":"","post_modified":"2022-07-28 17:27:09","post_modified_gmt":"2022-07-28 15:27:09","post_content_filtered":"","post_parent":0,"guid":"http:\/\/dev.claret.cat\/autor\/jennifer-crouch\/","menu_order":0,"post_type":"autor","post_mime_type":"","comment_count":"0","filter":"raw"}],"editorial":[{"ID":6285,"post_author":"3","post_date":"2022-07-28 17:48:54","post_date_gmt":"2022-07-28 15:48:54","post_content":"","post_title":"Librero IBP","post_excerpt":"","post_status":"publish","comment_status":"closed","ping_status":"closed","post_password":"","post_name":"librero-ibp","to_ping":"","pinged":"","post_modified":"2022-07-28 17:48:54","post_modified_gmt":"2022-07-28 15:48:54","post_content_filtered":"","post_parent":0,"guid":"http:\/\/dev.claret.cat\/editorial\/librero-ibp\/","menu_order":0,"post_type":"editorial","post_mime_type":"","comment_count":"0","filter":"raw"}],"booktrailer":"","resenas":""},"aioseo_notices":[],"_links":{"self":[{"href":"https:\/\/www.claret.cat\/es\/wp-json\/wp\/v2\/product\/1992","targetHints":{"allow":["GET"]}}],"collection":[{"href":"https:\/\/www.claret.cat\/es\/wp-json\/wp\/v2\/product"}],"about":[{"href":"https:\/\/www.claret.cat\/es\/wp-json\/wp\/v2\/types\/product"}],"wp:featuredmedia":[{"embeddable":true,"href":"https:\/\/www.claret.cat\/es\/wp-json\/wp\/v2\/media\/944994"}],"wp:attachment":[{"href":"https:\/\/www.claret.cat\/es\/wp-json\/wp\/v2\/media?parent=1992"}],"wp:term":[{"taxonomy":"product_brand","embeddable":true,"href":"https:\/\/www.claret.cat\/es\/wp-json\/wp\/v2\/product_brand?post=1992"},{"taxonomy":"product_cat","embeddable":true,"href":"https:\/\/www.claret.cat\/es\/wp-json\/wp\/v2\/product_cat?post=1992"},{"taxonomy":"product_tag","embeddable":true,"href":"https:\/\/www.claret.cat\/es\/wp-json\/wp\/v2\/product_tag?post=1992"}],"curies":[{"name":"wp","href":"https:\/\/api.w.org\/{rel}","templated":true}]}}