{"id":199321,"date":"2022-10-20T08:38:58","date_gmt":"2022-10-20T06:38:58","guid":{"rendered":"http:\/\/dev.claret.cat\/producte\/la-genetica-en-100-preguntas\/"},"modified":"2025-06-03T12:54:38","modified_gmt":"2025-06-03T10:54:38","slug":"la-genetica-en-100-preguntas-9788499678658","status":"publish","type":"product","link":"https:\/\/www.claret.cat\/es\/libro\/la-genetica-en-100-preguntas-9788499678658\/","title":{"rendered":"LA GEN\u00c9TICA EN 100 PREGUNTAS"},"content":{"rendered":"<p>Las respuestas de la ciencia a las cuestiones clave de la Gen\u00e9tica: los organismos transg\u00e9nicos, clones y mutaciones, la epigen\u00e9tica, la bio\u00e9tica, el papel de los genes en nuestras emociones, la estructura del ADN, la ingenier\u00eda gen\u00e9tica y la medicina predictiva.<br \/> \u00bfC\u00f3mo se construye un organismo desde el ADN?, \u00bfSe pueden crear mutantes?, \u00bfC\u00f3mo funciona el virus del SIDA?, \u00bfQu\u00e9 es una dieta gen\u00e9tica?, \u00bfC\u00f3mo se crea una planta transg\u00e9nica?, \u00bfPara qu\u00e9 sirven los biochips?, \u00bfExisten los beb\u00e9s a la carta?, \u00bfExiste el gen de la inmortalidad?, \u00bfQu\u00e9 es la gen\u00e9tica de poblaciones?, \u00bfQu\u00e9 es un reloj molecular?<\/p>\n","protected":false},"excerpt":{"rendered":"<p>BERRETTI, MATTEO<\/p>\n","protected":false},"featured_media":199322,"template":"","meta":{"_acf_changed":false,"om_disable_all_campaigns":false,"rs_blank_template":"","rs_page_bg_color":"","slide_template_v7":"","inline_featured_image":false,"_monsterinsights_skip_tracking":false,"_monsterinsights_sitenote_active":false,"_monsterinsights_sitenote_note":"","_monsterinsights_sitenote_category":0},"product_brand":[],"product_cat":[104,554],"product_tag":[],"class_list":{"0":"post-199321","1":"product","2":"type-product","3":"status-publish","4":"has-post-thumbnail","6":"product_cat-ciencia","7":"product_cat-ciencia-5_otras-spa","9":"first","10":"instock","11":"taxable","12":"shipping-taxable","13":"purchasable","14":"product-type-simple"},"acf":{"autor":"BERRETTI, MATTEO","codart":"849967865","libros-coleccion":"100 Preguntas esenciales","ediciones":"1","encuadernacion":"R\u00fastica","fecha_de_publicacion":"01\/10\/2017","novedad":"1","paginas":"349","subtitulo":"","orden":"0","portada":"0","idioma":"spa","editorial":[{"ID":6205,"post_author":"3","post_date":"2022-07-28 17:47:07","post_date_gmt":"2022-07-28 15:47:07","post_content":"","post_title":"EDICIONES NOWTILUS","post_excerpt":"","post_status":"publish","comment_status":"closed","ping_status":"closed","post_password":"","post_name":"ediciones-nowtilus","to_ping":"","pinged":"","post_modified":"2022-07-28 17:47:07","post_modified_gmt":"2022-07-28 15:47:07","post_content_filtered":"","post_parent":0,"guid":"http:\/\/dev.claret.cat\/editorial\/ediciones-nowtilus\/","menu_order":0,"post_type":"editorial","post_mime_type":"","comment_count":"0","filter":"raw"}],"booktrailer":"","resenas":"","autores-libros":[{"ID":426471,"post_author":"3","post_date":"2023-05-16 08:45:42","post_date_gmt":"2023-05-16 06:45:42","post_content":"","post_title":"MATTEO BERRETTI","post_excerpt":"","post_status":"publish","comment_status":"closed","ping_status":"closed","post_password":"","post_name":"matteo-berretti","to_ping":"","pinged":"","post_modified":"2023-05-16 08:45:42","post_modified_gmt":"2023-05-16 06:45:42","post_content_filtered":"","post_parent":0,"guid":"https:\/\/www.claret.cat\/autor\/matteo-berretti\/","menu_order":0,"post_type":"autor","post_mime_type":"","comment_count":"0","filter":"raw"}]},"aioseo_notices":[],"_links":{"self":[{"href":"https:\/\/www.claret.cat\/es\/wp-json\/wp\/v2\/product\/199321","targetHints":{"allow":["GET"]}}],"collection":[{"href":"https:\/\/www.claret.cat\/es\/wp-json\/wp\/v2\/product"}],"about":[{"href":"https:\/\/www.claret.cat\/es\/wp-json\/wp\/v2\/types\/product"}],"wp:featuredmedia":[{"embeddable":true,"href":"https:\/\/www.claret.cat\/es\/wp-json\/wp\/v2\/media\/199322"}],"wp:attachment":[{"href":"https:\/\/www.claret.cat\/es\/wp-json\/wp\/v2\/media?parent=199321"}],"wp:term":[{"taxonomy":"product_brand","embeddable":true,"href":"https:\/\/www.claret.cat\/es\/wp-json\/wp\/v2\/product_brand?post=199321"},{"taxonomy":"product_cat","embeddable":true,"href":"https:\/\/www.claret.cat\/es\/wp-json\/wp\/v2\/product_cat?post=199321"},{"taxonomy":"product_tag","embeddable":true,"href":"https:\/\/www.claret.cat\/es\/wp-json\/wp\/v2\/product_tag?post=199321"}],"curies":[{"name":"wp","href":"https:\/\/api.w.org\/{rel}","templated":true}]}}