{"id":1994,"date":"2022-07-27T21:08:10","date_gmt":"2022-07-27T19:08:10","guid":{"rendered":"http:\/\/dev.claret.cat\/producto\/libro-de-la-filosofia-el-9789463595551\/"},"modified":"2024-04-19T13:02:13","modified_gmt":"2024-04-19T11:02:13","slug":"libro-de-la-filosofia-el-9789463595551","status":"publish","type":"product","link":"https:\/\/www.claret.cat\/es\/libro\/libro-de-la-filosofia-el-9789463595551\/","title":{"rendered":"LIBRO DE LA FILOSOFIA, EL"},"content":{"rendered":"<p>Este libro nos ofrece 250 de los hitos m\u00e1s fascinantes de la historia de la filosof\u00eda, desde el a\u00f1o 1500 a. C. hasta nuestros d\u00edas. El Libro de la filosof\u00eda comienza con los Vedas, el origen de la filosof\u00eda occidental y el Tao y, en sus p\u00e1ginas, el autor explora de forma cronol\u00f3gica temas tan diversos como la navaja de Ockham, la supervivencia de los m\u00e1s fuertes, los derechos humanos y el desarrollo de la l\u00f3gica informal. Con un entusiasmo contagioso, introduce teor\u00edas fascinantes de grandes pensadores y sabios como Plat\u00f3n, Arist\u00f3teles, Immanuel Kant y David Hume, cuyo trabajo, surgido en el pasado, sigue vigente y se proyecta en el futuro<\/p>\n","protected":false},"excerpt":{"rendered":"<p>BASSHAM, GREGORY<\/p>\n","protected":false},"featured_media":64072,"template":"","meta":{"_acf_changed":false,"om_disable_all_campaigns":false,"rs_blank_template":"","rs_page_bg_color":"","slide_template_v7":"","inline_featured_image":false,"_monsterinsights_skip_tracking":false,"_monsterinsights_sitenote_active":false,"_monsterinsights_sitenote_note":"","_monsterinsights_sitenote_category":0},"product_brand":[],"product_cat":[127,357,168,439],"product_tag":[],"class_list":{"0":"post-1994","1":"product","2":"type-product","3":"status-publish","4":"has-post-thumbnail","6":"product_cat-novella-contemporania","7":"product_cat-novela-contemporanea","8":"product_cat-teoria-del-coneixement","9":"product_cat-teoria-del-conocimiento","11":"first","12":"instock","13":"taxable","14":"shipping-taxable","15":"purchasable","16":"product-type-simple"},"acf":{"autor":"BASSHAM, GREGORY","codart":"946359555","ediciones":"1","encuadernacion":"Carton\u00e9","fecha_de_publicacion":"01\/06\/2021","novedad":"1","paginas":"528","subtitulo":"","orden":"0","portada":"0","idioma":"spa","libros-coleccion":"LIBRERO","autores-libros":[{"ID":5521,"post_author":"3","post_date":"2022-07-28 17:25:46","post_date_gmt":"2022-07-28 15:25:46","post_content":"","post_title":"GREGORY BASSHAM","post_excerpt":"","post_status":"publish","comment_status":"closed","ping_status":"closed","post_password":"","post_name":"gregory-bassham","to_ping":"","pinged":"","post_modified":"2022-07-28 17:25:46","post_modified_gmt":"2022-07-28 15:25:46","post_content_filtered":"","post_parent":0,"guid":"http:\/\/dev.claret.cat\/autor\/gregory-bassham\/","menu_order":0,"post_type":"autor","post_mime_type":"","comment_count":"0","filter":"raw"}],"editorial":[{"ID":6285,"post_author":"3","post_date":"2022-07-28 17:48:54","post_date_gmt":"2022-07-28 15:48:54","post_content":"","post_title":"Librero IBP","post_excerpt":"","post_status":"publish","comment_status":"closed","ping_status":"closed","post_password":"","post_name":"librero-ibp","to_ping":"","pinged":"","post_modified":"2022-07-28 17:48:54","post_modified_gmt":"2022-07-28 15:48:54","post_content_filtered":"","post_parent":0,"guid":"http:\/\/dev.claret.cat\/editorial\/librero-ibp\/","menu_order":0,"post_type":"editorial","post_mime_type":"","comment_count":"0","filter":"raw"}]},"aioseo_notices":[],"_links":{"self":[{"href":"https:\/\/www.claret.cat\/es\/wp-json\/wp\/v2\/product\/1994","targetHints":{"allow":["GET"]}}],"collection":[{"href":"https:\/\/www.claret.cat\/es\/wp-json\/wp\/v2\/product"}],"about":[{"href":"https:\/\/www.claret.cat\/es\/wp-json\/wp\/v2\/types\/product"}],"wp:featuredmedia":[{"embeddable":true,"href":"https:\/\/www.claret.cat\/es\/wp-json\/wp\/v2\/media\/64072"}],"wp:attachment":[{"href":"https:\/\/www.claret.cat\/es\/wp-json\/wp\/v2\/media?parent=1994"}],"wp:term":[{"taxonomy":"product_brand","embeddable":true,"href":"https:\/\/www.claret.cat\/es\/wp-json\/wp\/v2\/product_brand?post=1994"},{"taxonomy":"product_cat","embeddable":true,"href":"https:\/\/www.claret.cat\/es\/wp-json\/wp\/v2\/product_cat?post=1994"},{"taxonomy":"product_tag","embeddable":true,"href":"https:\/\/www.claret.cat\/es\/wp-json\/wp\/v2\/product_tag?post=1994"}],"curies":[{"name":"wp","href":"https:\/\/api.w.org\/{rel}","templated":true}]}}