{"id":199468,"date":"2022-10-20T08:41:33","date_gmt":"2022-10-20T06:41:33","guid":{"rendered":"http:\/\/dev.claret.cat\/producte\/dentro-de-tu-armario\/"},"modified":"2023-01-28T00:59:32","modified_gmt":"2023-01-27T23:59:32","slug":"dentro-de-tu-armario-9788467597738","status":"publish","type":"product","link":"https:\/\/www.claret.cat\/es\/libro\/dentro-de-tu-armario-9788467597738\/","title":{"rendered":"DENTRO DE TU ARMARIO"},"content":{"rendered":"<p>Los grandes maestros; Pasarelas y mercadillos; Consumo y sostenibilidad; La moda del futuro&#8230; El mundo de la moda como nunca te lo han contado. <br \/> Porque lo que hay dentro de tu armario dice mucho de ti, pero tambi\u00e9n del mundo en el que vives.<\/p>\n","protected":false},"excerpt":{"rendered":"<p>GONZ\u00c1LEZ VILAR, CATALINA<\/p>\n","protected":false},"featured_media":199469,"template":"","meta":{"_acf_changed":false,"om_disable_all_campaigns":false,"rs_blank_template":"","rs_page_bg_color":"","slide_template_v7":"","inline_featured_image":false,"_monsterinsights_skip_tracking":false,"_monsterinsights_sitenote_active":false,"_monsterinsights_sitenote_note":"","_monsterinsights_sitenote_category":0},"product_brand":[],"product_cat":[86,101],"product_tag":[],"class_list":{"0":"post-199468","1":"product","2":"type-product","3":"status-publish","4":"has-post-thumbnail","6":"product_cat-infantil","7":"product_cat-manualitats","9":"first","10":"instock","11":"taxable","12":"shipping-taxable","13":"purchasable","14":"product-type-simple"},"acf":{"autor":"GONZ\u00c1LEZ VILAR, CATALINA","codart":"846759773","libros-coleccion":"FORA DE COL.LECCI\u00d3","ediciones":"1","encuadernacion":"R\u00fastica","fecha_de_publicacion":"01\/10\/2017","novedad":"1","paginas":"139","subtitulo":"TODO LO QUE NECESITAS SABER SOBRE MODA","orden":"0","portada":"0","idioma":"spa","editorial":[{"ID":147622,"post_author":"3","post_date":"2022-10-14 11:51:59","post_date_gmt":"2022-10-14 09:51:59","post_content":"","post_title":"CESMA EDICIONES SM","post_excerpt":"","post_status":"publish","comment_status":"closed","ping_status":"closed","post_password":"","post_name":"cesma-ediciones-sm","to_ping":"","pinged":"","post_modified":"2022-10-14 11:51:59","post_modified_gmt":"2022-10-14 09:51:59","post_content_filtered":"","post_parent":0,"guid":"http:\/\/dev.claret.cat\/editorial\/cesma-ediciones-sm\/","menu_order":0,"post_type":"editorial","post_mime_type":"","comment_count":"0","filter":"raw"}],"autores-libros":[{"ID":152563,"post_author":"3","post_date":"2022-10-14 14:49:46","post_date_gmt":"2022-10-14 12:49:46","post_content":"","post_title":"CATALINA GONZ\u00c1LEZ VILAR","post_excerpt":"","post_status":"publish","comment_status":"closed","ping_status":"closed","post_password":"","post_name":"catalina-gonzalez-vilar","to_ping":"","pinged":"","post_modified":"2022-10-14 14:49:46","post_modified_gmt":"2022-10-14 12:49:46","post_content_filtered":"","post_parent":0,"guid":"http:\/\/dev.claret.cat\/autor\/catalina-gonzalez-vilar\/","menu_order":0,"post_type":"autor","post_mime_type":"","comment_count":"0","filter":"raw"}]},"aioseo_notices":[],"_links":{"self":[{"href":"https:\/\/www.claret.cat\/es\/wp-json\/wp\/v2\/product\/199468","targetHints":{"allow":["GET"]}}],"collection":[{"href":"https:\/\/www.claret.cat\/es\/wp-json\/wp\/v2\/product"}],"about":[{"href":"https:\/\/www.claret.cat\/es\/wp-json\/wp\/v2\/types\/product"}],"wp:featuredmedia":[{"embeddable":true,"href":"https:\/\/www.claret.cat\/es\/wp-json\/wp\/v2\/media\/199469"}],"wp:attachment":[{"href":"https:\/\/www.claret.cat\/es\/wp-json\/wp\/v2\/media?parent=199468"}],"wp:term":[{"taxonomy":"product_brand","embeddable":true,"href":"https:\/\/www.claret.cat\/es\/wp-json\/wp\/v2\/product_brand?post=199468"},{"taxonomy":"product_cat","embeddable":true,"href":"https:\/\/www.claret.cat\/es\/wp-json\/wp\/v2\/product_cat?post=199468"},{"taxonomy":"product_tag","embeddable":true,"href":"https:\/\/www.claret.cat\/es\/wp-json\/wp\/v2\/product_tag?post=199468"}],"curies":[{"name":"wp","href":"https:\/\/api.w.org\/{rel}","templated":true}]}}