{"id":199483,"date":"2022-10-20T08:41:50","date_gmt":"2022-10-20T06:41:50","guid":{"rendered":"http:\/\/dev.claret.cat\/producte\/una-tierra-para-manana\/"},"modified":"2023-01-28T23:38:32","modified_gmt":"2023-01-28T22:38:32","slug":"una-tierra-para-manana-9788467597349","status":"publish","type":"product","link":"https:\/\/www.claret.cat\/es\/libro\/una-tierra-para-manana-9788467597349\/","title":{"rendered":"UNA TIERRA PARA MA\u00d1ANA"},"content":{"rendered":"<p>Este libro recorre nuestro planeta a trav\u00e9s de las incre\u00edbles fotograf\u00edas de Yann Arthus-Bertrand.Sus autoras, Anne Jank\u00e9liowitch y Martine Laff\u00f3o, nos explican los peligros que acechan a nuestro planeta de los que somos responsables, como el consumismo o la gran cantidad de basura que generamos, pero tambi\u00e9n nos hablan de ecolog\u00eda, de biodiversidad, de desarrollo sostenible, de generosidad, de solidaridad, de convivencia, de paz y de acogida. Y nos descubren muchos y muy diversos proyectos e iniciativas solidarios.   Un libro para que ni\u00f1os y j\u00f3venes sepan que podemos construir un mundo mejor.<\/p>\n","protected":false},"excerpt":{"rendered":"<p>JANK\u00c9LIOWITCH, ANNE \/ LAFFON, MARTINE<\/p>\n","protected":false},"featured_media":199484,"template":"","meta":{"_acf_changed":false,"om_disable_all_campaigns":false,"rs_blank_template":"","rs_page_bg_color":"","slide_template_v7":"","inline_featured_image":false,"_monsterinsights_skip_tracking":false,"_monsterinsights_sitenote_active":false,"_monsterinsights_sitenote_note":"","_monsterinsights_sitenote_category":0},"product_brand":[],"product_cat":[105],"product_tag":[],"class_list":{"0":"post-199483","1":"product","2":"type-product","3":"status-publish","4":"has-post-thumbnail","6":"product_cat-regal","8":"first","9":"instock","10":"taxable","11":"shipping-taxable","12":"purchasable","13":"product-type-simple"},"acf":{"autor":"JANK\u00c9LIOWITCH, ANNE \/ LAFFON, MARTINE","codart":"846759734","libros-coleccion":"FORA DE COL.LECCI\u00d3","ediciones":"1","encuadernacion":"Carton\u00e9","fecha_de_publicacion":"01\/10\/2017","novedad":"1","paginas":"140","subtitulo":"","orden":"0","portada":"0","idioma":"spa","editorial":[{"ID":147622,"post_author":"3","post_date":"2022-10-14 11:51:59","post_date_gmt":"2022-10-14 09:51:59","post_content":"","post_title":"CESMA EDICIONES SM","post_excerpt":"","post_status":"publish","comment_status":"closed","ping_status":"closed","post_password":"","post_name":"cesma-ediciones-sm","to_ping":"","pinged":"","post_modified":"2022-10-14 11:51:59","post_modified_gmt":"2022-10-14 09:51:59","post_content_filtered":"","post_parent":0,"guid":"http:\/\/dev.claret.cat\/editorial\/cesma-ediciones-sm\/","menu_order":0,"post_type":"editorial","post_mime_type":"","comment_count":"0","filter":"raw"}],"autores-libros":[{"ID":150700,"post_author":"3","post_date":"2022-10-14 14:35:03","post_date_gmt":"2022-10-14 12:35:03","post_content":"","post_title":"ANNE JANK\u00c9LIOWITCH","post_excerpt":"","post_status":"publish","comment_status":"closed","ping_status":"closed","post_password":"","post_name":"anne-jankeliowitch","to_ping":"","pinged":"","post_modified":"2022-10-14 14:35:03","post_modified_gmt":"2022-10-14 12:35:03","post_content_filtered":"","post_parent":0,"guid":"http:\/\/dev.claret.cat\/autor\/anne-jankeliowitch\/","menu_order":0,"post_type":"autor","post_mime_type":"","comment_count":"0","filter":"raw"}]},"aioseo_notices":[],"_links":{"self":[{"href":"https:\/\/www.claret.cat\/es\/wp-json\/wp\/v2\/product\/199483","targetHints":{"allow":["GET"]}}],"collection":[{"href":"https:\/\/www.claret.cat\/es\/wp-json\/wp\/v2\/product"}],"about":[{"href":"https:\/\/www.claret.cat\/es\/wp-json\/wp\/v2\/types\/product"}],"wp:featuredmedia":[{"embeddable":true,"href":"https:\/\/www.claret.cat\/es\/wp-json\/wp\/v2\/media\/199484"}],"wp:attachment":[{"href":"https:\/\/www.claret.cat\/es\/wp-json\/wp\/v2\/media?parent=199483"}],"wp:term":[{"taxonomy":"product_brand","embeddable":true,"href":"https:\/\/www.claret.cat\/es\/wp-json\/wp\/v2\/product_brand?post=199483"},{"taxonomy":"product_cat","embeddable":true,"href":"https:\/\/www.claret.cat\/es\/wp-json\/wp\/v2\/product_cat?post=199483"},{"taxonomy":"product_tag","embeddable":true,"href":"https:\/\/www.claret.cat\/es\/wp-json\/wp\/v2\/product_tag?post=199483"}],"curies":[{"name":"wp","href":"https:\/\/api.w.org\/{rel}","templated":true}]}}