{"id":199573,"date":"2022-10-20T08:43:27","date_gmt":"2022-10-20T06:43:27","guid":{"rendered":"http:\/\/dev.claret.cat\/producte\/la-revolucion-de-la-medicina-personalizada\/"},"modified":"2023-01-28T22:33:03","modified_gmt":"2023-01-28T21:33:03","slug":"la-revolucion-de-la-medicina-personalizada-9788417030483","status":"publish","type":"product","link":"https:\/\/www.claret.cat\/es\/libro\/la-revolucion-de-la-medicina-personalizada-9788417030483\/","title":{"rendered":"LA REVOLUCI\u00d3N DE LA MEDICINA PERSONALIZADA"},"content":{"rendered":"<p>En este convincente libro, Pieter Cullis argumenta que la medicina personalizada es la mayor revoluci\u00f3n de nuestro tiempo. Cada uno de nosotros es \u00fanico y as\u00ed lo avalan los \u00faltimos avances en ciencia y tecnolog\u00eda. Somos individuos exclusivos incluso a nivel molecular: una combinaci\u00f3n original de genes y prote\u00ednas. Entonces, \u00bfpor qu\u00e9 la atenci\u00f3n m\u00e9dica sigue aplicando enfoques estandarizados? Se emplean los mismos m\u00e9todos de diagn\u00f3stico y los mismos medicamentos en todo el mundo y para todas las personas, aunque, en ocasiones, esos m\u00e9todos y tratamientos no sean eficaces para todos e incluso resulten perjudiciales para algunos. \u00bfNo deber\u00eda adaptarse la medicina a nuestras diferencias? Pieter Cullis no reh\u00faye las cuestiones \u00e9ticas y aporta informaci\u00f3n pr\u00e1ctica sobre c\u00f3mo empezar a usar la medicina personalizada, mostrando t\u00e9cnicas novedosas poco conocidas o reflexionando sobre el futuro de la relaci\u00f3n m\u00e9dico-paciente. La Revoluci\u00f3n de la medicina personalizada explica conceptos muy complejos, como la terapia gen\u00e9tica o la descodificaci\u00f3n del genoma, de forma clara y comprensible.<\/p>\n","protected":false},"excerpt":{"rendered":"<p>CULLIS, PIETER<\/p>\n","protected":false},"featured_media":199574,"template":"","meta":{"_acf_changed":false,"om_disable_all_campaigns":false,"rs_blank_template":"","rs_page_bg_color":"","slide_template_v7":"","inline_featured_image":false,"_monsterinsights_skip_tracking":false,"_monsterinsights_sitenote_active":false,"_monsterinsights_sitenote_note":"","_monsterinsights_sitenote_category":0},"product_brand":[],"product_cat":[97],"product_tag":[],"class_list":{"0":"post-199573","1":"product","2":"type-product","3":"status-publish","4":"has-post-thumbnail","6":"product_cat-salut","8":"first","9":"instock","10":"taxable","11":"shipping-taxable","12":"purchasable","13":"product-type-simple"},"acf":{"autor":"CULLIS, PIETER","codart":"841703048","libros-coleccion":"SUSHI BOOKS","ediciones":"1","encuadernacion":"R\u00fastica","fecha_de_publicacion":"01\/10\/2017","novedad":"1","paginas":"215","subtitulo":"","orden":"0","portada":"0","idioma":"spa"},"aioseo_notices":[],"_links":{"self":[{"href":"https:\/\/www.claret.cat\/es\/wp-json\/wp\/v2\/product\/199573","targetHints":{"allow":["GET"]}}],"collection":[{"href":"https:\/\/www.claret.cat\/es\/wp-json\/wp\/v2\/product"}],"about":[{"href":"https:\/\/www.claret.cat\/es\/wp-json\/wp\/v2\/types\/product"}],"wp:featuredmedia":[{"embeddable":true,"href":"https:\/\/www.claret.cat\/es\/wp-json\/wp\/v2\/media\/199574"}],"wp:attachment":[{"href":"https:\/\/www.claret.cat\/es\/wp-json\/wp\/v2\/media?parent=199573"}],"wp:term":[{"taxonomy":"product_brand","embeddable":true,"href":"https:\/\/www.claret.cat\/es\/wp-json\/wp\/v2\/product_brand?post=199573"},{"taxonomy":"product_cat","embeddable":true,"href":"https:\/\/www.claret.cat\/es\/wp-json\/wp\/v2\/product_cat?post=199573"},{"taxonomy":"product_tag","embeddable":true,"href":"https:\/\/www.claret.cat\/es\/wp-json\/wp\/v2\/product_tag?post=199573"}],"curies":[{"name":"wp","href":"https:\/\/api.w.org\/{rel}","templated":true}]}}