{"id":199681,"date":"2022-10-20T08:45:25","date_gmt":"2022-10-20T06:45:25","guid":{"rendered":"http:\/\/dev.claret.cat\/producte\/brunilda-y-bruno-el-caballero-fanfarron\/"},"modified":"2024-08-29T16:25:29","modified_gmt":"2024-08-29T14:25:29","slug":"brunilda-y-bruno-el-caballero-fanfarron-9788416965779","status":"publish","type":"product","link":"https:\/\/www.claret.cat\/es\/libro\/brunilda-y-bruno-el-caballero-fanfarron-9788416965779\/","title":{"rendered":"BRUNILDA Y BRUNO. EL CABALLERO FANFARR\u00d3N"},"content":{"rendered":"<p>Cuando Brunilda y Bruno sobrevuelan un castillo en ruinas, la bruja agita su varita m\u00e1gica y de repente se encuentran en la Edad Media. Ese d\u00eda se celebra un torneo de tiro con arco, justas y una gran fiesta, y muy pronto se dan cuenta de que necesitan la magia de Brunilda para frenar a un caballero muy fanfarr\u00f3n.<\/p>\n","protected":false},"excerpt":{"rendered":"<p>THOMAS, VALERIE \/ PAUL, KORKY<\/p>\n","protected":false},"featured_media":199682,"template":"","meta":{"_acf_changed":false,"om_disable_all_campaigns":false,"rs_blank_template":"","rs_page_bg_color":"","slide_template_v7":"","inline_featured_image":false,"_monsterinsights_skip_tracking":false,"_monsterinsights_sitenote_active":false,"_monsterinsights_sitenote_note":"","_monsterinsights_sitenote_category":0},"product_brand":[],"product_cat":[86,352],"product_tag":[],"class_list":{"0":"post-199681","1":"product","2":"type-product","3":"status-publish","4":"has-post-thumbnail","6":"product_cat-infantil","7":"product_cat-infantil-3_infantil-juvenil-spa","9":"first","10":"instock","11":"taxable","12":"shipping-taxable","13":"purchasable","14":"product-type-simple"},"acf":{"autor":"THOMAS, VALERIE \/ PAUL, KORKY","codart":"841696577","libros-coleccion":"SUSHI BOOKS","ediciones":"1","encuadernacion":"Carton\u00e9","fecha_de_publicacion":"01\/10\/2017","novedad":"1","paginas":"28","subtitulo":"","orden":"0","portada":"0","idioma":"spa","editorial":[{"ID":147554,"post_author":"3","post_date":"2022-10-14 11:51:27","post_date_gmt":"2022-10-14 09:51:27","post_content":"","post_title":"BLUME (Naturart)","post_excerpt":"","post_status":"publish","comment_status":"closed","ping_status":"closed","post_password":"","post_name":"blume-naturart","to_ping":"","pinged":"","post_modified":"2022-10-14 11:51:27","post_modified_gmt":"2022-10-14 09:51:27","post_content_filtered":"","post_parent":0,"guid":"http:\/\/dev.claret.cat\/editorial\/blume-naturart\/","menu_order":0,"post_type":"editorial","post_mime_type":"","comment_count":"0","filter":"raw"}],"autores-libros":[{"ID":170791,"post_author":"3","post_date":"2022-10-14 22:38:11","post_date_gmt":"2022-10-14 20:38:11","post_content":"","post_title":"VALERIE THOMAS","post_excerpt":"","post_status":"publish","comment_status":"closed","ping_status":"closed","post_password":"","post_name":"valerie-thomas","to_ping":"","pinged":"","post_modified":"2022-10-14 22:38:11","post_modified_gmt":"2022-10-14 20:38:11","post_content_filtered":"","post_parent":0,"guid":"http:\/\/dev.claret.cat\/autor\/valerie-thomas\/","menu_order":0,"post_type":"autor","post_mime_type":"","comment_count":"0","filter":"raw"},{"ID":425199,"post_author":"3","post_date":"2023-05-16 08:16:43","post_date_gmt":"2023-05-16 06:16:43","post_content":"","post_title":"KORKY PAUL","post_excerpt":"","post_status":"publish","comment_status":"closed","ping_status":"closed","post_password":"","post_name":"korky-paul","to_ping":"","pinged":"","post_modified":"2023-05-16 08:16:43","post_modified_gmt":"2023-05-16 06:16:43","post_content_filtered":"","post_parent":0,"guid":"https:\/\/www.claret.cat\/autor\/korky-paul\/","menu_order":0,"post_type":"autor","post_mime_type":"","comment_count":"0","filter":"raw"}]},"aioseo_notices":[],"_links":{"self":[{"href":"https:\/\/www.claret.cat\/es\/wp-json\/wp\/v2\/product\/199681","targetHints":{"allow":["GET"]}}],"collection":[{"href":"https:\/\/www.claret.cat\/es\/wp-json\/wp\/v2\/product"}],"about":[{"href":"https:\/\/www.claret.cat\/es\/wp-json\/wp\/v2\/types\/product"}],"wp:featuredmedia":[{"embeddable":true,"href":"https:\/\/www.claret.cat\/es\/wp-json\/wp\/v2\/media\/199682"}],"wp:attachment":[{"href":"https:\/\/www.claret.cat\/es\/wp-json\/wp\/v2\/media?parent=199681"}],"wp:term":[{"taxonomy":"product_brand","embeddable":true,"href":"https:\/\/www.claret.cat\/es\/wp-json\/wp\/v2\/product_brand?post=199681"},{"taxonomy":"product_cat","embeddable":true,"href":"https:\/\/www.claret.cat\/es\/wp-json\/wp\/v2\/product_cat?post=199681"},{"taxonomy":"product_tag","embeddable":true,"href":"https:\/\/www.claret.cat\/es\/wp-json\/wp\/v2\/product_tag?post=199681"}],"curies":[{"name":"wp","href":"https:\/\/api.w.org\/{rel}","templated":true}]}}