{"id":199750,"date":"2022-10-20T08:46:43","date_gmt":"2022-10-20T06:46:43","guid":{"rendered":"http:\/\/dev.claret.cat\/producte\/cuentakilometros-premio-hotusa-2017\/"},"modified":"2025-02-04T18:09:19","modified_gmt":"2025-02-04T17:09:19","slug":"cuentakilometros-premio-hotusa-2017-9788490568774","status":"publish","type":"product","link":"https:\/\/www.claret.cat\/es\/libro\/cuentakilometros-premio-hotusa-2017-9788490568774\/","title":{"rendered":"CUENTAKILOM\u00c9TROS (PREMIO HOTUSA 2017)"},"content":{"rendered":"<p>Un viajero sin nombre llega a M\u00e9xico. Con un pasado desconocido y un futuro incierto, solo el presente<br \/> funciona para \u00e9l en una visita al pa\u00eds de lo inesperado, donde el protagonista resulta ser cada lugar y la realidad, la<br \/> m\u00e1s convincente de las ficciones. Comienza as\u00ed un viaje en el que se describen los acontecimientos m\u00e1s ins\u00f3litos y<br \/> singulares que tienen lugar en las distintas regiones por las que pasa, cap\u00edtulo a cap\u00edtulo, kil\u00f3metro a kil\u00f3metro. A<br \/> caballo entre la novela y el libro de viajes, Cuentakil\u00f3metros transita por un mundo literario cercano al realismo<br \/> m\u00e1gico, siguiendo una h\u00e1bil estructura de episodios muy breves y casi aut\u00f3nomos, que culminan con un giro inesperado y<br \/> sorprendente.<\/p>\n","protected":false},"excerpt":{"rendered":"<p>CEPEDA LEZCANO, SAUL<\/p>\n","protected":false},"featured_media":199751,"template":"","meta":{"_acf_changed":false,"om_disable_all_campaigns":false,"rs_blank_template":"","rs_page_bg_color":"","slide_template_v7":"","inline_featured_image":false,"_monsterinsights_skip_tracking":false,"_monsterinsights_sitenote_active":false,"_monsterinsights_sitenote_note":"","_monsterinsights_sitenote_category":0},"product_brand":[],"product_cat":[87,353],"product_tag":[],"class_list":{"0":"post-199750","1":"product","2":"type-product","3":"status-publish","4":"has-post-thumbnail","6":"product_cat-literatura","7":"product_cat-literatura-2_humanidades","9":"first","10":"instock","11":"taxable","12":"shipping-taxable","13":"purchasable","14":"product-type-simple"},"acf":{"autor":"CEPEDA LEZCANO, SAUL","codart":"849056877","libros-coleccion":"CR\u00d3NICA","ediciones":"1","encuadernacion":"R\u00fastica","fecha_de_publicacion":"01\/10\/2017","novedad":"1","paginas":"160","subtitulo":"","orden":"0","portada":"0","idioma":"spa","editorial":[{"ID":148737,"post_author":"3","post_date":"2022-10-14 12:00:35","post_date_gmt":"2022-10-14 10:00:35","post_content":"","post_title":"RBA Libros","post_excerpt":"","post_status":"publish","comment_status":"closed","ping_status":"closed","post_password":"","post_name":"rba-libros","to_ping":"","pinged":"","post_modified":"2022-10-14 12:00:35","post_modified_gmt":"2022-10-14 10:00:35","post_content_filtered":"","post_parent":0,"guid":"http:\/\/dev.claret.cat\/editorial\/rba-libros\/","menu_order":0,"post_type":"editorial","post_mime_type":"","comment_count":"0","filter":"raw"}],"autores-libros":[{"ID":428567,"post_author":"3","post_date":"2023-05-16 09:29:44","post_date_gmt":"2023-05-16 07:29:44","post_content":"","post_title":"SAUL CEPEDA LEZCANO","post_excerpt":"","post_status":"publish","comment_status":"closed","ping_status":"closed","post_password":"","post_name":"saul-cepeda-lezcano","to_ping":"","pinged":"","post_modified":"2023-05-16 09:29:44","post_modified_gmt":"2023-05-16 07:29:44","post_content_filtered":"","post_parent":0,"guid":"https:\/\/www.claret.cat\/autor\/saul-cepeda-lezcano\/","menu_order":0,"post_type":"autor","post_mime_type":"","comment_count":"0","filter":"raw"}]},"aioseo_notices":[],"_links":{"self":[{"href":"https:\/\/www.claret.cat\/es\/wp-json\/wp\/v2\/product\/199750","targetHints":{"allow":["GET"]}}],"collection":[{"href":"https:\/\/www.claret.cat\/es\/wp-json\/wp\/v2\/product"}],"about":[{"href":"https:\/\/www.claret.cat\/es\/wp-json\/wp\/v2\/types\/product"}],"wp:featuredmedia":[{"embeddable":true,"href":"https:\/\/www.claret.cat\/es\/wp-json\/wp\/v2\/media\/199751"}],"wp:attachment":[{"href":"https:\/\/www.claret.cat\/es\/wp-json\/wp\/v2\/media?parent=199750"}],"wp:term":[{"taxonomy":"product_brand","embeddable":true,"href":"https:\/\/www.claret.cat\/es\/wp-json\/wp\/v2\/product_brand?post=199750"},{"taxonomy":"product_cat","embeddable":true,"href":"https:\/\/www.claret.cat\/es\/wp-json\/wp\/v2\/product_cat?post=199750"},{"taxonomy":"product_tag","embeddable":true,"href":"https:\/\/www.claret.cat\/es\/wp-json\/wp\/v2\/product_tag?post=199750"}],"curies":[{"name":"wp","href":"https:\/\/api.w.org\/{rel}","templated":true}]}}