{"id":199762,"date":"2022-10-20T08:46:57","date_gmt":"2022-10-20T06:46:57","guid":{"rendered":"http:\/\/dev.claret.cat\/producte\/la-jungla-de-asfalto\/"},"modified":"2025-02-04T18:09:33","modified_gmt":"2025-02-04T17:09:33","slug":"la-jungla-de-asfalto-9788490568637","status":"publish","type":"product","link":"https:\/\/www.claret.cat\/es\/libro\/la-jungla-de-asfalto-9788490568637\/","title":{"rendered":"LA JUNGLA DE ASFALTO"},"content":{"rendered":"<p>\u00abSolo puedes morir una vez, dec\u00edan los chicos. Pero no era verdad. \u00c9l era la prueba\u00bb, reflexiona el abogado Alonzo D. Emmerich en La jungla de asfalto. En esta novela coral de delincuentes y malhechores que planean el atraco perfecto, todos los personajes experimentan varias muertes: cada fracaso, cada p\u00e9rdida de la esperanza y cada golpe de la fortuna representa un paso m\u00e1s hacia la muerte en vida que es la existencia en esa ciudad sin nombre del Medio Oeste americano inmersa en la corrupci\u00f3n y la bajeza moral.<\/p>\n","protected":false},"excerpt":{"rendered":"<p>BURNETT , WILLIAM RILEY<\/p>\n","protected":false},"featured_media":199763,"template":"","meta":{"_acf_changed":false,"om_disable_all_campaigns":false,"rs_blank_template":"","rs_page_bg_color":"","slide_template_v7":"","inline_featured_image":false,"_monsterinsights_skip_tracking":false,"_monsterinsights_sitenote_active":false,"_monsterinsights_sitenote_note":"","_monsterinsights_sitenote_category":0},"product_brand":[],"product_cat":[87,353],"product_tag":[],"class_list":{"0":"post-199762","1":"product","2":"type-product","3":"status-publish","4":"has-post-thumbnail","6":"product_cat-literatura","7":"product_cat-literatura-2_humanidades","9":"first","10":"instock","11":"taxable","12":"shipping-taxable","13":"purchasable","14":"product-type-simple"},"acf":{"autor":"BURNETT , WILLIAM RILEY","codart":"849056863","libros-coleccion":"SUSHI BOOKS","ediciones":"1","encuadernacion":"Carton\u00e9","fecha_de_publicacion":"01\/10\/2017","novedad":"1","paginas":"270","subtitulo":"","orden":"0","portada":"0","idioma":"spa","editorial":[{"ID":148737,"post_author":"3","post_date":"2022-10-14 12:00:35","post_date_gmt":"2022-10-14 10:00:35","post_content":"","post_title":"RBA Libros","post_excerpt":"","post_status":"publish","comment_status":"closed","ping_status":"closed","post_password":"","post_name":"rba-libros","to_ping":"","pinged":"","post_modified":"2022-10-14 12:00:35","post_modified_gmt":"2022-10-14 10:00:35","post_content_filtered":"","post_parent":0,"guid":"http:\/\/dev.claret.cat\/editorial\/rba-libros\/","menu_order":0,"post_type":"editorial","post_mime_type":"","comment_count":"0","filter":"raw"}],"autores-libros":[{"ID":429459,"post_author":"3","post_date":"2023-05-16 09:48:42","post_date_gmt":"2023-05-16 07:48:42","post_content":"","post_title":"WILLIAM RILEY BURNETT","post_excerpt":"","post_status":"publish","comment_status":"closed","ping_status":"closed","post_password":"","post_name":"william-riley-burnett","to_ping":"","pinged":"","post_modified":"2023-05-16 09:48:42","post_modified_gmt":"2023-05-16 07:48:42","post_content_filtered":"","post_parent":0,"guid":"https:\/\/www.claret.cat\/autor\/william-riley-burnett\/","menu_order":0,"post_type":"autor","post_mime_type":"","comment_count":"0","filter":"raw"}]},"aioseo_notices":[],"_links":{"self":[{"href":"https:\/\/www.claret.cat\/es\/wp-json\/wp\/v2\/product\/199762","targetHints":{"allow":["GET"]}}],"collection":[{"href":"https:\/\/www.claret.cat\/es\/wp-json\/wp\/v2\/product"}],"about":[{"href":"https:\/\/www.claret.cat\/es\/wp-json\/wp\/v2\/types\/product"}],"wp:featuredmedia":[{"embeddable":true,"href":"https:\/\/www.claret.cat\/es\/wp-json\/wp\/v2\/media\/199763"}],"wp:attachment":[{"href":"https:\/\/www.claret.cat\/es\/wp-json\/wp\/v2\/media?parent=199762"}],"wp:term":[{"taxonomy":"product_brand","embeddable":true,"href":"https:\/\/www.claret.cat\/es\/wp-json\/wp\/v2\/product_brand?post=199762"},{"taxonomy":"product_cat","embeddable":true,"href":"https:\/\/www.claret.cat\/es\/wp-json\/wp\/v2\/product_cat?post=199762"},{"taxonomy":"product_tag","embeddable":true,"href":"https:\/\/www.claret.cat\/es\/wp-json\/wp\/v2\/product_tag?post=199762"}],"curies":[{"name":"wp","href":"https:\/\/api.w.org\/{rel}","templated":true}]}}