{"id":199792,"date":"2022-10-20T08:47:34","date_gmt":"2022-10-20T06:47:34","guid":{"rendered":"http:\/\/dev.claret.cat\/producte\/la-volta-al-mon-en-80-dies-3\/"},"modified":"2025-03-03T16:38:40","modified_gmt":"2025-03-03T15:38:40","slug":"la-volta-al-mon-en-80-dies-9788417050252","status":"publish","type":"product","link":"https:\/\/www.claret.cat\/es\/libro\/la-volta-al-mon-en-80-dies-9788417050252\/","title":{"rendered":"LA VOLTA AL M\u00d3N EN 80 DIES"},"content":{"rendered":"<p>Qui era l&#8217;acabalat Sr. Phileas Fogg, d&#8217;on venia, com havia guanyat la<br \/> seua fortuna? Aquestes dades no les sabem amb certesa; d&#8217;altres, en<br \/> canvi, les coneixem amb exactitud! Cada dia es despertava exactament<br \/> a les 8.00 del mat\u00ed. Esmorzava exactament a les 8.23 del mat\u00ed.<br \/> S&#8217;afaitava exactament a les 8.27 del mat\u00ed. Sortia de casa seua, al carrer<br \/> Savile Row de Londres, exactament a les 11.30 del mat\u00ed i hi tornava<br \/> a les dotze de la mitjanit exactament. Tamb\u00e9 sabem que va fer<br \/> una aposta per viatjar al voltant del m\u00f3n en 80 dies. I la va guanyar.<br \/> No nom\u00e9s aix\u00f2, sin\u00f3 molt m\u00e9s.<\/p>\n","protected":false},"excerpt":{"rendered":"<p>SAMARTZI, IRIS \/ PAPATHEODOULOU, ANTONIS<\/p>\n","protected":false},"featured_media":199793,"template":"","meta":{"_acf_changed":false,"om_disable_all_campaigns":false,"rs_blank_template":"","rs_page_bg_color":"","slide_template_v7":"","inline_featured_image":false,"_monsterinsights_skip_tracking":false,"_monsterinsights_sitenote_active":false,"_monsterinsights_sitenote_note":"","_monsterinsights_sitenote_category":0},"product_brand":[],"product_cat":[86,352],"product_tag":[],"class_list":{"0":"post-199792","1":"product","2":"type-product","3":"status-publish","4":"has-post-thumbnail","6":"product_cat-infantil","7":"product_cat-infantil-3_infantil-juvenil-spa","9":"first","10":"instock","11":"taxable","12":"shipping-taxable","13":"purchasable","14":"product-type-simple"},"acf":{"autor":"SAMARTZI, IRIS \/ PAPATHEODOULOU, ANTONIS","codart":"841705025","libros-coleccion":"Imagina","ediciones":"1","encuadernacion":"Carton\u00e9","fecha_de_publicacion":"01\/10\/2017","novedad":"1","paginas":"36","subtitulo":"","orden":"0","portada":"0","idioma":"cat","editorial":[{"ID":148609,"post_author":"3","post_date":"2022-10-14 11:59:35","post_date_gmt":"2022-10-14 09:59:35","post_content":"","post_title":"Onada Edicions SL","post_excerpt":"","post_status":"publish","comment_status":"closed","ping_status":"closed","post_password":"","post_name":"onada-edicions-sl","to_ping":"","pinged":"","post_modified":"2022-10-14 11:59:35","post_modified_gmt":"2022-10-14 09:59:35","post_content_filtered":"","post_parent":0,"guid":"http:\/\/dev.claret.cat\/editorial\/onada-edicions-sl\/","menu_order":0,"post_type":"editorial","post_mime_type":"","comment_count":"0","filter":"raw"}],"autores-libros":[{"ID":423532,"post_author":"3","post_date":"2023-05-16 07:41:59","post_date_gmt":"2023-05-16 05:41:59","post_content":"","post_title":"IRIS SAMARTZI","post_excerpt":"","post_status":"publish","comment_status":"closed","ping_status":"closed","post_password":"","post_name":"iris-samartzi","to_ping":"","pinged":"","post_modified":"2023-05-16 07:41:59","post_modified_gmt":"2023-05-16 05:41:59","post_content_filtered":"","post_parent":0,"guid":"https:\/\/www.claret.cat\/autor\/iris-samartzi\/","menu_order":0,"post_type":"autor","post_mime_type":"","comment_count":"0","filter":"raw"},{"ID":420491,"post_author":"3","post_date":"2023-05-16 00:51:47","post_date_gmt":"2023-05-15 22:51:47","post_content":"","post_title":"ANTONIS PAPATHEODOULOU","post_excerpt":"","post_status":"publish","comment_status":"closed","ping_status":"closed","post_password":"","post_name":"antonis-papatheodoulou","to_ping":"","pinged":"","post_modified":"2023-05-16 00:51:47","post_modified_gmt":"2023-05-15 22:51:47","post_content_filtered":"","post_parent":0,"guid":"https:\/\/www.claret.cat\/autor\/antonis-papatheodoulou\/","menu_order":0,"post_type":"autor","post_mime_type":"","comment_count":"0","filter":"raw"}]},"aioseo_notices":[],"_links":{"self":[{"href":"https:\/\/www.claret.cat\/es\/wp-json\/wp\/v2\/product\/199792","targetHints":{"allow":["GET"]}}],"collection":[{"href":"https:\/\/www.claret.cat\/es\/wp-json\/wp\/v2\/product"}],"about":[{"href":"https:\/\/www.claret.cat\/es\/wp-json\/wp\/v2\/types\/product"}],"wp:featuredmedia":[{"embeddable":true,"href":"https:\/\/www.claret.cat\/es\/wp-json\/wp\/v2\/media\/199793"}],"wp:attachment":[{"href":"https:\/\/www.claret.cat\/es\/wp-json\/wp\/v2\/media?parent=199792"}],"wp:term":[{"taxonomy":"product_brand","embeddable":true,"href":"https:\/\/www.claret.cat\/es\/wp-json\/wp\/v2\/product_brand?post=199792"},{"taxonomy":"product_cat","embeddable":true,"href":"https:\/\/www.claret.cat\/es\/wp-json\/wp\/v2\/product_cat?post=199792"},{"taxonomy":"product_tag","embeddable":true,"href":"https:\/\/www.claret.cat\/es\/wp-json\/wp\/v2\/product_tag?post=199792"}],"curies":[{"name":"wp","href":"https:\/\/api.w.org\/{rel}","templated":true}]}}