{"id":199798,"date":"2022-10-20T08:47:41","date_gmt":"2022-10-20T06:47:41","guid":{"rendered":"http:\/\/dev.claret.cat\/producte\/la-vuelta-al-mundo-en-80-dias-2\/"},"modified":"2025-03-03T16:38:56","modified_gmt":"2025-03-03T15:38:56","slug":"la-vuelta-al-mundo-en-80-dias-9788417050283","status":"publish","type":"product","link":"https:\/\/www.claret.cat\/es\/libro\/la-vuelta-al-mundo-en-80-dias-9788417050283\/","title":{"rendered":"LA VUELTA AL MUNDO EN 80 D\u00cdAS"},"content":{"rendered":"<p>\u00bfQui\u00e9n era el rico se\u00f1or Phileas Fogg, de d\u00f3nde ven\u00eda, c\u00f3mo hab\u00eda<br \/> ganado su fortuna? Estos datos no los conocemos con seguridad,<br \/> \u00a1pero otras cosas, sin embargo, las sabemos con certeza! Todos los<br \/> d\u00edas se despertaba exactamente a las 8 de la ma\u00f1ana. Desayunaba<br \/> exactamente a las 8.23 de la ma\u00f1ana. Se afeitaba exactamente a las<br \/> 8.27 de la ma\u00f1ana. \u00a1Sal\u00eda de su casa, en Savile Row en Londres, exactamente<br \/> a las 11.30 de la ma\u00f1ana y regresaba exactamente a las doce<br \/> de la medianoche! Tambi\u00e9n sabemos que hizo una apuesta para<br \/> viajar alrededor del mundo en 80 d\u00edas. Y la gan\u00f3. No s\u00f3lo eso, sino<br \/> mucho m\u00e1s.<\/p>\n","protected":false},"excerpt":{"rendered":"<p>SAMARTZI, IRIS \/ PAPATHEODOULOU, ANTONIS<\/p>\n","protected":false},"featured_media":199799,"template":"","meta":{"_acf_changed":false,"om_disable_all_campaigns":false,"rs_blank_template":"","rs_page_bg_color":"","slide_template_v7":"","inline_featured_image":false,"_monsterinsights_skip_tracking":false,"_monsterinsights_sitenote_active":false,"_monsterinsights_sitenote_note":"","_monsterinsights_sitenote_category":0},"product_brand":[],"product_cat":[86,352],"product_tag":[],"class_list":{"0":"post-199798","1":"product","2":"type-product","3":"status-publish","4":"has-post-thumbnail","6":"product_cat-infantil","7":"product_cat-infantil-3_infantil-juvenil-spa","9":"first","10":"instock","11":"taxable","12":"shipping-taxable","13":"purchasable","14":"product-type-simple"},"acf":{"autor":"SAMARTZI, IRIS \/ PAPATHEODOULOU, ANTONIS","codart":"841705028","libros-coleccion":"SUSHI BOOKS","ediciones":"1","encuadernacion":"Carton\u00e9","fecha_de_publicacion":"01\/10\/2017","novedad":"1","paginas":"36","subtitulo":"","orden":"0","portada":"0","idioma":"spa","editorial":[{"ID":148609,"post_author":"3","post_date":"2022-10-14 11:59:35","post_date_gmt":"2022-10-14 09:59:35","post_content":"","post_title":"Onada Edicions SL","post_excerpt":"","post_status":"publish","comment_status":"closed","ping_status":"closed","post_password":"","post_name":"onada-edicions-sl","to_ping":"","pinged":"","post_modified":"2022-10-14 11:59:35","post_modified_gmt":"2022-10-14 09:59:35","post_content_filtered":"","post_parent":0,"guid":"http:\/\/dev.claret.cat\/editorial\/onada-edicions-sl\/","menu_order":0,"post_type":"editorial","post_mime_type":"","comment_count":"0","filter":"raw"}],"autores-libros":[{"ID":423532,"post_author":"3","post_date":"2023-05-16 07:41:59","post_date_gmt":"2023-05-16 05:41:59","post_content":"","post_title":"IRIS SAMARTZI","post_excerpt":"","post_status":"publish","comment_status":"closed","ping_status":"closed","post_password":"","post_name":"iris-samartzi","to_ping":"","pinged":"","post_modified":"2023-05-16 07:41:59","post_modified_gmt":"2023-05-16 05:41:59","post_content_filtered":"","post_parent":0,"guid":"https:\/\/www.claret.cat\/autor\/iris-samartzi\/","menu_order":0,"post_type":"autor","post_mime_type":"","comment_count":"0","filter":"raw"},{"ID":420491,"post_author":"3","post_date":"2023-05-16 00:51:47","post_date_gmt":"2023-05-15 22:51:47","post_content":"","post_title":"ANTONIS PAPATHEODOULOU","post_excerpt":"","post_status":"publish","comment_status":"closed","ping_status":"closed","post_password":"","post_name":"antonis-papatheodoulou","to_ping":"","pinged":"","post_modified":"2023-05-16 00:51:47","post_modified_gmt":"2023-05-15 22:51:47","post_content_filtered":"","post_parent":0,"guid":"https:\/\/www.claret.cat\/autor\/antonis-papatheodoulou\/","menu_order":0,"post_type":"autor","post_mime_type":"","comment_count":"0","filter":"raw"}]},"aioseo_notices":[],"_links":{"self":[{"href":"https:\/\/www.claret.cat\/es\/wp-json\/wp\/v2\/product\/199798","targetHints":{"allow":["GET"]}}],"collection":[{"href":"https:\/\/www.claret.cat\/es\/wp-json\/wp\/v2\/product"}],"about":[{"href":"https:\/\/www.claret.cat\/es\/wp-json\/wp\/v2\/types\/product"}],"wp:featuredmedia":[{"embeddable":true,"href":"https:\/\/www.claret.cat\/es\/wp-json\/wp\/v2\/media\/199799"}],"wp:attachment":[{"href":"https:\/\/www.claret.cat\/es\/wp-json\/wp\/v2\/media?parent=199798"}],"wp:term":[{"taxonomy":"product_brand","embeddable":true,"href":"https:\/\/www.claret.cat\/es\/wp-json\/wp\/v2\/product_brand?post=199798"},{"taxonomy":"product_cat","embeddable":true,"href":"https:\/\/www.claret.cat\/es\/wp-json\/wp\/v2\/product_cat?post=199798"},{"taxonomy":"product_tag","embeddable":true,"href":"https:\/\/www.claret.cat\/es\/wp-json\/wp\/v2\/product_tag?post=199798"}],"curies":[{"name":"wp","href":"https:\/\/api.w.org\/{rel}","templated":true}]}}