{"id":199861,"date":"2022-10-20T08:48:58","date_gmt":"2022-10-20T06:48:58","guid":{"rendered":"http:\/\/dev.claret.cat\/producte\/magisterio-de-la-iglesia-el\/"},"modified":"2026-01-28T13:03:22","modified_gmt":"2026-01-28T12:03:22","slug":"magisterio-de-la-iglesia-el-9788425431210","status":"publish","type":"product","link":"https:\/\/www.claret.cat\/es\/libro\/magisterio-de-la-iglesia-el-9788425431210\/","title":{"rendered":"MAGISTERIO DE LA IGLESIA, EL"},"content":{"rendered":"<p>Esta nueva edici\u00f3n de El magisterio de la Iglesia, la m\u00e1s importante referencia teol\u00f3gica en lo que se refiere al patrimonio dogm\u00e1tico de la Iglesia, engloba los documentos doctrinales de la Iglesia hasta el fin del pontificado de Benedicto XVI y el inicio del Papa Francisco.<br \/>El Magisterio de la Iglesia o Enchiridion symbolorum, definitionum et declrationum de rebus fidei et morum recoge las confesiones de fe, las decisiones conciliares, los decretos de s\u00ednodos y las enc\u00edclicas del Magisterio eclesi\u00e1stico. Generaciones de te\u00f3logos han usado esta obra como instrumento de estudio y fuente de consulta de los textos que exponen las verdades absolutas y las interpretaciones de la Iglesia. <br \/>Esta 45\u00aa edici\u00f3n del \u00abDenzinger\u00bb, actualizada por el profesor H\u00fcnermann, se han a\u00f1adido los documentos doctrinales de la Iglesia hasta el fin del pontificado de Benedicto XVI y el inicio del Papa Francisco hasta el 2013. La obra incluye la traducci\u00f3n al espa\u00f1ol y los textos originales, redactados principalmente en lat\u00edn y griego, pero adem\u00e1s en alem\u00e1n, castellano, franc\u00e9s, ingl\u00e9s e italiano.<\/p>\n","protected":false},"excerpt":{"rendered":"<p>H\u00dcNERMANN, PETER\/DENZINGER, HEINRICH<\/p>\n","protected":false},"featured_media":331187,"template":"","meta":{"_acf_changed":false,"om_disable_all_campaigns":false,"rs_blank_template":"","rs_page_bg_color":"","slide_template_v7":"","inline_featured_image":false,"_monsterinsights_skip_tracking":false,"_monsterinsights_sitenote_active":false,"_monsterinsights_sitenote_note":"","_monsterinsights_sitenote_category":0},"product_brand":[],"product_cat":[93,543],"product_tag":[],"class_list":{"0":"post-199861","1":"product","2":"type-product","3":"status-publish","4":"has-post-thumbnail","6":"product_cat-eclesiologia","7":"product_cat-eclesiologia-es","9":"first","10":"instock","11":"taxable","12":"shipping-taxable","13":"purchasable","14":"product-type-simple"},"acf":{"autor":"H\u00dcNERMANN, PETER\/DENZINGER, HEINRICH","codart":"842543121","libros-coleccion":"","ediciones":"1","encuadernacion":"Carton\u00e9","fecha_de_publicacion":"01\/10\/2017","novedad":"1","paginas":"1754","subtitulo":"ENCHIRIDION SYMBOLORUM DEFINITIONUMM ET DECLARATIONUM DE REBUS FIDEI ET MORUM","orden":"0","portada":"0","idioma":"spa","editorial":[{"ID":148254,"post_author":"3","post_date":"2022-10-14 11:56:49","post_date_gmt":"2022-10-14 09:56:49","post_content":"","post_title":"Herder Editorial","post_excerpt":"","post_status":"publish","comment_status":"closed","ping_status":"closed","post_password":"","post_name":"herder-editorial-2","to_ping":"","pinged":"","post_modified":"2022-10-14 11:56:49","post_modified_gmt":"2022-10-14 09:56:49","post_content_filtered":"","post_parent":0,"guid":"http:\/\/dev.claret.cat\/editorial\/herder-editorial-2\/","menu_order":0,"post_type":"editorial","post_mime_type":"","comment_count":"0","filter":"raw"}],"autores-libros":[{"ID":281252,"post_author":"3","post_date":"2022-12-09 22:22:30","post_date_gmt":"2022-12-09 21:22:30","post_content":"","post_title":"PETER HUNERMANN","post_excerpt":"","post_status":"publish","comment_status":"closed","ping_status":"closed","post_password":"","post_name":"peter-hunermann","to_ping":"","pinged":"","post_modified":"2022-12-09 22:22:30","post_modified_gmt":"2022-12-09 21:22:30","post_content_filtered":"","post_parent":0,"guid":"http:\/\/dev.claret.cat\/autor\/peter-hunermann\/","menu_order":0,"post_type":"autor","post_mime_type":"","comment_count":"0","filter":"raw"},{"ID":8341,"post_author":"3","post_date":"2022-09-30 09:47:51","post_date_gmt":"2022-09-30 07:47:51","post_content":"","post_title":"HEINRICH DENZINGER","post_excerpt":"","post_status":"publish","comment_status":"closed","ping_status":"closed","post_password":"","post_name":"heinrich-denzinger","to_ping":"","pinged":"","post_modified":"2022-09-30 09:47:51","post_modified_gmt":"2022-09-30 07:47:51","post_content_filtered":"","post_parent":0,"guid":"http:\/\/dev.claret.cat\/autor\/heinrich-denzinger\/","menu_order":0,"post_type":"autor","post_mime_type":"","comment_count":"0","filter":"raw"}],"booktrailer":"","resenas":""},"aioseo_notices":[],"_links":{"self":[{"href":"https:\/\/www.claret.cat\/es\/wp-json\/wp\/v2\/product\/199861","targetHints":{"allow":["GET"]}}],"collection":[{"href":"https:\/\/www.claret.cat\/es\/wp-json\/wp\/v2\/product"}],"about":[{"href":"https:\/\/www.claret.cat\/es\/wp-json\/wp\/v2\/types\/product"}],"wp:featuredmedia":[{"embeddable":true,"href":"https:\/\/www.claret.cat\/es\/wp-json\/wp\/v2\/media\/331187"}],"wp:attachment":[{"href":"https:\/\/www.claret.cat\/es\/wp-json\/wp\/v2\/media?parent=199861"}],"wp:term":[{"taxonomy":"product_brand","embeddable":true,"href":"https:\/\/www.claret.cat\/es\/wp-json\/wp\/v2\/product_brand?post=199861"},{"taxonomy":"product_cat","embeddable":true,"href":"https:\/\/www.claret.cat\/es\/wp-json\/wp\/v2\/product_cat?post=199861"},{"taxonomy":"product_tag","embeddable":true,"href":"https:\/\/www.claret.cat\/es\/wp-json\/wp\/v2\/product_tag?post=199861"}],"curies":[{"name":"wp","href":"https:\/\/api.w.org\/{rel}","templated":true}]}}