{"id":199912,"date":"2022-10-20T08:49:54","date_gmt":"2022-10-20T06:49:54","guid":{"rendered":"http:\/\/dev.claret.cat\/producte\/nueva-ilustracion-radical\/"},"modified":"2023-01-28T12:19:17","modified_gmt":"2023-01-28T11:19:17","slug":"nueva-ilustracion-radical-9788433916143","status":"publish","type":"product","link":"https:\/\/www.claret.cat\/es\/libro\/nueva-ilustracion-radical-9788433916143\/","title":{"rendered":"NUEVA ILUSTRACI\u00d3N RADICAL"},"content":{"rendered":"<p>Autoritarismo, fanatismo, catastrofismo, terrorismo&#8230; son algunas de las caras de una poderosa reacci\u00f3n antiilustrada que domina los relatos de nuestro presente. Ante la actual crisis de civilizaci\u00f3n, solo parece haber dos salidas: o condena o salvaci\u00f3n. Lo que esconde esta disyuntiva es una rendici\u00f3n: nuestra renuncia a la libertad, es decir, a mejorar, juntos, nuestras condiciones de vida. \u00bfPor qu\u00e9 nos creemos estos relatos apocal\u00edpticos? \u00bfQu\u00e9 temores y qu\u00e9 oportunismo los alimentan? En este libro se apuesta por una nueva ilustraci\u00f3n radical, una actitud de combate contra las credulidades de nuestro tiempo y sus formas de opresi\u00f3n.<\/p>\n","protected":false},"excerpt":{"rendered":"<p>GARC\u00c9S, MARINA<\/p>\n","protected":false},"featured_media":199913,"template":"","meta":{"_acf_changed":false,"om_disable_all_campaigns":false,"rs_blank_template":"","rs_page_bg_color":"","slide_template_v7":"","inline_featured_image":false,"_monsterinsights_skip_tracking":false,"_monsterinsights_sitenote_active":false,"_monsterinsights_sitenote_note":"","_monsterinsights_sitenote_category":0},"product_brand":[],"product_cat":[83],"product_tag":[],"class_list":{"0":"post-199912","1":"product","2":"type-product","3":"status-publish","4":"has-post-thumbnail","6":"product_cat-filosofia","8":"first","9":"instock","10":"taxable","11":"shipping-taxable","12":"purchasable","13":"product-type-simple"},"acf":{"autor":"GARC\u00c9S, MARINA","codart":"843391614","libros-coleccion":"SUSHI BOOKS","ediciones":"1","encuadernacion":"R\u00fastica","fecha_de_publicacion":"01\/10\/2017","novedad":"1","paginas":"75","subtitulo":"","orden":"0","portada":"0","idioma":"spa","editorial":[{"ID":147922,"post_author":"3","post_date":"2022-10-14 11:54:16","post_date_gmt":"2022-10-14 09:54:16","post_content":"","post_title":"Editorial Anagrama","post_excerpt":"","post_status":"publish","comment_status":"closed","ping_status":"closed","post_password":"","post_name":"editorial-anagrama","to_ping":"","pinged":"","post_modified":"2022-10-14 11:54:16","post_modified_gmt":"2022-10-14 09:54:16","post_content_filtered":"","post_parent":0,"guid":"http:\/\/dev.claret.cat\/editorial\/editorial-anagrama\/","menu_order":0,"post_type":"editorial","post_mime_type":"","comment_count":"0","filter":"raw"}],"autores-libros":[{"ID":163936,"post_author":"3","post_date":"2022-10-14 17:43:02","post_date_gmt":"2022-10-14 15:43:02","post_content":"","post_title":"MARINA GARC\u00c9S","post_excerpt":"","post_status":"publish","comment_status":"closed","ping_status":"closed","post_password":"","post_name":"marina-garces","to_ping":"","pinged":"","post_modified":"2022-10-14 17:43:02","post_modified_gmt":"2022-10-14 15:43:02","post_content_filtered":"","post_parent":0,"guid":"http:\/\/dev.claret.cat\/autor\/marina-garces\/","menu_order":0,"post_type":"autor","post_mime_type":"","comment_count":"0","filter":"raw"}]},"aioseo_notices":[],"_links":{"self":[{"href":"https:\/\/www.claret.cat\/es\/wp-json\/wp\/v2\/product\/199912","targetHints":{"allow":["GET"]}}],"collection":[{"href":"https:\/\/www.claret.cat\/es\/wp-json\/wp\/v2\/product"}],"about":[{"href":"https:\/\/www.claret.cat\/es\/wp-json\/wp\/v2\/types\/product"}],"wp:featuredmedia":[{"embeddable":true,"href":"https:\/\/www.claret.cat\/es\/wp-json\/wp\/v2\/media\/199913"}],"wp:attachment":[{"href":"https:\/\/www.claret.cat\/es\/wp-json\/wp\/v2\/media?parent=199912"}],"wp:term":[{"taxonomy":"product_brand","embeddable":true,"href":"https:\/\/www.claret.cat\/es\/wp-json\/wp\/v2\/product_brand?post=199912"},{"taxonomy":"product_cat","embeddable":true,"href":"https:\/\/www.claret.cat\/es\/wp-json\/wp\/v2\/product_cat?post=199912"},{"taxonomy":"product_tag","embeddable":true,"href":"https:\/\/www.claret.cat\/es\/wp-json\/wp\/v2\/product_tag?post=199912"}],"curies":[{"name":"wp","href":"https:\/\/api.w.org\/{rel}","templated":true}]}}