{"id":199915,"date":"2022-10-20T08:49:57","date_gmt":"2022-10-20T06:49:57","guid":{"rendered":"http:\/\/dev.claret.cat\/producte\/nova-il%c2%b7lustracio-radical\/"},"modified":"2023-01-28T07:47:24","modified_gmt":"2023-01-28T06:47:24","slug":"nova-illustracio-radical-9788433916150","status":"publish","type":"product","link":"https:\/\/www.claret.cat\/es\/libro\/nova-illustracio-radical-9788433916150\/","title":{"rendered":"NOVA IL\u00b7LUSTRACI\u00d3 RADICAL"},"content":{"rendered":"<p>Autoritarisme, fanatisme, catastrofisme, terrorisme&#8230; s\u00f3n cares d&#8221;una reacci\u00f3 antiil\u00b7lustrada a l&#8221;actual crisi de civilitzaci\u00f3. El nostre present es veu atrapat en una disjuntiva (condemnar-se o salvar-se) que amaga una rendici\u00f3, una ren\u00fancia a la llibertat. Per qu\u00e8 ens creiem aquests relats? Com podem combatre aquesta fe cega i les seves formes d&#8221;opressi\u00f3? En aquest llibre s&#8221;aposta per una nova il\u00b7lustraci\u00f3 radical, per lluitar contra les credulitats del nostre temps i el temor i l&#8221;oportunisme que les alimenten.<\/p>\n","protected":false},"excerpt":{"rendered":"<p>GARC\u00c9S, MARINA<\/p>\n","protected":false},"featured_media":199916,"template":"","meta":{"_acf_changed":false,"om_disable_all_campaigns":false,"rs_blank_template":"","rs_page_bg_color":"","slide_template_v7":"","inline_featured_image":false,"_monsterinsights_skip_tracking":false,"_monsterinsights_sitenote_active":false,"_monsterinsights_sitenote_note":"","_monsterinsights_sitenote_category":0},"product_brand":[],"product_cat":[83],"product_tag":[],"class_list":{"0":"post-199915","1":"product","2":"type-product","3":"status-publish","4":"has-post-thumbnail","6":"product_cat-filosofia","8":"first","9":"instock","10":"taxable","11":"shipping-taxable","12":"purchasable","13":"product-type-simple"},"acf":{"autor":"GARC\u00c9S, MARINA","codart":"843391615","libros-coleccion":"SUSHI BOOKS","ediciones":"1","encuadernacion":"R\u00fastica","fecha_de_publicacion":"01\/10\/2017","novedad":"1","paginas":"75","subtitulo":"","orden":"0","portada":"0","idioma":"cat","editorial":[{"ID":147922,"post_author":"3","post_date":"2022-10-14 11:54:16","post_date_gmt":"2022-10-14 09:54:16","post_content":"","post_title":"Editorial Anagrama","post_excerpt":"","post_status":"publish","comment_status":"closed","ping_status":"closed","post_password":"","post_name":"editorial-anagrama","to_ping":"","pinged":"","post_modified":"2022-10-14 11:54:16","post_modified_gmt":"2022-10-14 09:54:16","post_content_filtered":"","post_parent":0,"guid":"http:\/\/dev.claret.cat\/editorial\/editorial-anagrama\/","menu_order":0,"post_type":"editorial","post_mime_type":"","comment_count":"0","filter":"raw"}],"autores-libros":[{"ID":163936,"post_author":"3","post_date":"2022-10-14 17:43:02","post_date_gmt":"2022-10-14 15:43:02","post_content":"","post_title":"MARINA GARC\u00c9S","post_excerpt":"","post_status":"publish","comment_status":"closed","ping_status":"closed","post_password":"","post_name":"marina-garces","to_ping":"","pinged":"","post_modified":"2022-10-14 17:43:02","post_modified_gmt":"2022-10-14 15:43:02","post_content_filtered":"","post_parent":0,"guid":"http:\/\/dev.claret.cat\/autor\/marina-garces\/","menu_order":0,"post_type":"autor","post_mime_type":"","comment_count":"0","filter":"raw"}]},"aioseo_notices":[],"_links":{"self":[{"href":"https:\/\/www.claret.cat\/es\/wp-json\/wp\/v2\/product\/199915","targetHints":{"allow":["GET"]}}],"collection":[{"href":"https:\/\/www.claret.cat\/es\/wp-json\/wp\/v2\/product"}],"about":[{"href":"https:\/\/www.claret.cat\/es\/wp-json\/wp\/v2\/types\/product"}],"wp:featuredmedia":[{"embeddable":true,"href":"https:\/\/www.claret.cat\/es\/wp-json\/wp\/v2\/media\/199916"}],"wp:attachment":[{"href":"https:\/\/www.claret.cat\/es\/wp-json\/wp\/v2\/media?parent=199915"}],"wp:term":[{"taxonomy":"product_brand","embeddable":true,"href":"https:\/\/www.claret.cat\/es\/wp-json\/wp\/v2\/product_brand?post=199915"},{"taxonomy":"product_cat","embeddable":true,"href":"https:\/\/www.claret.cat\/es\/wp-json\/wp\/v2\/product_cat?post=199915"},{"taxonomy":"product_tag","embeddable":true,"href":"https:\/\/www.claret.cat\/es\/wp-json\/wp\/v2\/product_tag?post=199915"}],"curies":[{"name":"wp","href":"https:\/\/api.w.org\/{rel}","templated":true}]}}