{"id":199966,"date":"2022-10-20T08:50:52","date_gmt":"2022-10-20T06:50:52","guid":{"rendered":"http:\/\/dev.claret.cat\/producte\/curso-de-origami\/"},"modified":"2025-02-04T18:08:15","modified_gmt":"2025-02-04T17:08:15","slug":"curso-de-origami-9788490568811","status":"publish","type":"product","link":"https:\/\/www.claret.cat\/es\/libro\/curso-de-origami-9788490568811\/","title":{"rendered":"CURSO DE ORIGAMI"},"content":{"rendered":"<p>Un manual pr\u00e1ctico para ser un buen origamista. Empezando de cero y en 9 cap\u00edtulos aprender\u00e1s los pliegues, las bases fundamentales y otros secretos del origami.<\/p>\n","protected":false},"excerpt":{"rendered":"<p>BATTAGLIA , VANDA \/ DECIO , FRANCESCO<\/p>\n","protected":false},"featured_media":199967,"template":"","meta":{"_acf_changed":false,"om_disable_all_campaigns":false,"rs_blank_template":"","rs_page_bg_color":"","slide_template_v7":"","inline_featured_image":false,"_monsterinsights_skip_tracking":false,"_monsterinsights_sitenote_active":false,"_monsterinsights_sitenote_note":"","_monsterinsights_sitenote_category":0},"product_brand":[],"product_cat":[551,101],"product_tag":[],"class_list":{"0":"post-199966","1":"product","2":"type-product","3":"status-publish","4":"has-post-thumbnail","6":"product_cat-manualidades","7":"product_cat-manualitats","9":"first","10":"instock","11":"taxable","12":"shipping-taxable","13":"purchasable","14":"product-type-simple"},"acf":{"autor":"BATTAGLIA , VANDA \/ DECIO , FRANCESCO","codart":"849056881","libros-coleccion":"PRACTICA","ediciones":"1","encuadernacion":"R\u00fastica","fecha_de_publicacion":"01\/10\/2017","novedad":"1","paginas":"152","subtitulo":"","orden":"0","portada":"0","idioma":"spa","editorial":[{"ID":148737,"post_author":"3","post_date":"2022-10-14 12:00:35","post_date_gmt":"2022-10-14 10:00:35","post_content":"","post_title":"RBA Libros","post_excerpt":"","post_status":"publish","comment_status":"closed","ping_status":"closed","post_password":"","post_name":"rba-libros","to_ping":"","pinged":"","post_modified":"2022-10-14 12:00:35","post_modified_gmt":"2022-10-14 10:00:35","post_content_filtered":"","post_parent":0,"guid":"http:\/\/dev.claret.cat\/editorial\/rba-libros\/","menu_order":0,"post_type":"editorial","post_mime_type":"","comment_count":"0","filter":"raw"}],"autores-libros":[{"ID":429248,"post_author":"3","post_date":"2023-05-16 09:44:19","post_date_gmt":"2023-05-16 07:44:19","post_content":"","post_title":"VANDA BATTAGLIA","post_excerpt":"","post_status":"publish","comment_status":"closed","ping_status":"closed","post_password":"","post_name":"vanda-battaglia","to_ping":"","pinged":"","post_modified":"2023-05-16 09:44:19","post_modified_gmt":"2023-05-16 07:44:19","post_content_filtered":"","post_parent":0,"guid":"https:\/\/www.claret.cat\/autor\/vanda-battaglia\/","menu_order":0,"post_type":"autor","post_mime_type":"","comment_count":"0","filter":"raw"},{"ID":422731,"post_author":"3","post_date":"2023-05-16 07:24:55","post_date_gmt":"2023-05-16 05:24:55","post_content":"","post_title":"FRANCESCO DECIO","post_excerpt":"","post_status":"publish","comment_status":"closed","ping_status":"closed","post_password":"","post_name":"francesco-decio","to_ping":"","pinged":"","post_modified":"2023-05-16 07:24:55","post_modified_gmt":"2023-05-16 05:24:55","post_content_filtered":"","post_parent":0,"guid":"https:\/\/www.claret.cat\/autor\/francesco-decio\/","menu_order":0,"post_type":"autor","post_mime_type":"","comment_count":"0","filter":"raw"}]},"aioseo_notices":[],"_links":{"self":[{"href":"https:\/\/www.claret.cat\/es\/wp-json\/wp\/v2\/product\/199966","targetHints":{"allow":["GET"]}}],"collection":[{"href":"https:\/\/www.claret.cat\/es\/wp-json\/wp\/v2\/product"}],"about":[{"href":"https:\/\/www.claret.cat\/es\/wp-json\/wp\/v2\/types\/product"}],"wp:featuredmedia":[{"embeddable":true,"href":"https:\/\/www.claret.cat\/es\/wp-json\/wp\/v2\/media\/199967"}],"wp:attachment":[{"href":"https:\/\/www.claret.cat\/es\/wp-json\/wp\/v2\/media?parent=199966"}],"wp:term":[{"taxonomy":"product_brand","embeddable":true,"href":"https:\/\/www.claret.cat\/es\/wp-json\/wp\/v2\/product_brand?post=199966"},{"taxonomy":"product_cat","embeddable":true,"href":"https:\/\/www.claret.cat\/es\/wp-json\/wp\/v2\/product_cat?post=199966"},{"taxonomy":"product_tag","embeddable":true,"href":"https:\/\/www.claret.cat\/es\/wp-json\/wp\/v2\/product_tag?post=199966"}],"curies":[{"name":"wp","href":"https:\/\/api.w.org\/{rel}","templated":true}]}}