{"id":199969,"date":"2022-10-20T08:50:55","date_gmt":"2022-10-20T06:50:55","guid":{"rendered":"http:\/\/dev.claret.cat\/producte\/origamis-tradicionales-japoneses\/"},"modified":"2025-02-04T18:08:23","modified_gmt":"2025-02-04T17:08:23","slug":"origamis-tradicionales-japoneses-9788490568828","status":"publish","type":"product","link":"https:\/\/www.claret.cat\/es\/libro\/origamis-tradicionales-japoneses-9788490568828\/","title":{"rendered":"ORIGAMIS TRADICIONALES JAPONESES"},"content":{"rendered":"<p>Ad\u00e9ntrate en un viaje extraordinario al mundo antiguo y misterioso del origami. Con Origamis tradicionale japoneses podr\u00e1s aprender paso a paso c\u00f3mo realizar 20 modelos de origamis cl\u00e1sicos de Jap\u00f3n. Aprende desde cero con todos los materiales a tu disposici\u00f3n en una c\u00f3moda caja.<\/p>\n","protected":false},"excerpt":{"rendered":"<p>DECIO , FRANCESCO \/ BATTAGLIA , VANDA<\/p>\n","protected":false},"featured_media":199970,"template":"","meta":{"_acf_changed":false,"om_disable_all_campaigns":false,"rs_blank_template":"","rs_page_bg_color":"","slide_template_v7":"","inline_featured_image":false,"_monsterinsights_skip_tracking":false,"_monsterinsights_sitenote_active":false,"_monsterinsights_sitenote_note":"","_monsterinsights_sitenote_category":0},"product_brand":[],"product_cat":[551,101],"product_tag":[],"class_list":{"0":"post-199969","1":"product","2":"type-product","3":"status-publish","4":"has-post-thumbnail","6":"product_cat-manualidades","7":"product_cat-manualitats","9":"first","10":"instock","11":"taxable","12":"shipping-taxable","13":"purchasable","14":"product-type-simple"},"acf":{"autor":"DECIO , FRANCESCO \/ BATTAGLIA , VANDA","codart":"849056882","libros-coleccion":"PRACTICA","ediciones":"1","encuadernacion":"R\u00fastica","fecha_de_publicacion":"01\/10\/2017","novedad":"1","paginas":"128","subtitulo":"","orden":"0","portada":"0","idioma":"spa","editorial":[{"ID":148737,"post_author":"3","post_date":"2022-10-14 12:00:35","post_date_gmt":"2022-10-14 10:00:35","post_content":"","post_title":"RBA Libros","post_excerpt":"","post_status":"publish","comment_status":"closed","ping_status":"closed","post_password":"","post_name":"rba-libros","to_ping":"","pinged":"","post_modified":"2022-10-14 12:00:35","post_modified_gmt":"2022-10-14 10:00:35","post_content_filtered":"","post_parent":0,"guid":"http:\/\/dev.claret.cat\/editorial\/rba-libros\/","menu_order":0,"post_type":"editorial","post_mime_type":"","comment_count":"0","filter":"raw"}],"autores-libros":[{"ID":429248,"post_author":"3","post_date":"2023-05-16 09:44:19","post_date_gmt":"2023-05-16 07:44:19","post_content":"","post_title":"VANDA BATTAGLIA","post_excerpt":"","post_status":"publish","comment_status":"closed","ping_status":"closed","post_password":"","post_name":"vanda-battaglia","to_ping":"","pinged":"","post_modified":"2023-05-16 09:44:19","post_modified_gmt":"2023-05-16 07:44:19","post_content_filtered":"","post_parent":0,"guid":"https:\/\/www.claret.cat\/autor\/vanda-battaglia\/","menu_order":0,"post_type":"autor","post_mime_type":"","comment_count":"0","filter":"raw"},{"ID":422731,"post_author":"3","post_date":"2023-05-16 07:24:55","post_date_gmt":"2023-05-16 05:24:55","post_content":"","post_title":"FRANCESCO DECIO","post_excerpt":"","post_status":"publish","comment_status":"closed","ping_status":"closed","post_password":"","post_name":"francesco-decio","to_ping":"","pinged":"","post_modified":"2023-05-16 07:24:55","post_modified_gmt":"2023-05-16 05:24:55","post_content_filtered":"","post_parent":0,"guid":"https:\/\/www.claret.cat\/autor\/francesco-decio\/","menu_order":0,"post_type":"autor","post_mime_type":"","comment_count":"0","filter":"raw"}]},"aioseo_notices":[],"_links":{"self":[{"href":"https:\/\/www.claret.cat\/es\/wp-json\/wp\/v2\/product\/199969","targetHints":{"allow":["GET"]}}],"collection":[{"href":"https:\/\/www.claret.cat\/es\/wp-json\/wp\/v2\/product"}],"about":[{"href":"https:\/\/www.claret.cat\/es\/wp-json\/wp\/v2\/types\/product"}],"wp:featuredmedia":[{"embeddable":true,"href":"https:\/\/www.claret.cat\/es\/wp-json\/wp\/v2\/media\/199970"}],"wp:attachment":[{"href":"https:\/\/www.claret.cat\/es\/wp-json\/wp\/v2\/media?parent=199969"}],"wp:term":[{"taxonomy":"product_brand","embeddable":true,"href":"https:\/\/www.claret.cat\/es\/wp-json\/wp\/v2\/product_brand?post=199969"},{"taxonomy":"product_cat","embeddable":true,"href":"https:\/\/www.claret.cat\/es\/wp-json\/wp\/v2\/product_cat?post=199969"},{"taxonomy":"product_tag","embeddable":true,"href":"https:\/\/www.claret.cat\/es\/wp-json\/wp\/v2\/product_tag?post=199969"}],"curies":[{"name":"wp","href":"https:\/\/api.w.org\/{rel}","templated":true}]}}