{"id":199993,"date":"2022-10-20T08:51:21","date_gmt":"2022-10-20T06:51:21","guid":{"rendered":"http:\/\/dev.claret.cat\/producte\/stalingrado-la-derrota-definitiva\/"},"modified":"2023-01-28T21:51:51","modified_gmt":"2023-01-28T20:51:51","slug":"stalingrado-la-derrota-definitiva-9788416921355","status":"publish","type":"product","link":"https:\/\/www.claret.cat\/es\/libro\/stalingrado-la-derrota-definitiva-9788416921355\/","title":{"rendered":"STALINGRADO. LA DERROTA DEFINITIVA"},"content":{"rendered":"<p>Carlos Alberto Marmelada cuenta de forma espectacular uno de los momentos m\u00e1s relevantes en la Segunda Guerra Mundial donde las estrategias, los personajes y la propia historia forman parte del relato. Un libo imprescindible m\u00e1s all\u00e1 de la historia que nos sit\u00faa en la escena de los hechos.<\/p>\n","protected":false},"excerpt":{"rendered":"<p>CARLOS ALBERTO MARMELADA<\/p>\n","protected":false},"featured_media":199994,"template":"","meta":{"_acf_changed":false,"om_disable_all_campaigns":false,"rs_blank_template":"","rs_page_bg_color":"","slide_template_v7":"","inline_featured_image":false,"_monsterinsights_skip_tracking":false,"_monsterinsights_sitenote_active":false,"_monsterinsights_sitenote_note":"","_monsterinsights_sitenote_category":0},"product_brand":[],"product_cat":[85],"product_tag":[],"class_list":{"0":"post-199993","1":"product","2":"type-product","3":"status-publish","4":"has-post-thumbnail","6":"product_cat-historia","8":"first","9":"instock","10":"taxable","11":"shipping-taxable","12":"purchasable","13":"product-type-simple"},"acf":{"autor":"CARLOS ALBERTO MARMELADA","codart":"841692135","libros-coleccion":"","ediciones":"1","encuadernacion":"Carpeta","fecha_de_publicacion":"01\/10\/2017","novedad":"1","paginas":"215","subtitulo":"","orden":"0","portada":"0","idioma":"spa","editorial":[{"ID":148801,"post_author":"3","post_date":"2022-10-14 12:01:06","post_date_gmt":"2022-10-14 10:01:06","post_content":"","post_title":"SEKOTIA EDICIONES","post_excerpt":"","post_status":"publish","comment_status":"closed","ping_status":"closed","post_password":"","post_name":"sekotia-ediciones","to_ping":"","pinged":"","post_modified":"2022-10-14 12:01:06","post_modified_gmt":"2022-10-14 10:01:06","post_content_filtered":"","post_parent":0,"guid":"http:\/\/dev.claret.cat\/editorial\/sekotia-ediciones\/","menu_order":0,"post_type":"editorial","post_mime_type":"","comment_count":"0","filter":"raw"}],"autores-libros":[{"ID":152204,"post_author":"3","post_date":"2022-10-14 14:46:55","post_date_gmt":"2022-10-14 12:46:55","post_content":"","post_title":"CARLOS ALBERTO MARMELADA","post_excerpt":"","post_status":"publish","comment_status":"closed","ping_status":"closed","post_password":"","post_name":"carlos-alberto-marmelada","to_ping":"","pinged":"","post_modified":"2022-10-14 14:46:55","post_modified_gmt":"2022-10-14 12:46:55","post_content_filtered":"","post_parent":0,"guid":"http:\/\/dev.claret.cat\/autor\/carlos-alberto-marmelada\/","menu_order":0,"post_type":"autor","post_mime_type":"","comment_count":"0","filter":"raw"}]},"aioseo_notices":[],"_links":{"self":[{"href":"https:\/\/www.claret.cat\/es\/wp-json\/wp\/v2\/product\/199993","targetHints":{"allow":["GET"]}}],"collection":[{"href":"https:\/\/www.claret.cat\/es\/wp-json\/wp\/v2\/product"}],"about":[{"href":"https:\/\/www.claret.cat\/es\/wp-json\/wp\/v2\/types\/product"}],"wp:featuredmedia":[{"embeddable":true,"href":"https:\/\/www.claret.cat\/es\/wp-json\/wp\/v2\/media\/199994"}],"wp:attachment":[{"href":"https:\/\/www.claret.cat\/es\/wp-json\/wp\/v2\/media?parent=199993"}],"wp:term":[{"taxonomy":"product_brand","embeddable":true,"href":"https:\/\/www.claret.cat\/es\/wp-json\/wp\/v2\/product_brand?post=199993"},{"taxonomy":"product_cat","embeddable":true,"href":"https:\/\/www.claret.cat\/es\/wp-json\/wp\/v2\/product_cat?post=199993"},{"taxonomy":"product_tag","embeddable":true,"href":"https:\/\/www.claret.cat\/es\/wp-json\/wp\/v2\/product_tag?post=199993"}],"curies":[{"name":"wp","href":"https:\/\/api.w.org\/{rel}","templated":true}]}}