{"id":200002,"date":"2022-10-20T08:51:30","date_gmt":"2022-10-20T06:51:30","guid":{"rendered":"http:\/\/dev.claret.cat\/producte\/historias-magicas-de-princesas-te-cuento-me-cuentas-una-historia-disney\/"},"modified":"2023-01-28T15:48:15","modified_gmt":"2023-01-28T14:48:15","slug":"historias-magicas-de-princesas-te-cuento-me-cuentas-una-historia-disney-9788416931149","status":"publish","type":"product","link":"https:\/\/www.claret.cat\/es\/libro\/historias-magicas-de-princesas-te-cuento-me-cuentas-una-historia-disney-9788416931149\/","title":{"rendered":"HISTORIAS M\u00c1GICAS DE PRINCESAS (TE CUENTO, ME CUENTAS UNA HISTORIA DISNEY)"},"content":{"rendered":"<p>\u00bfTe cuento, me cuentas la historia de La Cenicienta, La Bella Durmiente o Blancanieves? El cuento para ir a dormir nunca hab\u00eda sido tan divertido, educativo  y participativo como con la colecci\u00f3n \u00abTe cuento, me cuentas\u00bb de Disney. Porque todo es mejor en compa\u00f1\u00eda, este libro te trae las historias de aventuras de La Cenicienta, La Bella Durmiente y Blancanieves m\u00e1s divertidas para leer a dos voces. \u00a1Hoy el cuento lo contamos juntos! \u00abTe cuento, me cuentas\u00bb es una colecci\u00f3n de historias Disney  expresamente pensada para que padres e hijos lean juntos a la hora del  cuento. El texto, adaptado para la lectura en voz alta, contiene en cada doble p\u00e1gina una frase especial para que la  lea el ni\u00f1o. De esta manera los m\u00e1s peque\u00f1os podr\u00e1n practicar la lectura sin perder la magia del cuento de buenas noches.<\/p>\n","protected":false},"excerpt":{"rendered":"<p>DISNEY<\/p>\n","protected":false},"featured_media":200003,"template":"","meta":{"_acf_changed":false,"om_disable_all_campaigns":false,"rs_blank_template":"","rs_page_bg_color":"","slide_template_v7":"","inline_featured_image":false,"_monsterinsights_skip_tracking":false,"_monsterinsights_sitenote_active":false,"_monsterinsights_sitenote_note":"","_monsterinsights_sitenote_category":0},"product_brand":[],"product_cat":[86],"product_tag":[],"class_list":{"0":"post-200002","1":"product","2":"type-product","3":"status-publish","4":"has-post-thumbnail","6":"product_cat-infantil","8":"first","9":"instock","10":"taxable","11":"shipping-taxable","12":"purchasable","13":"product-type-simple"},"acf":{"autor":"DISNEY","codart":"841693114","libros-coleccion":"SUSHI BOOKS","ediciones":"1","encuadernacion":"Carton\u00e9","fecha_de_publicacion":"01\/10\/2017","novedad":"1","paginas":"94","subtitulo":"LA CENICIENTA, LA BELLA DURMIENTE, BLANCANIEVES","orden":"0","portada":"0","idioma":"spa","editorial":[{"ID":6162,"post_author":"3","post_date":"2022-07-28 17:46:13","post_date_gmt":"2022-07-28 15:46:13","post_content":"","post_title":"CLIPER PLUS","post_excerpt":"","post_status":"publish","comment_status":"closed","ping_status":"closed","post_password":"","post_name":"cliper-plus","to_ping":"","pinged":"","post_modified":"2022-07-28 17:46:13","post_modified_gmt":"2022-07-28 15:46:13","post_content_filtered":"","post_parent":0,"guid":"http:\/\/dev.claret.cat\/editorial\/cliper-plus\/","menu_order":0,"post_type":"editorial","post_mime_type":"","comment_count":"0","filter":"raw"}],"autores-libros":[{"ID":5400,"post_author":"3","post_date":"2022-07-28 17:23:10","post_date_gmt":"2022-07-28 15:23:10","post_content":"","post_title":"DISNEY","post_excerpt":"","post_status":"publish","comment_status":"closed","ping_status":"closed","post_password":"","post_name":"disney","to_ping":"","pinged":"","post_modified":"2022-07-28 17:23:10","post_modified_gmt":"2022-07-28 15:23:10","post_content_filtered":"","post_parent":0,"guid":"http:\/\/dev.claret.cat\/autor\/disney\/","menu_order":0,"post_type":"autor","post_mime_type":"","comment_count":"0","filter":"raw"}]},"aioseo_notices":[],"_links":{"self":[{"href":"https:\/\/www.claret.cat\/es\/wp-json\/wp\/v2\/product\/200002","targetHints":{"allow":["GET"]}}],"collection":[{"href":"https:\/\/www.claret.cat\/es\/wp-json\/wp\/v2\/product"}],"about":[{"href":"https:\/\/www.claret.cat\/es\/wp-json\/wp\/v2\/types\/product"}],"wp:featuredmedia":[{"embeddable":true,"href":"https:\/\/www.claret.cat\/es\/wp-json\/wp\/v2\/media\/200003"}],"wp:attachment":[{"href":"https:\/\/www.claret.cat\/es\/wp-json\/wp\/v2\/media?parent=200002"}],"wp:term":[{"taxonomy":"product_brand","embeddable":true,"href":"https:\/\/www.claret.cat\/es\/wp-json\/wp\/v2\/product_brand?post=200002"},{"taxonomy":"product_cat","embeddable":true,"href":"https:\/\/www.claret.cat\/es\/wp-json\/wp\/v2\/product_cat?post=200002"},{"taxonomy":"product_tag","embeddable":true,"href":"https:\/\/www.claret.cat\/es\/wp-json\/wp\/v2\/product_tag?post=200002"}],"curies":[{"name":"wp","href":"https:\/\/api.w.org\/{rel}","templated":true}]}}