{"id":200089,"date":"2022-10-20T08:53:04","date_gmt":"2022-10-20T06:53:04","guid":{"rendered":"http:\/\/dev.claret.cat\/producte\/ana-de-las-tejas-verdes-2-una-amistad-para-siempre\/"},"modified":"2025-04-07T12:49:13","modified_gmt":"2025-04-07T10:49:13","slug":"ana-de-las-tejas-verdes-2-una-amistad-para-siempre-9788427211902","status":"publish","type":"product","link":"https:\/\/www.claret.cat\/es\/libro\/ana-de-las-tejas-verdes-2-una-amistad-para-siempre-9788427211902\/","title":{"rendered":"ANA DE LAS TEJAS VERDES 2. UNA AMISTAD PARA SIEMPRE"},"content":{"rendered":"<p>Parece que fue ayer cuando la so\u00f1adora Ana Shirley lleg\u00f3 a Avonlea para revolucionar la vida del peque\u00f1o pueblo. Hay cosas que no cambian, como la facilidad de Ana para meterse en l\u00edos o su amistad con Diana. Pero la indomable pelirroja se hace mayor y su mundo est\u00e1 a punto de cambiar con ella.<\/p>\n","protected":false},"excerpt":{"rendered":"<p>MONTGOMERY , LUCY MAUD<\/p>\n","protected":false},"featured_media":1008349,"template":"","meta":{"_acf_changed":false,"om_disable_all_campaigns":false,"rs_blank_template":"","rs_page_bg_color":"","slide_template_v7":"","inline_featured_image":false,"_monsterinsights_skip_tracking":false,"_monsterinsights_sitenote_active":false,"_monsterinsights_sitenote_note":"","_monsterinsights_sitenote_category":0},"product_brand":[],"product_cat":[86,352],"product_tag":[],"class_list":{"0":"post-200089","1":"product","2":"type-product","3":"status-publish","4":"has-post-thumbnail","6":"product_cat-infantil","7":"product_cat-infantil-3_infantil-juvenil-spa","9":"first","10":"outofstock","11":"taxable","12":"shipping-taxable","13":"purchasable","14":"product-type-simple"},"acf":{"autor":"MONTGOMERY , LUCY MAUD","codart":"842721190","libros-coleccion":"SUSHI BOOKS","ediciones":"1","encuadernacion":"Carton\u00e9","fecha_de_publicacion":"01\/10\/2017","novedad":"1","paginas":"233","subtitulo":"","orden":"0","portada":"0","idioma":"spa","editorial":[{"ID":6346,"post_author":"3","post_date":"2022-07-28 17:50:13","post_date_gmt":"2022-07-28 15:50:13","post_content":"","post_title":"RBA Molino","post_excerpt":"","post_status":"publish","comment_status":"closed","ping_status":"closed","post_password":"","post_name":"rba-molino","to_ping":"","pinged":"","post_modified":"2022-07-28 17:50:13","post_modified_gmt":"2022-07-28 15:50:13","post_content_filtered":"","post_parent":0,"guid":"http:\/\/dev.claret.cat\/editorial\/rba-molino\/","menu_order":0,"post_type":"editorial","post_mime_type":"","comment_count":"0","filter":"raw"}],"autores-libros":[{"ID":162631,"post_author":"3","post_date":"2022-10-14 17:32:33","post_date_gmt":"2022-10-14 15:32:33","post_content":"","post_title":"LUCY MAUD MONTGOMERY","post_excerpt":"","post_status":"publish","comment_status":"closed","ping_status":"closed","post_password":"","post_name":"lucy-maud-montgomery","to_ping":"","pinged":"","post_modified":"2022-10-14 17:32:33","post_modified_gmt":"2022-10-14 15:32:33","post_content_filtered":"","post_parent":0,"guid":"http:\/\/dev.claret.cat\/autor\/lucy-maud-montgomery\/","menu_order":0,"post_type":"autor","post_mime_type":"","comment_count":"0","filter":"raw"}]},"aioseo_notices":[],"_links":{"self":[{"href":"https:\/\/www.claret.cat\/es\/wp-json\/wp\/v2\/product\/200089","targetHints":{"allow":["GET"]}}],"collection":[{"href":"https:\/\/www.claret.cat\/es\/wp-json\/wp\/v2\/product"}],"about":[{"href":"https:\/\/www.claret.cat\/es\/wp-json\/wp\/v2\/types\/product"}],"wp:featuredmedia":[{"embeddable":true,"href":"https:\/\/www.claret.cat\/es\/wp-json\/wp\/v2\/media\/1008349"}],"wp:attachment":[{"href":"https:\/\/www.claret.cat\/es\/wp-json\/wp\/v2\/media?parent=200089"}],"wp:term":[{"taxonomy":"product_brand","embeddable":true,"href":"https:\/\/www.claret.cat\/es\/wp-json\/wp\/v2\/product_brand?post=200089"},{"taxonomy":"product_cat","embeddable":true,"href":"https:\/\/www.claret.cat\/es\/wp-json\/wp\/v2\/product_cat?post=200089"},{"taxonomy":"product_tag","embeddable":true,"href":"https:\/\/www.claret.cat\/es\/wp-json\/wp\/v2\/product_tag?post=200089"}],"curies":[{"name":"wp","href":"https:\/\/api.w.org\/{rel}","templated":true}]}}