{"id":200335,"date":"2022-10-20T08:57:29","date_gmt":"2022-10-20T06:57:29","guid":{"rendered":"http:\/\/dev.claret.cat\/producte\/t-agrada-ballar\/"},"modified":"2023-01-28T23:47:30","modified_gmt":"2023-01-28T22:47:30","slug":"t-agrada-ballar-9788448942830","status":"publish","type":"product","link":"https:\/\/www.claret.cat\/es\/libro\/t-agrada-ballar-9788448942830\/","title":{"rendered":"T &#8216; AGRADA BALLAR?"},"content":{"rendered":"<p>Un grup de noies s&#8217;ajunten per participar en competicions de ball urb\u00e0. El seu somni \u00e9s inscriure&#8217;s en l&#8217;European Best Dance Crew, la competici\u00f3 m\u00e9s important d&#8217;Europa, per\u00f2, per poder-s&#8217;hi presentar, necessiten una cinquena integrant. Sembla que alg\u00fa s&#8217;ha proposat que no ho aconsegueixin! Qui \u00e9s la persona que saboteja els cartells que han fet per al c\u00e0sting? Aconseguiran formar el grup a temps per participar en la competici\u00f3?<\/p>\n","protected":false},"excerpt":{"rendered":"<p>PEIX, SUSANA<\/p>\n","protected":false},"featured_media":200336,"template":"","meta":{"_acf_changed":false,"om_disable_all_campaigns":false,"rs_blank_template":"","rs_page_bg_color":"","slide_template_v7":"","inline_featured_image":false,"_monsterinsights_skip_tracking":false,"_monsterinsights_sitenote_active":false,"_monsterinsights_sitenote_note":"","_monsterinsights_sitenote_category":0},"product_brand":[],"product_cat":[86],"product_tag":[],"class_list":{"0":"post-200335","1":"product","2":"type-product","3":"status-publish","4":"has-post-thumbnail","6":"product_cat-infantil","8":"first","9":"instock","10":"taxable","11":"shipping-taxable","12":"purchasable","13":"product-type-simple"},"acf":{"autor":"PEIX, SUSANA","codart":"844894283","libros-coleccion":"Llibres Infantils I Juvenils - Diversos","ediciones":"1","encuadernacion":"Carton\u00e9","fecha_de_publicacion":"01\/10\/2017","novedad":"1","paginas":"159","subtitulo":"","orden":"0","portada":"0","idioma":"cat","editorial":[{"ID":147525,"post_author":"3","post_date":"2022-10-14 11:51:14","post_date_gmt":"2022-10-14 09:51:14","post_content":"","post_title":"BARCANOVA","post_excerpt":"","post_status":"publish","comment_status":"closed","ping_status":"closed","post_password":"","post_name":"barcanova","to_ping":"","pinged":"","post_modified":"2022-10-14 11:51:14","post_modified_gmt":"2022-10-14 09:51:14","post_content_filtered":"","post_parent":0,"guid":"http:\/\/dev.claret.cat\/editorial\/barcanova\/","menu_order":0,"post_type":"editorial","post_mime_type":"","comment_count":"0","filter":"raw"}],"autores-libros":[{"ID":169952,"post_author":"3","post_date":"2022-10-14 22:31:20","post_date_gmt":"2022-10-14 20:31:20","post_content":"","post_title":"SUSANA PEIX","post_excerpt":"","post_status":"publish","comment_status":"closed","ping_status":"closed","post_password":"","post_name":"susana-peix","to_ping":"","pinged":"","post_modified":"2022-10-14 22:31:20","post_modified_gmt":"2022-10-14 20:31:20","post_content_filtered":"","post_parent":0,"guid":"http:\/\/dev.claret.cat\/autor\/susana-peix\/","menu_order":0,"post_type":"autor","post_mime_type":"","comment_count":"0","filter":"raw"}]},"aioseo_notices":[],"_links":{"self":[{"href":"https:\/\/www.claret.cat\/es\/wp-json\/wp\/v2\/product\/200335","targetHints":{"allow":["GET"]}}],"collection":[{"href":"https:\/\/www.claret.cat\/es\/wp-json\/wp\/v2\/product"}],"about":[{"href":"https:\/\/www.claret.cat\/es\/wp-json\/wp\/v2\/types\/product"}],"wp:featuredmedia":[{"embeddable":true,"href":"https:\/\/www.claret.cat\/es\/wp-json\/wp\/v2\/media\/200336"}],"wp:attachment":[{"href":"https:\/\/www.claret.cat\/es\/wp-json\/wp\/v2\/media?parent=200335"}],"wp:term":[{"taxonomy":"product_brand","embeddable":true,"href":"https:\/\/www.claret.cat\/es\/wp-json\/wp\/v2\/product_brand?post=200335"},{"taxonomy":"product_cat","embeddable":true,"href":"https:\/\/www.claret.cat\/es\/wp-json\/wp\/v2\/product_cat?post=200335"},{"taxonomy":"product_tag","embeddable":true,"href":"https:\/\/www.claret.cat\/es\/wp-json\/wp\/v2\/product_tag?post=200335"}],"curies":[{"name":"wp","href":"https:\/\/api.w.org\/{rel}","templated":true}]}}