{"id":200338,"date":"2022-10-20T08:57:32","date_gmt":"2022-10-20T06:57:32","guid":{"rendered":"http:\/\/dev.claret.cat\/producte\/dance-world-cup\/"},"modified":"2023-01-28T02:58:21","modified_gmt":"2023-01-28T01:58:21","slug":"dance-world-cup-9788448942847","status":"publish","type":"product","link":"https:\/\/www.claret.cat\/es\/libro\/dance-world-cup-9788448942847\/","title":{"rendered":"DANCE WORLD CUP"},"content":{"rendered":"<p>Els cinc integrants del grup de ball DBQ s&#8217;enfronten a la prova de foc: la Dance World Cup, una competici\u00f3 on hauran de demostrar la seva v\u00e0lua&#8230; o rendir-se. Trobar-se per assajar no \u00e9s f\u00e0cil i, a m\u00e9s a m\u00e9s, sempre hi ha alg\u00fa disposat a desbaratar els seus plans. Els BDQ arribaran a temps per a la s\u00faper cita de la competici\u00f3?<\/p>\n","protected":false},"excerpt":{"rendered":"<p>PEIX, SUSANA<\/p>\n","protected":false},"featured_media":200339,"template":"","meta":{"_acf_changed":false,"om_disable_all_campaigns":false,"rs_blank_template":"","rs_page_bg_color":"","slide_template_v7":"","inline_featured_image":false,"_monsterinsights_skip_tracking":false,"_monsterinsights_sitenote_active":false,"_monsterinsights_sitenote_note":"","_monsterinsights_sitenote_category":0},"product_brand":[],"product_cat":[86],"product_tag":[],"class_list":{"0":"post-200338","1":"product","2":"type-product","3":"status-publish","4":"has-post-thumbnail","6":"product_cat-infantil","8":"first","9":"instock","10":"taxable","11":"shipping-taxable","12":"purchasable","13":"product-type-simple"},"acf":{"autor":"PEIX, SUSANA","codart":"844894284","libros-coleccion":"Llibres Infantils I Juvenils - Diversos","ediciones":"1","encuadernacion":"Carton\u00e9","fecha_de_publicacion":"01\/10\/2017","novedad":"1","paginas":"163","subtitulo":"","orden":"0","portada":"0","idioma":"cat","editorial":[{"ID":147525,"post_author":"3","post_date":"2022-10-14 11:51:14","post_date_gmt":"2022-10-14 09:51:14","post_content":"","post_title":"BARCANOVA","post_excerpt":"","post_status":"publish","comment_status":"closed","ping_status":"closed","post_password":"","post_name":"barcanova","to_ping":"","pinged":"","post_modified":"2022-10-14 11:51:14","post_modified_gmt":"2022-10-14 09:51:14","post_content_filtered":"","post_parent":0,"guid":"http:\/\/dev.claret.cat\/editorial\/barcanova\/","menu_order":0,"post_type":"editorial","post_mime_type":"","comment_count":"0","filter":"raw"}],"autores-libros":[{"ID":169952,"post_author":"3","post_date":"2022-10-14 22:31:20","post_date_gmt":"2022-10-14 20:31:20","post_content":"","post_title":"SUSANA PEIX","post_excerpt":"","post_status":"publish","comment_status":"closed","ping_status":"closed","post_password":"","post_name":"susana-peix","to_ping":"","pinged":"","post_modified":"2022-10-14 22:31:20","post_modified_gmt":"2022-10-14 20:31:20","post_content_filtered":"","post_parent":0,"guid":"http:\/\/dev.claret.cat\/autor\/susana-peix\/","menu_order":0,"post_type":"autor","post_mime_type":"","comment_count":"0","filter":"raw"}]},"aioseo_notices":[],"_links":{"self":[{"href":"https:\/\/www.claret.cat\/es\/wp-json\/wp\/v2\/product\/200338","targetHints":{"allow":["GET"]}}],"collection":[{"href":"https:\/\/www.claret.cat\/es\/wp-json\/wp\/v2\/product"}],"about":[{"href":"https:\/\/www.claret.cat\/es\/wp-json\/wp\/v2\/types\/product"}],"wp:featuredmedia":[{"embeddable":true,"href":"https:\/\/www.claret.cat\/es\/wp-json\/wp\/v2\/media\/200339"}],"wp:attachment":[{"href":"https:\/\/www.claret.cat\/es\/wp-json\/wp\/v2\/media?parent=200338"}],"wp:term":[{"taxonomy":"product_brand","embeddable":true,"href":"https:\/\/www.claret.cat\/es\/wp-json\/wp\/v2\/product_brand?post=200338"},{"taxonomy":"product_cat","embeddable":true,"href":"https:\/\/www.claret.cat\/es\/wp-json\/wp\/v2\/product_cat?post=200338"},{"taxonomy":"product_tag","embeddable":true,"href":"https:\/\/www.claret.cat\/es\/wp-json\/wp\/v2\/product_tag?post=200338"}],"curies":[{"name":"wp","href":"https:\/\/api.w.org\/{rel}","templated":true}]}}