{"id":200608,"date":"2022-10-20T09:02:14","date_gmt":"2022-10-20T07:02:14","guid":{"rendered":"http:\/\/dev.claret.cat\/producte\/paraisos-oceanicos\/"},"modified":"2025-01-31T23:56:45","modified_gmt":"2025-01-31T22:56:45","slug":"paraisos-oceanicos-9788416738328","status":"publish","type":"product","link":"https:\/\/www.claret.cat\/es\/libro\/paraisos-oceanicos-9788416738328\/","title":{"rendered":"PARA\u00cdSOS OCE\u00c1NICOS"},"content":{"rendered":"<p>Aurora Bertrana, con sus palabras, redujo el mundo. La Polinesia era un lugar remoto, perdido, inimaginable hasta que ella estuvo all\u00ed. Hasta que esta periodista zarp\u00f3 hacia Papeete y empez\u00f3 a enviar sus cr\u00f3nicas desde Ocean\u00eda hacia Espa\u00f1a. Fue a finales de la d\u00e9cada de 1920. Bertrana, con treinta y cuatro a\u00f1os, lleg\u00f3 a aquel lugar ex\u00f3tico, absolutamente desconocido, y durante tres a\u00f1os se dedic\u00f3 a describir su naturaleza y escribir sobre sus gentes. Hablaba sobre todo de las mujeres, de los matrimonios forzosos, de la maternidad sin contratos, de la sexualidad liberada. Bertrana viajaba porque buscaba y hu\u00eda a la vez. Desde ni\u00f1a le\u00eda a escondidas en la biblioteca de su abuelo porque su pueblo se le qued\u00f3 peque\u00f1o. Escapaba de una vida que su madre intent\u00f3 confeccionar para ella cuando la ense\u00f1\u00f3 a coser, bordar y hacer puntillas para convertirla en una se\u00f1orita digna.<\/p>\n","protected":false},"excerpt":{"rendered":"<p>AURORA BERTRANA<\/p>\n","protected":false},"featured_media":200609,"template":"","meta":{"_acf_changed":false,"om_disable_all_campaigns":false,"rs_blank_template":"","rs_page_bg_color":"","slide_template_v7":"","inline_featured_image":false,"_monsterinsights_skip_tracking":false,"_monsterinsights_sitenote_active":false,"_monsterinsights_sitenote_note":"","_monsterinsights_sitenote_category":0},"product_brand":[],"product_cat":[87,353],"product_tag":[],"class_list":{"0":"post-200608","1":"product","2":"type-product","3":"status-publish","4":"has-post-thumbnail","6":"product_cat-literatura","7":"product_cat-literatura-2_humanidades","9":"first","10":"instock","11":"taxable","12":"shipping-taxable","13":"purchasable","14":"product-type-simple"},"acf":{"autor":"AURORA BERTRANA","codart":"841673832","libros-coleccion":"FORA DE COL.LECCI\u00d3","ediciones":"1","encuadernacion":"R\u00fastica","fecha_de_publicacion":"01\/10\/2017","novedad":"1","paginas":"299","subtitulo":"","orden":"0","portada":"0","idioma":"spa","editorial":[{"ID":6345,"post_author":"3","post_date":"2022-07-28 17:50:12","post_date_gmt":"2022-07-28 15:50:12","post_content":"","post_title":"Rata","post_excerpt":"","post_status":"publish","comment_status":"closed","ping_status":"closed","post_password":"","post_name":"rata","to_ping":"","pinged":"","post_modified":"2022-07-28 17:50:12","post_modified_gmt":"2022-07-28 15:50:12","post_content_filtered":"","post_parent":0,"guid":"http:\/\/dev.claret.cat\/editorial\/rata\/","menu_order":0,"post_type":"editorial","post_mime_type":"","comment_count":"0","filter":"raw"}],"autores-libros":[{"ID":420605,"post_author":"3","post_date":"2023-05-16 00:54:11","post_date_gmt":"2023-05-15 22:54:11","post_content":"","post_title":"AURORA BERTRANA","post_excerpt":"","post_status":"publish","comment_status":"closed","ping_status":"closed","post_password":"","post_name":"aurora-bertrana-2","to_ping":"","pinged":"","post_modified":"2023-05-16 00:54:11","post_modified_gmt":"2023-05-15 22:54:11","post_content_filtered":"","post_parent":0,"guid":"https:\/\/www.claret.cat\/autor\/aurora-bertrana-2\/","menu_order":0,"post_type":"autor","post_mime_type":"","comment_count":"0","filter":"raw"}]},"aioseo_notices":[],"_links":{"self":[{"href":"https:\/\/www.claret.cat\/es\/wp-json\/wp\/v2\/product\/200608","targetHints":{"allow":["GET"]}}],"collection":[{"href":"https:\/\/www.claret.cat\/es\/wp-json\/wp\/v2\/product"}],"about":[{"href":"https:\/\/www.claret.cat\/es\/wp-json\/wp\/v2\/types\/product"}],"wp:featuredmedia":[{"embeddable":true,"href":"https:\/\/www.claret.cat\/es\/wp-json\/wp\/v2\/media\/200609"}],"wp:attachment":[{"href":"https:\/\/www.claret.cat\/es\/wp-json\/wp\/v2\/media?parent=200608"}],"wp:term":[{"taxonomy":"product_brand","embeddable":true,"href":"https:\/\/www.claret.cat\/es\/wp-json\/wp\/v2\/product_brand?post=200608"},{"taxonomy":"product_cat","embeddable":true,"href":"https:\/\/www.claret.cat\/es\/wp-json\/wp\/v2\/product_cat?post=200608"},{"taxonomy":"product_tag","embeddable":true,"href":"https:\/\/www.claret.cat\/es\/wp-json\/wp\/v2\/product_tag?post=200608"}],"curies":[{"name":"wp","href":"https:\/\/api.w.org\/{rel}","templated":true}]}}